{"id":17616,"date":"2026-04-20T03:05:32","date_gmt":"2026-04-20T00:05:32","guid":{"rendered":"https:\/\/kasskoer.ee\/product\/tropical-welsi-gran-kalatoit-65g-100ml\/"},"modified":"2026-04-20T03:05:33","modified_gmt":"2026-04-20T00:05:33","slug":"tropical-welsi-gran-kalatoit-65g-100ml","status":"publish","type":"product","link":"https:\/\/kasskoer.ee\/en\/toode\/tropical-welsi-gran-kalatoit-65g-100ml\/","title":{"rendered":"Tropical Welsi Gran kalatoit 65g \/ 100ml"},"content":{"rendered":"<p><b>Welsi Gran on mitmekomponentne p\u00f5hja vajuv graanuli kujul t\u00e4istoit, mis on m\u00f5eldud igap\u00e4evaseks toitmiseks k\u00f5iges\u00f6\u00f6jatele ja r\u00f6\u00f6vkalaliikidele, kes toituvad akvaariumi p\u00f5hjas.<\/b><br \/>&#13;<\/p>\n<li>Sisaldab t\u00e4iuslikult tasakaalustatud taimse ja loomse p\u00e4ritoluga koostisosi, mis rahuldavad kalade k\u00f5ik toitumisvajadused, soodustades nende kasvu ja arengut.<\/li>\n<p>&#13;<\/p>\n<li>Hoolikalt valitud vitamiinid ja mikroelemendid tagavad suurep\u00e4rase konditsiooni ja suurendavad kalade immuunsust.<\/li>\n<p>&#13;<br \/>\n<br \/>&#13;<br \/>\n<b>Koostis<\/b><br \/>&#13;<br \/>\nKala ja kalasaadused, taimset p\u00e4ritolu derivaadid, taimse valgu ekstraktid, molluskid ja koorikloomad, teraviljad, vetikad, p\u00e4rm, \u00f5lid ja rasvad, mineraalid (sh tseoliit 1%).<br \/>&#13;<br \/>\n<br \/>&#13;<br \/>\n<b>Anal\u00fc\u00fctilised koostisosad<\/b><br \/>&#13;<br \/>\nToorvalk 45,0%, toor\u00f5lid ja -rasvad 8,0%, toorkiud 3,2%, niiskus 10,0%.<br \/>&#13;<br \/>\n<br \/>&#13;<br \/>\n<b>S\u00f6\u00f6dalisandid (kg kohta)<\/b><br \/>&#13;<br \/>\nVitamiinid, provitamiinid ja sarnase toimega keemiliselt m\u00e4\u00e4ratletud ained: vitamiin A 24 000 R\u00dc, vitamiin D3 1 800 R\u00dc, vitamiin E 80 mg, vitamiin C 290 mg. Mikroelementide \u00fchendid: raud (Fe, E1) 27,0 mg, tsink (Zn, E6) 7,5 mg, mangaan (Mn, E5) 5,6 mg, vask (Cu, E4) 1,3 mg, jood (I, E2) 0,16 mg, seleen (Se, E8) 0,16 mg, mol\u00fcbdeen (Mo, E7) 0,04 mg. Letsitiin. V\u00e4rvained. Antioks\u00fcdandid.<\/p>\n","protected":false},"excerpt":{"rendered":"<p>Mitmekomponentne toit p\u00f5hjas toituvatele akvaariumikaladele.<\/p>\n","protected":false},"featured_media":17617,"template":"","meta":[],"product_cat":[2973,3079,693],"product_tag":[],"class_list":{"0":"post-17616","1":"product","2":"type-product","3":"status-publish","4":"has-post-thumbnail","6":"product_cat-kalatoit","7":"product_cat-kalad","8":"product_cat-muud-loomad","9":"pa_brand-tropical","10":"pa_ean-2993","11":"pa_kaal-0-065","12":"pa_tootjariik-euroopa-liit","14":"first","15":"outofstock","16":"taxable","17":"shipping-taxable","18":"purchasable","19":"product-type-simple"},"_links":{"self":[{"href":"https:\/\/kasskoer.ee\/en\/wp-json\/wp\/v2\/product\/17616","targetHints":{"allow":["GET"]}}],"collection":[{"href":"https:\/\/kasskoer.ee\/en\/wp-json\/wp\/v2\/product"}],"about":[{"href":"https:\/\/kasskoer.ee\/en\/wp-json\/wp\/v2\/types\/product"}],"wp:featuredmedia":[{"embeddable":true,"href":"https:\/\/kasskoer.ee\/en\/wp-json\/wp\/v2\/media\/17617"}],"wp:attachment":[{"href":"https:\/\/kasskoer.ee\/en\/wp-json\/wp\/v2\/media?parent=17616"}],"wp:term":[{"taxonomy":"product_cat","embeddable":true,"href":"https:\/\/kasskoer.ee\/en\/wp-json\/wp\/v2\/product_cat?post=17616"},{"taxonomy":"product_tag","embeddable":true,"href":"https:\/\/kasskoer.ee\/en\/wp-json\/wp\/v2\/product_tag?post=17616"}],"curies":[{"name":"wp","href":"https:\/\/api.w.org\/{rel}","templated":true}]}}