{"id":17625,"date":"2026-04-20T03:05:32","date_gmt":"2026-04-20T00:05:32","guid":{"rendered":"https:\/\/kasskoer.ee\/product\/tropifit-all-in-1-taissoot-taiskasvanud-janestele-175kg\/"},"modified":"2026-04-20T03:05:32","modified_gmt":"2026-04-20T00:05:32","slug":"tropifit-all-in-1-taissoot-taiskasvanud-janestele-175kg","status":"publish","type":"product","link":"https:\/\/kasskoer.ee\/en\/toode\/tropifit-all-in-1-taissoot-taiskasvanud-janestele-175kg\/","title":{"rendered":"Tropifit All in 1 t\u00e4iss\u00f6\u00f6t t\u00e4iskasvanud j\u00e4nestele 1,75kg"},"content":{"rendered":"<p><b>Tropifit All in 1 t\u00e4iss\u00f6\u00f6t t\u00e4iskasvanud j\u00e4nestele.<\/b>&#13;<br \/>\n<br \/>&#13;<\/p>\n<li>Rikkalikult heintaimi ja \u00fcrte (n\u00f5ges, v\u00f5ilill, teeleht, piparm\u00fcnt, kummel) ning lisatud saialille\u00f5isi.<\/li>\n<p>&#13;<\/p>\n<li>\u00dchtlane koostis tagab tasakaalustatud toitumise igas suut\u00e4ies ja v\u00e4ldib valikulit toitumist.<\/li>\n<p>&#13;<\/p>\n<li>Sisaldab piisaval tasemel kiudaineid ja valke t\u00e4iskasvanud k\u00fc\u00fclikute \u00f5ige toitumise tagamiseks.<\/li>\n<p>&#13;<\/p>\n<li>Sisaldab arooniamarju, mis on vitamiinide, flavonoidide ja teiste antioks\u00fcdantide allikaks.<\/li>\n<p>&#13;<\/p>\n<li>Ps\u00fclliumiseemnete lisamine aitab v\u00e4ltida k\u00f5hukinnisust ja karvapallide teket seedetraktis.<\/li>\n<p>&#13;<\/p>\n<li>Tammekoor on tanniinide ja humiinainete rikkalik allikas, mis on tuntud oma p\u00f5letikuvastaste omaduste poolest.<\/li>\n<p>&#13;<\/p>\n<li>Spirulina on t\u00e4isv\u00e4\u00e4rtuslik valguallikas, mis sisaldab k\u00f5iki vajalikke aminohappeid, k\u00fcllastumata rasvhappeid, vitamiine, mineraale ja f\u00fctotoitaineid.<\/li>\n<p>&#13;<\/p>\n<li>Prebiootikumid (sigurijuurest saadud inuliin, mannan- ja fruktooligosahhariidid) toetavad tervislikku seedetrakti mikrofloorat.<\/li>\n<p>&#13;<\/p>\n<li>Maarjaohakas soodustab seedimist ja toetab maksa t\u00f6\u00f6d.<\/li>\n<p>&#13;<\/p>\n<li>Linaseemnete lisamine aitab kaasa tervislikule ja l\u00e4ikivale karvale.<\/li>\n<p>&#13;<\/p>\n<li>Kurkum t\u00f5stab immuunsust, parandab s\u00f6\u00f6giisu ja seeduvust.<\/li>\n<p>&#13;<\/p>\n<li>Pruunvetikas on joodi, makrotoitainete ja mikroelementide allikas.<\/li>\n<p>&#13;<\/p>\n<li>Yucca Schidigera ekstrakt v\u00e4hendab v\u00e4ljaheidete ebameeldivat l\u00f5hna.<\/li>\n<p>&#13;<\/p>\n<li>Toidu struktuur, \u00f5ige kaltsiumi\/fosfori suhe ning pikad kiudained toetavad hammaste tervist.<\/li>\n<p>&#13;<br \/>\n<br \/>&#13;<br \/>\n<b>Koostis<\/b><br \/>&#13;<br \/>\nTaimset p\u00e4ritolu saadused (kuivatatud: heintaimed 16%, timutihein 16%, lutsern, piparm\u00fcnt, kummel, n\u00f5ges, kitsa lehega teeleht, v\u00f5ilill, kurkum 1,2%, saialille\u00f5is 1%, tammekoor 1%, yucca schidigera ekstrakt 0,01%), k\u00f6\u00f6giviljad (kuivatatud: peet, petersellijuur, maapirn 2%, sigurijuur 1%), seemned (linaseemned 2%, maarjaohakas 1%, ps\u00fcllium), vetikad (Spirulina platensis, pruunvetikas Ascophyllum nodosum 1%), puuviljad (kuivatatud arooniamari), mineraalid, fruktooligosahhariidid (FOS) 0,3%, mannan-oligosahhariidid (MOS) 0,1%.<br \/>&#13;<br \/>\n<br \/>&#13;<br \/>\n<b>Anal\u00fc\u00fctilised koostisosad<\/b><br \/>&#13;<br \/>\nToorvalk 13,0%, toorrasv 2,5%, toorkiud 19,5%, niiskus 8,0%, kaltsium 0,9%, fosfor 0,4%.<br \/>&#13;<br \/>\n<br \/>&#13;<br \/>\n<b>S\u00f6\u00f6dalisandid<\/b><br \/>&#13;<br \/>\nToitainelised lisandid: Vitamiinid: A-vitamiin 15 000 IU, D3-vitamiin 800 IU, E-vitamiin 150 mg, C-vitamiin 100 mg.&#13;<br \/>\nMikroelemendid: raud (raud(II) sulfaadi monoh\u00fcdraat) 200,0 mg, tsink (tsinkoksiid) 100,0 mg, mangaan (mangaan(II) oksiid) 40,0 mg, vask (vask(II) sulfaadi pentah\u00fcdraat) 12,0 mg, jood (kaetud granuleeritud kaltsiumjodaadi anh\u00fcdraat) 0,9 mg, seleen (kaetud granuleeritud naatriumseleniit) 0,1 mg.<br \/>&#13;<br \/>\n<br \/>&#13;<br \/>\n<b>S\u00f6\u00f6tmisjuhend<\/b><br \/>&#13;<br \/>\nP\u00e4evane toidukogus: 35-45 g. Need kogused on ligikaudsed ja s\u00f5ltuvad looma vanusest, kaalust, t\u00f5ust, soost, tervisest ja elutingimustest. Tagage alati ligip\u00e4\u00e4s v\u00e4rskele veele ja heinale.<\/p>\n","protected":false},"excerpt":{"rendered":"<p>Tropifit teraviljavaba toit t\u00e4iskasvanud j\u00e4nestele.<\/p>\n","protected":false},"featured_media":17626,"template":"","meta":[],"product_cat":[693,3078,52],"product_tag":[],"class_list":{"0":"post-17625","1":"product","2":"type-product","3":"status-publish","4":"has-post-thumbnail","6":"product_cat-muud-loomad","7":"product_cat-narilised","8":"product_cat-nariliste-toit","9":"pa_brand-tropifit","10":"pa_ean-2996","11":"pa_kaal-1-750","12":"pa_tootjariik-euroopa-liit","14":"first","15":"instock","16":"taxable","17":"shipping-taxable","18":"purchasable","19":"product-type-simple"},"_links":{"self":[{"href":"https:\/\/kasskoer.ee\/en\/wp-json\/wp\/v2\/product\/17625","targetHints":{"allow":["GET"]}}],"collection":[{"href":"https:\/\/kasskoer.ee\/en\/wp-json\/wp\/v2\/product"}],"about":[{"href":"https:\/\/kasskoer.ee\/en\/wp-json\/wp\/v2\/types\/product"}],"wp:featuredmedia":[{"embeddable":true,"href":"https:\/\/kasskoer.ee\/en\/wp-json\/wp\/v2\/media\/17626"}],"wp:attachment":[{"href":"https:\/\/kasskoer.ee\/en\/wp-json\/wp\/v2\/media?parent=17625"}],"wp:term":[{"taxonomy":"product_cat","embeddable":true,"href":"https:\/\/kasskoer.ee\/en\/wp-json\/wp\/v2\/product_cat?post=17625"},{"taxonomy":"product_tag","embeddable":true,"href":"https:\/\/kasskoer.ee\/en\/wp-json\/wp\/v2\/product_tag?post=17625"}],"curies":[{"name":"wp","href":"https:\/\/api.w.org\/{rel}","templated":true}]}}