{"id":17631,"date":"2026-04-20T03:05:22","date_gmt":"2026-04-20T00:05:22","guid":{"rendered":"https:\/\/kasskoer.ee\/product\/cazo-oval-bed-reda-pruun-pesa-koertele-105x140x17cm\/"},"modified":"2026-04-20T03:05:23","modified_gmt":"2026-04-20T00:05:23","slug":"cazo-oval-bed-reda-pruun-pesa-koertele-105x140x17cm","status":"publish","type":"product","link":"https:\/\/kasskoer.ee\/en\/toode\/cazo-oval-bed-reda-pruun-pesa-koertele-105x140x17cm\/","title":{"rendered":"Cazo Oval Bed Reda pruun pesa koertele 105x140x17cm"},"content":{"rendered":"<li>Struktureeritud kangas annab pesale unikaalse v\u00e4limuse ning sobitub igasse interj\u00f6\u00f6ri.<\/li>\n<p>&#13;<\/p>\n<li>Valmistatud vett h\u00fclgavast materjalist, muutes puhtuse hoidmise lihtsamaks.<\/li>\n<p>&#13;<\/p>\n<li>Pesa kate on v\u00e4ga vastupidav ja lihtsasti eemaldatav, mida v\u00f5ib pesumasinas pesta. Lihtne hooldus aitab hoida pesa kogu aeg puhtana.<\/li>\n<p>&#13;<br \/>\n<br \/>&#13;<br \/>\nPesa suurus: 140x105x17cm.<\/p>\n","protected":false},"excerpt":{"rendered":"<p>Cazo Reda kollektsiooni kuuluv pruuni v\u00e4rvi pesa koertele.<\/p>\n","protected":false},"featured_media":17632,"template":"","meta":[],"product_cat":[692,456],"product_tag":[],"class_list":{"0":"post-17631","1":"product","2":"type-product","3":"status-publish","4":"has-post-thumbnail","6":"product_cat-lemmikutele-lisaks","7":"product_cat-pesad-ja-asemed","8":"pa_brand-cazo","9":"pa_ean-2999","10":"pa_kaal-3-000","11":"pa_tootjariik-poola","13":"first","14":"instock","15":"taxable","16":"shipping-taxable","17":"purchasable","18":"product-type-simple"},"_links":{"self":[{"href":"https:\/\/kasskoer.ee\/en\/wp-json\/wp\/v2\/product\/17631","targetHints":{"allow":["GET"]}}],"collection":[{"href":"https:\/\/kasskoer.ee\/en\/wp-json\/wp\/v2\/product"}],"about":[{"href":"https:\/\/kasskoer.ee\/en\/wp-json\/wp\/v2\/types\/product"}],"wp:featuredmedia":[{"embeddable":true,"href":"https:\/\/kasskoer.ee\/en\/wp-json\/wp\/v2\/media\/17632"}],"wp:attachment":[{"href":"https:\/\/kasskoer.ee\/en\/wp-json\/wp\/v2\/media?parent=17631"}],"wp:term":[{"taxonomy":"product_cat","embeddable":true,"href":"https:\/\/kasskoer.ee\/en\/wp-json\/wp\/v2\/product_cat?post=17631"},{"taxonomy":"product_tag","embeddable":true,"href":"https:\/\/kasskoer.ee\/en\/wp-json\/wp\/v2\/product_tag?post=17631"}],"curies":[{"name":"wp","href":"https:\/\/api.w.org\/{rel}","templated":true}]}}