{"id":17653,"date":"2026-04-20T03:05:20","date_gmt":"2026-04-20T00:05:20","guid":{"rendered":"https:\/\/kasskoer.ee\/product\/brit-vitamins-calm-toidulisand-koertele-150g\/"},"modified":"2026-04-20T03:05:20","modified_gmt":"2026-04-20T00:05:20","slug":"brit-vitamins-calm-toidulisand-koertele-150g","status":"publish","type":"product","link":"https:\/\/kasskoer.ee\/en\/toode\/brit-vitamins-calm-toidulisand-koertele-150g\/","title":{"rendered":"Brit Vitamins Calm toidulisand koertele 150g"},"content":{"rendered":"<p><b>Brit Vitamins Calm funktsionaalne poolniiske t\u00e4iends\u00f6\u00f6t koertele stressi maandamiseks.<\/b>&#13;<br \/>\n<br \/>Soovitatav t\u00e4iskasvanud koertele, kes kogevad stressi reisimisel, valjude helide t\u00f5ttu v\u00f5i h\u00fcperaktiivsuse korral.<br \/>&#13;<\/p>\n<li>L-tr\u00fcptofaan ja vadak \u2013 aminohape rahustava toimega.<\/li>\n<p>&#13;<\/p>\n<li>B-vitamiinid \u2013 n\u00e4rvis\u00fcsteemi tugi.<\/li>\n<p>&#13;<\/p>\n<li>Palderjanijuur, kummel ja kanep \u2013 looduslik rahustav toime.<\/li>\n<p>&#13;<\/p>\n<li>Ei sisalda teravilja, soja, kunstlikke v\u00e4rvaineid ega GMO-sid.<\/li>\n<p>&#13;<br \/>\n<br \/>&#13;<br \/>\n<b>Koostis<\/b><br \/>&#13;<br \/>\nPutukavalk (26%), hernejahu, taimse p\u00e4ritoluga gl\u00fctserool, kanepijahu (6%), vadak (5%, h\u00fcdrol\u00fc\u00fcsitud veisel\u00fcsiin), h\u00fcdrol\u00fc\u00fcsitud kanamaks, kollageen, melass, kuivatatud kummel (2%), kuivatatud palderjanijuur (1%).&#13;<br \/>\n<br \/>&#13;<br \/>\n<br \/><b>Anal\u00fc\u00fctilised koostisosad<\/b><br \/>&#13;<br \/>\nToorvalk 19,0%, toorrasv 3,5%, niiskus 17,0%, toortuhk 4,2%, toorkiud 3,2%, kaltsium 0,3%, fosfor 0,6%, naatrium 0,8%, oomega-3 rasvhapped 0,1%, oomega-6 rasvhapped 0,4%.&#13;<br \/>\n<br \/>&#13;<br \/>\n<br \/><b>S\u00f6\u00f6dalisandid<\/b><br \/>&#13;<br \/>\nToitainelised lisandid: C-vitamiin (3a312) 5000 mg, L-tr\u00fcptofaan (3c440) 7000 mg, B1-vitamiin (3a821) 10 mg, B2-vitamiin (3a825i) 30 mg, niatsiinamiid (3a315) 100 mg, kaltsium-D-pantotenaat (3a841) 60 mg, B6-vitamiin (3a831) 35 mg, foolhape (3a316) 15 mg.&#13;<br \/>\nSisaldab EL-i poolt heaks kiidetud s\u00e4ilitusaineid: sidrunhape (1a330), DL-\u00f5unhape (1a296).<br \/>&#13;<br \/>\n<br \/>&#13;<br \/>\n<b>Metaboliseeruv energia<\/b><br \/>&#13;<br \/>\n3025 kcal\/kg<br \/>&#13;<br \/>\n<br \/>&#13;<br \/>\n<b>S\u00f6\u00f6tmisjuhend<\/b><br \/>&#13;<br \/>\nKasutage kui funktsionaalset maiust koera \u00fcldise tervise toetamiseks, see toode ei asenda t\u00e4isv\u00e4\u00e4rtuslikku toitu. Veenduge, et teie koeral oleks alati saadaval v\u00e4rske vesi. J\u00e4rgige toitmistabelit ja \u00e4rge toitke liigselt. Juhusliku \u00fcledoosi korral p\u00f6\u00f6rduge veterinaari poole.<br \/>&#13;<br \/>\n<br \/>&#13;<br \/>\n<b>Soovituslik p\u00e4evane kogus<\/b>&#13;<\/p>\n<figure class=\"table\">\n<table>\n<tbody>\n<tr>\n<td><strong>Koera kaal (kg)<\/strong><\/td>\n<td>\u2264 10<\/td>\n<td>10-25<\/td>\n<td>25-50<\/td>\n<td>+ 50 kg<\/td>\n<\/tr>\n<tr>\n<td><strong>Tabletti p\u00e4evas (tk)<\/strong><\/td>\n<td>1<\/td>\n<td>2<\/td>\n<td>3<\/td>\n<td>5<\/td>\n<\/tr>\n<\/tbody>\n<\/table>\n<\/figure>\n","protected":false},"excerpt":{"rendered":"<p>Funktsionaalne poolniiske t\u00e4iends\u00f6\u00f6t stressirohkete olukordadega toimetuleku toetamiseks.<\/p>\n","protected":false},"featured_media":17654,"template":"","meta":[],"product_cat":[1318,688],"product_tag":[],"class_list":{"0":"post-17653","1":"product","2":"type-product","3":"status-publish","4":"has-post-thumbnail","6":"product_cat-koerte-toidulisandid","7":"product_cat-koerad","8":"pa_brand-brit","9":"pa_ean-3007","10":"pa_kaal-0-150","11":"pa_tootjariik-euroopa-liit","13":"first","14":"instock","15":"taxable","16":"shipping-taxable","17":"purchasable","18":"product-type-simple"},"_links":{"self":[{"href":"https:\/\/kasskoer.ee\/en\/wp-json\/wp\/v2\/product\/17653","targetHints":{"allow":["GET"]}}],"collection":[{"href":"https:\/\/kasskoer.ee\/en\/wp-json\/wp\/v2\/product"}],"about":[{"href":"https:\/\/kasskoer.ee\/en\/wp-json\/wp\/v2\/types\/product"}],"wp:featuredmedia":[{"embeddable":true,"href":"https:\/\/kasskoer.ee\/en\/wp-json\/wp\/v2\/media\/17654"}],"wp:attachment":[{"href":"https:\/\/kasskoer.ee\/en\/wp-json\/wp\/v2\/media?parent=17653"}],"wp:term":[{"taxonomy":"product_cat","embeddable":true,"href":"https:\/\/kasskoer.ee\/en\/wp-json\/wp\/v2\/product_cat?post=17653"},{"taxonomy":"product_tag","embeddable":true,"href":"https:\/\/kasskoer.ee\/en\/wp-json\/wp\/v2\/product_tag?post=17653"}],"curies":[{"name":"wp","href":"https:\/\/api.w.org\/{rel}","templated":true}]}}