{"id":17655,"date":"2026-04-20T03:05:20","date_gmt":"2026-04-20T00:05:20","guid":{"rendered":"https:\/\/kasskoer.ee\/product\/brit-vitamins-puppy-toidulisand-kutsikatele-150g\/"},"modified":"2026-04-20T03:05:20","modified_gmt":"2026-04-20T00:05:20","slug":"brit-vitamins-puppy-toidulisand-kutsikatele-150g","status":"publish","type":"product","link":"https:\/\/kasskoer.ee\/en\/toode\/brit-vitamins-puppy-toidulisand-kutsikatele-150g\/","title":{"rendered":"Brit Vitamins Puppy toidulisand kutsikatele 150g"},"content":{"rendered":"<p><b>Brit Vitamins Puppy funktsionaalne poolniiske t\u00e4iends\u00f6\u00f6t kutsikatele arengu toetamiseks.<\/b>&#13;<br \/>\n<br \/>Soovitatav kutsikatele alates 8. elun\u00e4dalast, et toetada tervislikku arengut.<br \/>&#13;<\/p>\n<li>Multivitamiini ja orgaaniliste mineraalide kompleks.<\/li>\n<p>&#13;<\/p>\n<li>L\u00f5he ja vetikad \u2013 p\u00f5letikuvastane toime ja liigeste tugi.<\/li>\n<p>&#13;<\/p>\n<li>Inuliin ja mannan-oligosahhariidid \u2013 soolestiku tervise ja prebiootilise toime toetamiseks.<\/li>\n<p>&#13;<\/p>\n<li>Mojave Jukka \u2013 seedimise h\u00e4irete v\u00e4hendamine ja l\u00f5hnakontroll.<\/li>\n<p>&#13;<\/p>\n<li>Lactobacillus \u2013 para-probiootiline toime.<\/li>\n<p>&#13;<\/p>\n<li>Ei sisalda teravilja, soja, kunstlikke v\u00e4rvaineid ega GMO-sid.<\/li>\n<p>&#13;<br \/>\n<br \/>&#13;<br \/>\n<b>Koostis<\/b><br \/>&#13;<br \/>\nL\u00f5hevalk (26%), hernejahu, taimse p\u00e4ritoluga gl\u00fctserool, h\u00fcdrol\u00fc\u00fcsitud kanamaks, mannan-oligosahhariidid (5%), kollageen, melass, kuivatatud inuliin (2,5%), kuivatatud vetikad (2%, Schizochytrium limacinum), Mojave jukka (1,5%), fulvohape (1%), gl\u00fckoosamiin (1%), kondroitiinsulfaat (0,5%), Lactobacillus helveticus HA \u2013 122 inaktiveeritud (15&#215;10\u2079 rakku\/kg).&#13;<br \/>\n<br \/>&#13;<br \/>\n<br \/><b>Anal\u00fc\u00fctilised koostisosad<\/b><br \/>&#13;<br \/>\nToorvalk 20,0%, toorrasv 4,0%, niiskus 17,0%, toortuhk 7,0%, toorkiud 3,0%, kaltsium 0.8%, fosfor 0.7%, naatrium 0.6%, oomega-3 rasvhapped 1.2%, oomega-6 rasvhapped 0.4%, EPA (20:5 n-3) 0.2%, DHA (22:6 n-3) 0.5%.&#13;<br \/>\n<br \/>&#13;<br \/>\n<br \/><b>S\u00f6\u00f6dalisandid<\/b><br \/>&#13;<br \/>\nToitainelised lisandid: A-vitamiin (3a672a) 200 000 IU, D3-vitamiin (3a671) 12 600 IU, E-vitamiin (3a700) 4 400 mg, C-vitamiin (3a312) 5 000 mg, koliinkloriid (3a890) 4 800 mg, biotiin (3a880) 4.8 mg, B1-vitamiin (3a821) 24 mg, B2-vitamiin (3a825i) 30 mg, niatsiinamiid (3a315) 120 mg, kaltsium-D-pantotenaat (3a841) 80 mg, B6-vitamiin (3a831) 24 mg, foolhape (3a316) 4 mg, B12-vitamiin 0.3 mg, tsink (3b606) 665 mg, raud (3b106) 580 mg, mangaan (3b504) 285 mg, jood (3b201) 5.2 mg, vask (3b406) 100 mg, seleen (3b810) 1.3 mg.&#13;<br \/>\nSisaldab EL-i poolt heaks kiidetud s\u00e4ilitusaineid: sidrunhape (1a330), DL-\u00f5unhape (1a296).<br \/>&#13;<br \/>\n<br \/>&#13;<br \/>\n<b>Metaboliseeruv energia<\/b><br \/>&#13;<br \/>\n2960 kcal\/kg<br \/>&#13;<br \/>\n<br \/>&#13;<br \/>\n<b>S\u00f6\u00f6tmisjuhend<\/b><br \/>&#13;<br \/>\nKasutage kui funktsionaalset maiust koera \u00fcldise tervise toetamiseks, see toode ei asenda t\u00e4isv\u00e4\u00e4rtuslikku toitu. Veenduge, et teie koeral oleks alati saadaval v\u00e4rske vesi. J\u00e4rgige toitmistabelit ja \u00e4rge toitke liigselt. Juhusliku \u00fcledoosi korral p\u00f6\u00f6rduge veterinaari poole.<br \/>&#13;<br \/>\n<br \/>&#13;<br \/>\n<b>Soovituslik p\u00e4evane kogus<\/b>&#13;<\/p>\n<figure class=\"table\">\n<table>\n<tbody>\n<tr>\n<td><strong>Kutsika kaal (kg)<\/strong><\/td>\n<td><strong>Tabletti p\u00e4evas<\/strong><\/td>\n<\/tr>\n<tr>\n<td>Iga 5 kg kohta<\/td>\n<td>2<\/td>\n<\/tr>\n<\/tbody>\n<\/table>\n<\/figure>\n","protected":false},"excerpt":{"rendered":"<p>Funktsionaalne poolniiske t\u00e4iends\u00f6\u00f6t kasvu ja arengu toetamiseks.<\/p>\n","protected":false},"featured_media":17656,"template":"","meta":[],"product_cat":[1318,688],"product_tag":[],"class_list":{"0":"post-17655","1":"product","2":"type-product","3":"status-publish","4":"has-post-thumbnail","6":"product_cat-koerte-toidulisandid","7":"product_cat-koerad","8":"pa_brand-brit","9":"pa_ean-3008","10":"pa_kaal-0-150","11":"pa_tootjariik-euroopa-liit","13":"first","14":"instock","15":"taxable","16":"shipping-taxable","17":"purchasable","18":"product-type-simple"},"_links":{"self":[{"href":"https:\/\/kasskoer.ee\/en\/wp-json\/wp\/v2\/product\/17655","targetHints":{"allow":["GET"]}}],"collection":[{"href":"https:\/\/kasskoer.ee\/en\/wp-json\/wp\/v2\/product"}],"about":[{"href":"https:\/\/kasskoer.ee\/en\/wp-json\/wp\/v2\/types\/product"}],"wp:featuredmedia":[{"embeddable":true,"href":"https:\/\/kasskoer.ee\/en\/wp-json\/wp\/v2\/media\/17656"}],"wp:attachment":[{"href":"https:\/\/kasskoer.ee\/en\/wp-json\/wp\/v2\/media?parent=17655"}],"wp:term":[{"taxonomy":"product_cat","embeddable":true,"href":"https:\/\/kasskoer.ee\/en\/wp-json\/wp\/v2\/product_cat?post=17655"},{"taxonomy":"product_tag","embeddable":true,"href":"https:\/\/kasskoer.ee\/en\/wp-json\/wp\/v2\/product_tag?post=17655"}],"curies":[{"name":"wp","href":"https:\/\/api.w.org\/{rel}","templated":true}]}}