{"id":17702,"date":"2026-04-20T03:05:20","date_gmt":"2026-04-20T00:05:20","guid":{"rendered":"https:\/\/kasskoer.ee\/product\/cazo-soft-bed-sigma-beez-pesa-koertele-75-x-60cm\/"},"modified":"2026-04-20T03:05:22","modified_gmt":"2026-04-20T00:05:22","slug":"cazo-soft-bed-sigma-beez-pesa-koertele-75-x-60cm","status":"publish","type":"product","link":"https:\/\/kasskoer.ee\/en\/toode\/cazo-soft-bed-sigma-beez-pesa-koertele-75-x-60cm\/","title":{"rendered":"Cazo Soft Bed Sigma bee\u017e pesa koertele 75 x 60cm"},"content":{"rendered":"<li>Mullimustriga kangas \u00fchendab endas funktsionaalsuse ning ainulaadse v\u00e4limuse.<\/li>\n<p>&#13;<\/p>\n<li>Ortopeediliste omadustega padi on \u00fcmberp\u00f6\u00f6ratav, v\u00f5imaldades valida padja v\u00e4rvust.<\/li>\n<p>&#13;<\/p>\n<li>Valmistatud vett h\u00fclgavast pehmest materjalist, muutes puhtuse hoidmise lihtsamaks.<\/li>\n<p>&#13;<\/p>\n<li>Pesa kate on v\u00e4ga vastupidav ja lihtsasti eemaldatav, mida v\u00f5ib pesumasinas pesta. Lihtne hooldus aitab hoida pesa kogu aeg puhtana.<\/li>\n<p>&#13;<br \/>\n<br \/>&#13;<br \/>\nPesa suurus: 75x60cm.<\/p>\n","protected":false},"excerpt":{"rendered":"<p>Cazo Sigma kollektsiooni kuuluv bee\u017ei v\u00e4rvi pesa koertele.<\/p>\n","protected":false},"featured_media":17703,"template":"","meta":[],"product_cat":[692,456],"product_tag":[],"class_list":{"0":"post-17702","1":"product","2":"type-product","3":"status-publish","4":"has-post-thumbnail","6":"product_cat-lemmikutele-lisaks","7":"product_cat-pesad-ja-asemed","8":"pa_brand-cazo","9":"pa_ean-3027","10":"pa_kaal-2-700","11":"pa_tootjariik-poola","13":"first","14":"outofstock","15":"taxable","16":"shipping-taxable","17":"purchasable","18":"product-type-simple"},"_links":{"self":[{"href":"https:\/\/kasskoer.ee\/en\/wp-json\/wp\/v2\/product\/17702","targetHints":{"allow":["GET"]}}],"collection":[{"href":"https:\/\/kasskoer.ee\/en\/wp-json\/wp\/v2\/product"}],"about":[{"href":"https:\/\/kasskoer.ee\/en\/wp-json\/wp\/v2\/types\/product"}],"wp:featuredmedia":[{"embeddable":true,"href":"https:\/\/kasskoer.ee\/en\/wp-json\/wp\/v2\/media\/17703"}],"wp:attachment":[{"href":"https:\/\/kasskoer.ee\/en\/wp-json\/wp\/v2\/media?parent=17702"}],"wp:term":[{"taxonomy":"product_cat","embeddable":true,"href":"https:\/\/kasskoer.ee\/en\/wp-json\/wp\/v2\/product_cat?post=17702"},{"taxonomy":"product_tag","embeddable":true,"href":"https:\/\/kasskoer.ee\/en\/wp-json\/wp\/v2\/product_tag?post=17702"}],"curies":[{"name":"wp","href":"https:\/\/api.w.org\/{rel}","templated":true}]}}