{"id":17728,"date":"2026-04-20T03:05:20","date_gmt":"2026-04-20T00:05:20","guid":{"rendered":"https:\/\/kasskoer.ee\/product\/cazo-soft-bed-stockholm-beez-pesa-koertele-o-70cm\/"},"modified":"2026-04-20T03:05:21","modified_gmt":"2026-04-20T00:05:21","slug":"cazo-soft-bed-stockholm-beez-pesa-koertele-o-70cm","status":"publish","type":"product","link":"https:\/\/kasskoer.ee\/en\/toode\/cazo-soft-bed-stockholm-beez-pesa-koertele-o-70cm\/","title":{"rendered":"Cazo Soft Bed Stockholm bee\u017e pesa koertele \u00f8 70cm"},"content":{"rendered":"<li>Luksuslik pesa on valmistatud k\u00f5rgeima kvaliteediga vett t\u00f5rjuvatest materjalidest, mis on kergesti hooldatavad.<\/li>\n<p>&#13;<\/p>\n<li>Pesal on ortopeedilised omadused.<\/li>\n<p>&#13;<\/p>\n<li>Kangas on \u00f5rn ja meeldiv puudutusele ning dermatoloogiliselt testitud, tagades mugavuse ka meie k\u00f5ige v\u00e4iksematele s\u00f5pradele.<\/li>\n<p>&#13;<\/p>\n<li>Pesa kate on v\u00e4ga vastupidav ja lihtsasti eemaldatav, mida v\u00f5ib pesumasinas pesta. Lihtne hooldus aitab hoida pesa kogu aeg puhtana.<\/li>\n<p>&#13;<br \/>\n<br \/>&#13;<br \/>\nPesa suurus: \u00f8 70cm.<\/p>\n","protected":false},"excerpt":{"rendered":"<p>Cazo Stockholm kollektsiooni kuuluv bee\u017ei v\u00e4rvi pesa koertele.<\/p>\n","protected":false},"featured_media":17729,"template":"","meta":[],"product_cat":[692,456],"product_tag":[],"class_list":{"0":"post-17728","1":"product","2":"type-product","3":"status-publish","4":"has-post-thumbnail","6":"product_cat-lemmikutele-lisaks","7":"product_cat-pesad-ja-asemed","8":"pa_brand-cazo","9":"pa_ean-3039","10":"pa_kaal-2-500","11":"pa_tootjariik-poola","13":"first","14":"instock","15":"taxable","16":"shipping-taxable","17":"purchasable","18":"product-type-simple"},"_links":{"self":[{"href":"https:\/\/kasskoer.ee\/en\/wp-json\/wp\/v2\/product\/17728","targetHints":{"allow":["GET"]}}],"collection":[{"href":"https:\/\/kasskoer.ee\/en\/wp-json\/wp\/v2\/product"}],"about":[{"href":"https:\/\/kasskoer.ee\/en\/wp-json\/wp\/v2\/types\/product"}],"wp:featuredmedia":[{"embeddable":true,"href":"https:\/\/kasskoer.ee\/en\/wp-json\/wp\/v2\/media\/17729"}],"wp:attachment":[{"href":"https:\/\/kasskoer.ee\/en\/wp-json\/wp\/v2\/media?parent=17728"}],"wp:term":[{"taxonomy":"product_cat","embeddable":true,"href":"https:\/\/kasskoer.ee\/en\/wp-json\/wp\/v2\/product_cat?post=17728"},{"taxonomy":"product_tag","embeddable":true,"href":"https:\/\/kasskoer.ee\/en\/wp-json\/wp\/v2\/product_tag?post=17728"}],"curies":[{"name":"wp","href":"https:\/\/api.w.org\/{rel}","templated":true}]}}