{"id":17853,"date":"2026-04-20T03:10:00","date_gmt":"2026-04-20T00:10:00","guid":{"rendered":"https:\/\/kasskoer.ee\/product\/cazo-outdoor-bed-maxy-army-pesa-koertele-75x60cm\/"},"modified":"2026-04-20T03:10:02","modified_gmt":"2026-04-20T00:10:02","slug":"cazo-outdoor-bed-maxy-army-pesa-koertele-75x60cm","status":"publish","type":"product","link":"https:\/\/kasskoer.ee\/en\/toode\/cazo-outdoor-bed-maxy-army-pesa-koertele-75x60cm\/","title":{"rendered":"Cazo Outdoor Bed Maxy Army pesa koertele 75x60cm"},"content":{"rendered":"<p><b>Cazo Outdoor pesa kollektsioon on v\u00e4lja t\u00f6\u00f6tatud vastu pidama ka v\u00e4liskeskkondades kasutamiseks.<\/b>&#13;<\/p>\n<li>Spetsiaalne Kodura materjal on ilmastikukindel ja v\u00e4ga vastupidav.<\/li>\n<p>&#13;<\/p>\n<li>Ortopeediliste omadustega pesa on suurep\u00e4rane valik k\u00f5igile koertele.<\/li>\n<p>&#13;<\/p>\n<li>Pesal on praktiline lihtsasti eemaldatav kate, mida v\u00f5ib pesumasinas pesta. Lihtne hooldus aitab hoida pesa kogu aeg puhtana.<\/li>\n<p>&#13;<br \/>\n<br \/>&#13;<br \/>\nPesa suurus: 75x60cm.<\/p>\n","protected":false},"excerpt":{"rendered":"<p>Cazo Outdoor kollektsiooni s\u00f5jav\u00e4emustriga pesa koertele.<\/p>\n","protected":false},"featured_media":17854,"template":"","meta":[],"product_cat":[692,456],"product_tag":[],"class_list":{"0":"post-17853","1":"product","2":"type-product","3":"status-publish","4":"has-post-thumbnail","6":"product_cat-lemmikutele-lisaks","7":"product_cat-pesad-ja-asemed","8":"pa_brand-cazo","9":"pa_ean-3075","10":"pa_kaal-2-000","11":"pa_tootjariik-poola","13":"first","14":"instock","15":"taxable","16":"shipping-taxable","17":"purchasable","18":"product-type-simple"},"_links":{"self":[{"href":"https:\/\/kasskoer.ee\/en\/wp-json\/wp\/v2\/product\/17853","targetHints":{"allow":["GET"]}}],"collection":[{"href":"https:\/\/kasskoer.ee\/en\/wp-json\/wp\/v2\/product"}],"about":[{"href":"https:\/\/kasskoer.ee\/en\/wp-json\/wp\/v2\/types\/product"}],"wp:featuredmedia":[{"embeddable":true,"href":"https:\/\/kasskoer.ee\/en\/wp-json\/wp\/v2\/media\/17854"}],"wp:attachment":[{"href":"https:\/\/kasskoer.ee\/en\/wp-json\/wp\/v2\/media?parent=17853"}],"wp:term":[{"taxonomy":"product_cat","embeddable":true,"href":"https:\/\/kasskoer.ee\/en\/wp-json\/wp\/v2\/product_cat?post=17853"},{"taxonomy":"product_tag","embeddable":true,"href":"https:\/\/kasskoer.ee\/en\/wp-json\/wp\/v2\/product_tag?post=17853"}],"curies":[{"name":"wp","href":"https:\/\/api.w.org\/{rel}","templated":true}]}}