{"id":17899,"date":"2026-04-20T03:05:17","date_gmt":"2026-04-20T00:05:17","guid":{"rendered":"https:\/\/kasskoer.ee\/product\/ziwi-peak-lamb-green-tripe-maius-koerale-80g\/"},"modified":"2026-04-20T03:05:19","modified_gmt":"2026-04-20T00:05:19","slug":"ziwi-peak-lamb-green-tripe-maius-koerale-80g","status":"publish","type":"product","link":"https:\/\/kasskoer.ee\/en\/toode\/ziwi-peak-lamb-green-tripe-maius-koerale-80g\/","title":{"rendered":"Ziwi Peak Lamb Green Tripe maius koerale 80g"},"content":{"rendered":"<p><b>Ziwi Peak lamba magu &#8211; t\u00e4iends\u00f6\u00f6t igas vanuses v\u00e4ikest ja keskmist t\u00f5ugu koertele.<\/b>&#13;<\/p>\n<li>Maole omap\u00e4rane tugev l\u00f5hn ja vastupandamatu maitse loob eriti ahvatleva maiuse sinu lemmikule.<\/li>\n<p>&#13;<\/p>\n<li>Toitainetest tulvil maius, mis annab energiat igap\u00e4evasteks saba liputavateks seiklusteks.<\/li>\n<p>&#13;<\/p>\n<li>Valmistatud lihtsal viisil \u2013 \u00f5rnalt \u00f5hu k\u00e4es kuivatatud, et s\u00e4ilitada looduse headus ilma kunstlike s\u00e4ilitusaineteta.<\/li>\n<p>&#13;<br \/>\n<br \/>&#13;<br \/>\n<b>Koostis<\/b><br \/>&#13;<br \/>\nLamba magu.<br \/>&#13;<br \/>\n<br \/>&#13;<br \/>\n<b>Anal\u00fc\u00fctilised koostisosad<\/b><br \/>&#13;<br \/>\nToorvalk 76,0 %, toorrasv 8,0 %, toorkiud 0,0 %, toortuhk 3,0 %, niiskus 4,0 %.<br \/>&#13;<br \/>\n<br \/>&#13;<br \/>\n<b>Metaboliseeruv energia<\/b><br \/>&#13;<br \/>\n3650 kcal\/kg<\/p>\n","protected":false},"excerpt":{"rendered":"<p>Ziwi naturaalne lamba maost maius koertele.<\/p>\n","protected":false},"featured_media":17900,"template":"","meta":[],"product_cat":[1210,688],"product_tag":[],"class_list":{"0":"post-17899","1":"product","2":"type-product","3":"status-publish","4":"has-post-thumbnail","6":"product_cat-koerte-maiused","7":"product_cat-koerad","8":"pa_brand-ziwi","9":"pa_ean-3085","10":"pa_kaal-0-080","11":"pa_tootjariik-uus-meremaa","13":"first","14":"instock","15":"taxable","16":"shipping-taxable","17":"purchasable","18":"product-type-simple"},"_links":{"self":[{"href":"https:\/\/kasskoer.ee\/en\/wp-json\/wp\/v2\/product\/17899","targetHints":{"allow":["GET"]}}],"collection":[{"href":"https:\/\/kasskoer.ee\/en\/wp-json\/wp\/v2\/product"}],"about":[{"href":"https:\/\/kasskoer.ee\/en\/wp-json\/wp\/v2\/types\/product"}],"wp:featuredmedia":[{"embeddable":true,"href":"https:\/\/kasskoer.ee\/en\/wp-json\/wp\/v2\/media\/17900"}],"wp:attachment":[{"href":"https:\/\/kasskoer.ee\/en\/wp-json\/wp\/v2\/media?parent=17899"}],"wp:term":[{"taxonomy":"product_cat","embeddable":true,"href":"https:\/\/kasskoer.ee\/en\/wp-json\/wp\/v2\/product_cat?post=17899"},{"taxonomy":"product_tag","embeddable":true,"href":"https:\/\/kasskoer.ee\/en\/wp-json\/wp\/v2\/product_tag?post=17899"}],"curies":[{"name":"wp","href":"https:\/\/api.w.org\/{rel}","templated":true}]}}