{"id":17903,"date":"2026-04-20T03:05:17","date_gmt":"2026-04-20T00:05:17","guid":{"rendered":"https:\/\/kasskoer.ee\/product\/ziwi-peak-steam-dried-chicken-kassitoit-800g\/"},"modified":"2026-04-20T03:05:19","modified_gmt":"2026-04-20T00:05:19","slug":"ziwi-peak-steam-dried-chicken-kassitoit-800g","status":"publish","type":"product","link":"https:\/\/kasskoer.ee\/en\/toode\/ziwi-peak-steam-dried-chicken-kassitoit-800g\/","title":{"rendered":"Ziwi Peak Steam &#038; Dried Chicken kassitoit 800g"},"content":{"rendered":"<p><b>Ziwi Peak Steam &#038; Dried kana ja makrelliga tasakaalustatud t\u00e4iss\u00f6\u00f6t igas vanuses kassidele.<\/b>&#13;<\/p>\n<li>90% kvaliteetset toorest liha ja siseelundeid.<\/li>\n<p>&#13;<\/p>\n<li>Mugav alternatiiv toortoidule \u2013 lihtsalt serveeri.<\/li>\n<p>&#13;<\/p>\n<li>Ideaalne nii t\u00e4isv\u00e4\u00e4rtusliku toiduna kui ka lisandina.<\/li>\n<p>&#13;<\/p>\n<li>Rikkalik oomega-3 rasvhapete poolest naha ja karvkatte tervise toetamiseks.<\/li>\n<p>&#13;<\/p>\n<li>Tauriin &#8211; vajalik hea n\u00e4gemise, seedimise, s\u00fcdamelihase funktsiooni ning terve immuuns\u00fcsteemi hoidmiseks.<\/li>\n<p>&#13;<\/p>\n<li>Gl\u00fckoosamiin ja kondroitiin &#8211; liigeste tervise s\u00e4ilitamiseks ja kulumise ennetamiseks.<\/li>\n<p>&#13;<\/p>\n<li>Kaltsium &#8211; tagab tugevad luud ja hambad, kuid see on vajalik ka s\u00fcdame, lihaste ja n\u00e4rvis\u00fcsteemi normaalseks talitluseks.<\/li>\n<p>&#13;<\/p>\n<li>Z-MicroSteam tehnoloogia &#8211; \u00f5rnalt mikro-aurutatud ning seej\u00e4rel \u00f5hu k\u00e4es kuivatatud, et tagada optimaalne toitainete sisaldus ja maitsev tekstuur.<\/li>\n<p>&#13;<\/p>\n<li>Kogu tooraine p\u00e4rineb Uus-Meremaa farmide vabapidamisel ja hormoonivabalt kasvatatud loomadelt.<\/li>\n<p>&#13;<\/p>\n<li>Ei sisalda s\u00e4ilitusaineid ega l\u00f5hna- ja maitsetugevdajaid.<\/li>\n<p>&#13;<br \/>\n<br \/>&#13;<br \/>\n<b>Koostis<\/b><br \/>&#13;<br \/>\n77% kana ja kana siseelundid (sh kana, maks, kaelad, luu, k\u00f5hred, s\u00fcda), 8% terve makrell, 3% kuivatatud munavalge, kuivatatud rohelised herned, kuivatatud rohelised l\u00e4\u00e4tsed, 2% kanarasv, kuivatatud kinoa, kuivatatud \u00f5una pressimisj\u00e4\u00e4gid, mineraalid, kuivatatud pruunvetikas.<br \/>&#13;<br \/>\n<br \/>&#13;<br \/>\n<b>Anal\u00fc\u00fctilised koostisosad<\/b><br \/>&#13;<br \/>\nToorvalk 42,0 %, toorrasv 30,0 %, toorkiud 1,0 %, toortuhk 9,0 %, niiskus 6,0 %, oomega-3 rasvhapped 0,5%.<br \/>&#13;<br \/>\n<br \/>&#13;<br \/>\n<b>S\u00f6\u00f6dalisandid (kg kohta)<\/b><br \/>&#13;<br \/>\nToitainelised lisandid: Vitamiin D3 220 R\u00dc, tsink (valguh\u00fcdrol\u00fcsaatide tsinkkelaadina) 44 mg, vask (valguh\u00fcdrol\u00fcsaatide vask(II) kelaadina) 8,8 mg, raud (gl\u00fctsiini raud(II)kelaadi h\u00fcdraadina) 26 mg, mangaan (valguh\u00fcdrol\u00fcsaatide mangaankelaadina) 4,4 mg. Tehnoloogilised lisandid: antioks\u00fcdandid (taime\u00f5lide tokoferooliekstraktid).<br \/>&#13;<br \/>\n<br \/>&#13;<br \/>\n<b>Metaboliseeruv energia<\/b><br \/>&#13;<br \/>\n4500 kcal\/kg<br \/>&#13;<br \/>\n<br \/>&#13;<br \/>\n<b>S\u00f6\u00f6tmisjuhend<\/b><br \/>&#13;<br \/>\nS\u00f6\u00f6da t\u00e4isv\u00e4\u00e4rtusliku, tasakaalustatud ja suure lihasisaldusega t\u00e4iss\u00f6\u00f6dana v\u00f5i toitainerikka lisandina. Soovituslik p\u00e4evane kogus vaata pakendilt. Toidu kogus s\u00f5ltub lemmiku aktiivsuse tasemest ja tema eluetapist. Kassipojad ja tiine kass: S\u00f6\u00f6da umbes kahekordne toidukogus, mis on jagatud 2-3 portsjoniks p\u00e4evas. Imetav kass: s\u00f6\u00f6da nii palju kui vajalik. Veendu alati, et v\u00e4rske vesi oleks saadaval.<\/p>\n","protected":false},"excerpt":{"rendered":"<p>Ziwi kana ja makrelliga nahka ja karva toetav kassitoit.<\/p>\n","protected":false},"featured_media":17904,"template":"","meta":[],"product_cat":[689,75],"product_tag":[],"class_list":{"0":"post-17903","1":"product","2":"type-product","3":"status-publish","4":"has-post-thumbnail","6":"product_cat-kassid","7":"product_cat-kassitoit","8":"pa_brand-ziwi","9":"pa_ean-3087","10":"pa_kaal-0-800","11":"pa_tootjariik-uus-meremaa","13":"first","14":"outofstock","15":"taxable","16":"shipping-taxable","17":"purchasable","18":"product-type-simple"},"_links":{"self":[{"href":"https:\/\/kasskoer.ee\/en\/wp-json\/wp\/v2\/product\/17903","targetHints":{"allow":["GET"]}}],"collection":[{"href":"https:\/\/kasskoer.ee\/en\/wp-json\/wp\/v2\/product"}],"about":[{"href":"https:\/\/kasskoer.ee\/en\/wp-json\/wp\/v2\/types\/product"}],"wp:featuredmedia":[{"embeddable":true,"href":"https:\/\/kasskoer.ee\/en\/wp-json\/wp\/v2\/media\/17904"}],"wp:attachment":[{"href":"https:\/\/kasskoer.ee\/en\/wp-json\/wp\/v2\/media?parent=17903"}],"wp:term":[{"taxonomy":"product_cat","embeddable":true,"href":"https:\/\/kasskoer.ee\/en\/wp-json\/wp\/v2\/product_cat?post=17903"},{"taxonomy":"product_tag","embeddable":true,"href":"https:\/\/kasskoer.ee\/en\/wp-json\/wp\/v2\/product_tag?post=17903"}],"curies":[{"name":"wp","href":"https:\/\/api.w.org\/{rel}","templated":true}]}}