{"id":17918,"date":"2026-04-20T03:05:17","date_gmt":"2026-04-20T00:05:17","guid":{"rendered":"https:\/\/kasskoer.ee\/product\/areon-ohuvarskendaja-fritz\/"},"modified":"2026-04-20T03:05:20","modified_gmt":"2026-04-20T00:05:20","slug":"areon-ohuvarskendaja-fritz","status":"publish","type":"product","link":"https:\/\/kasskoer.ee\/en\/toode\/areon-ohuvarskendaja-fritz\/","title":{"rendered":"Areon \u00f5huv\u00e4rskendaja Fritz"},"content":{"rendered":"<p>Fritzi iseloomustavad punase pipra noodid, mis segunevad jasmiini ning Itaalia bergamotiga.&#13;<\/p>\n<li>Kaasaegne ja stiilne disain.<\/li>\n<p>&#13;<\/p>\n<li>Intensiivne ja kauap\u00fcsiv aroom.<\/li>\n<p>&#13;<\/p>\n<li>Pikk kasutusiga.<\/li>\n<p>&#13;<\/p>\n<li>Lihtne kasutada.<\/li>\n","protected":false},"excerpt":{"rendered":"<p>Paberkandjal \u00f5huv\u00e4rskendaja peene parf\u00fc\u00fcmil\u00f5hnaga, mis on inspireeritud eksklusiivsetest aroomidest.<\/p>\n","protected":false},"featured_media":17919,"template":"","meta":[],"product_cat":[3095],"product_tag":[],"class_list":{"0":"post-17918","1":"product","2":"type-product","3":"status-publish","4":"has-post-thumbnail","6":"product_cat-ohuvarskendajad","7":"pa_brand-areon","8":"pa_ean-3096","9":"pa_kaal-0-040","10":"pa_tootjariik-bulgaaria","12":"first","13":"instock","14":"taxable","15":"shipping-taxable","16":"purchasable","17":"product-type-simple"},"_links":{"self":[{"href":"https:\/\/kasskoer.ee\/en\/wp-json\/wp\/v2\/product\/17918","targetHints":{"allow":["GET"]}}],"collection":[{"href":"https:\/\/kasskoer.ee\/en\/wp-json\/wp\/v2\/product"}],"about":[{"href":"https:\/\/kasskoer.ee\/en\/wp-json\/wp\/v2\/types\/product"}],"wp:featuredmedia":[{"embeddable":true,"href":"https:\/\/kasskoer.ee\/en\/wp-json\/wp\/v2\/media\/17919"}],"wp:attachment":[{"href":"https:\/\/kasskoer.ee\/en\/wp-json\/wp\/v2\/media?parent=17918"}],"wp:term":[{"taxonomy":"product_cat","embeddable":true,"href":"https:\/\/kasskoer.ee\/en\/wp-json\/wp\/v2\/product_cat?post=17918"},{"taxonomy":"product_tag","embeddable":true,"href":"https:\/\/kasskoer.ee\/en\/wp-json\/wp\/v2\/product_tag?post=17918"}],"curies":[{"name":"wp","href":"https:\/\/api.w.org\/{rel}","templated":true}]}}