{"id":17971,"date":"2026-04-20T03:05:17","date_gmt":"2026-04-20T00:05:17","guid":{"rendered":"https:\/\/kasskoer.ee\/product\/doggy-joy-chicken-fillet-strips-narimismaiused-koerale-55g\/"},"modified":"2026-04-20T03:05:19","modified_gmt":"2026-04-20T00:05:19","slug":"doggy-joy-chicken-fillet-strips-narimismaiused-koerale-55g","status":"publish","type":"product","link":"https:\/\/kasskoer.ee\/en\/toode\/doggy-joy-chicken-fillet-strips-narimismaiused-koerale-55g\/","title":{"rendered":"Doggy Joy chicken fillet strips n\u00e4rimismaiused koerale 55g"},"content":{"rendered":"<p><b>Doggy Joy kanafilee ribad &#8211; t\u00e4iends\u00f6\u00f6t v\u00e4ikest t\u00f5ugu koertele.<\/b><br \/>&#13;<\/p>\n<li>Valmistatud puhtast kanafileest.<\/li>\n<p>&#13;<\/p>\n<li>Aeglaselt ahjus k\u00fcpsetatud.<\/li>\n<p>&#13;<\/p>\n<li>Kanafilee ribad on ideaalseks preemiaks koertekoolis. Saate ise otsustada, kui suur on t\u00fckk, mille annate oma koerale.<\/li>\n<p>&#13;<\/p>\n<li>100% naturaalsed koostisosad.<\/li>\n<p>&#13;<\/p>\n<li>Ilma lisanditeta.<\/li>\n<p>&#13;<br \/>\n<br \/>&#13;<br \/>\n<b>Koostis<\/b><br \/>&#13;<br \/>\nKana, k\u00f6\u00f6giviljade k\u00f5rvalsaadused, mineraalid.<br \/>&#13;<br \/>\n<br \/>&#13;<br \/>\n<b>Anal\u00fc\u00fctiline koostis<\/b><br \/>&#13;<br \/>\nToorvalk 35%, niiskus 23%, toortuhk 4%, toorrasv 2%, toorkiud 1%.<\/p>\n","protected":false},"excerpt":{"rendered":"<p>Doggy Joy maius v\u00e4ikest t\u00f5ugu koertele &#8211; kanafilee ribad.<\/p>\n","protected":false},"featured_media":17972,"template":"","meta":[],"product_cat":[1210,688],"product_tag":[],"class_list":{"0":"post-17971","1":"product","2":"type-product","3":"status-publish","4":"has-post-thumbnail","6":"product_cat-koerte-maiused","7":"product_cat-koerad","8":"pa_brand-doggy-joy","9":"pa_ean-3120","10":"pa_kaal-0-055","11":"pa_tootjariik-lati","13":"first","14":"instock","15":"taxable","16":"shipping-taxable","17":"purchasable","18":"product-type-simple"},"_links":{"self":[{"href":"https:\/\/kasskoer.ee\/en\/wp-json\/wp\/v2\/product\/17971","targetHints":{"allow":["GET"]}}],"collection":[{"href":"https:\/\/kasskoer.ee\/en\/wp-json\/wp\/v2\/product"}],"about":[{"href":"https:\/\/kasskoer.ee\/en\/wp-json\/wp\/v2\/types\/product"}],"wp:featuredmedia":[{"embeddable":true,"href":"https:\/\/kasskoer.ee\/en\/wp-json\/wp\/v2\/media\/17972"}],"wp:attachment":[{"href":"https:\/\/kasskoer.ee\/en\/wp-json\/wp\/v2\/media?parent=17971"}],"wp:term":[{"taxonomy":"product_cat","embeddable":true,"href":"https:\/\/kasskoer.ee\/en\/wp-json\/wp\/v2\/product_cat?post=17971"},{"taxonomy":"product_tag","embeddable":true,"href":"https:\/\/kasskoer.ee\/en\/wp-json\/wp\/v2\/product_tag?post=17971"}],"curies":[{"name":"wp","href":"https:\/\/api.w.org\/{rel}","templated":true}]}}