{"id":17973,"date":"2026-04-20T03:05:17","date_gmt":"2026-04-20T00:05:17","guid":{"rendered":"https:\/\/kasskoer.ee\/product\/doggy-joy-lamb-slices-narimismaiused-kutsikale-90g\/"},"modified":"2026-04-20T03:05:19","modified_gmt":"2026-04-20T00:05:19","slug":"doggy-joy-lamb-slices-narimismaiused-kutsikale-90g","status":"publish","type":"product","link":"https:\/\/kasskoer.ee\/en\/toode\/doggy-joy-lamb-slices-narimismaiused-kutsikale-90g\/","title":{"rendered":"Doggy Joy lamb slices n\u00e4rimismaiused kutsikale 90g"},"content":{"rendered":"<p><b>Doggy Joy lambaliha viilud &#8211; t\u00e4iends\u00f6\u00f6t kutsikatele.<\/b><br \/>&#13;<\/p>\n<li>Lambaliha viilud on ideaalseks preemiaks koertekoolis. Saate ise otsustada, kui suur on t\u00fckk, mille annate oma koerale.<\/li>\n<p>&#13;<\/p>\n<li>100% naturaalsed koostisosad.<\/li>\n<p>&#13;<\/p>\n<li>Ilma lisanditeta.<\/li>\n<p>&#13;<br \/>\n<br \/>&#13;<br \/>\n<b>Koostis<\/b><br \/>&#13;<br \/>\nLammas, k\u00f6\u00f6giviljade k\u00f5rvalsaadused, mineraalid.<br \/>&#13;<br \/>\n<br \/>&#13;<br \/>\n<b>Anal\u00fc\u00fctiline koostis<\/b><br \/>&#13;<br \/>\nToorvalk 28%, niiskus 21%, toortuhk 4%, toorrasv 2%, toorkiud 1%.<\/p>\n","protected":false},"excerpt":{"rendered":"<p>Doggy Joy maius kutsikatele &#8211; lambaliha viilud.<\/p>\n","protected":false},"featured_media":17974,"template":"","meta":[],"product_cat":[1210,688],"product_tag":[],"class_list":{"0":"post-17973","1":"product","2":"type-product","3":"status-publish","4":"has-post-thumbnail","6":"product_cat-koerte-maiused","7":"product_cat-koerad","8":"pa_brand-doggy-joy","9":"pa_ean-3121","10":"pa_kaal-0-090","11":"pa_tootjariik-lati","13":"first","14":"instock","15":"taxable","16":"shipping-taxable","17":"purchasable","18":"product-type-simple"},"_links":{"self":[{"href":"https:\/\/kasskoer.ee\/en\/wp-json\/wp\/v2\/product\/17973","targetHints":{"allow":["GET"]}}],"collection":[{"href":"https:\/\/kasskoer.ee\/en\/wp-json\/wp\/v2\/product"}],"about":[{"href":"https:\/\/kasskoer.ee\/en\/wp-json\/wp\/v2\/types\/product"}],"wp:featuredmedia":[{"embeddable":true,"href":"https:\/\/kasskoer.ee\/en\/wp-json\/wp\/v2\/media\/17974"}],"wp:attachment":[{"href":"https:\/\/kasskoer.ee\/en\/wp-json\/wp\/v2\/media?parent=17973"}],"wp:term":[{"taxonomy":"product_cat","embeddable":true,"href":"https:\/\/kasskoer.ee\/en\/wp-json\/wp\/v2\/product_cat?post=17973"},{"taxonomy":"product_tag","embeddable":true,"href":"https:\/\/kasskoer.ee\/en\/wp-json\/wp\/v2\/product_tag?post=17973"}],"curies":[{"name":"wp","href":"https:\/\/api.w.org\/{rel}","templated":true}]}}