{"id":17987,"date":"2026-04-20T03:05:58","date_gmt":"2026-04-20T00:05:58","guid":{"rendered":"https:\/\/kasskoer.ee\/product\/cazo-mattress-outdoor-maxy-must-madrats-koertele-100x70x9cm\/"},"modified":"2026-04-20T03:05:59","modified_gmt":"2026-04-20T00:05:59","slug":"cazo-mattress-outdoor-maxy-must-madrats-koertele-100x70x9cm","status":"publish","type":"product","link":"https:\/\/kasskoer.ee\/en\/toode\/cazo-mattress-outdoor-maxy-must-madrats-koertele-100x70x9cm\/","title":{"rendered":"Cazo Mattress Outdoor Maxy must madrats koertele 100x70x9cm"},"content":{"rendered":"<p><b>Cazo Outdoor madratsi kollektsioon on v\u00e4lja t\u00f6\u00f6tatud vastu pidama ka v\u00e4liskeskkondades kasutamiseks.<\/b>&#13;<\/p>\n<li>Ortopeediline vahtmadrats on ilmastikukindel ja v\u00e4ga vastupidav.<\/li>\n<p>&#13;<\/p>\n<li>Madratsil on praktiline lihtsasti eemaldatav kate, mida v\u00f5ib pesumasinas pesta. Lihtne hooldus aitab hoida madratsi kogu aeg puhtana.<\/li>\n<p>&#13;<br \/>\n<br \/>&#13;<br \/>\nMadratsi suurus: 100x70x9cm.<\/p>\n","protected":false},"excerpt":{"rendered":"<p>Cazo Outdoor kollektsiooni musta v\u00e4rvi madrats koertele.<\/p>\n","protected":false},"featured_media":17988,"template":"","meta":[],"product_cat":[692,456],"product_tag":[],"class_list":{"0":"post-17987","1":"product","2":"type-product","3":"status-publish","4":"has-post-thumbnail","6":"product_cat-lemmikutele-lisaks","7":"product_cat-pesad-ja-asemed","8":"pa_brand-cazo","9":"pa_ean-3127","10":"pa_kaal-2-400","11":"pa_tootjariik-poola","13":"first","14":"outofstock","15":"taxable","16":"shipping-taxable","17":"purchasable","18":"product-type-simple"},"_links":{"self":[{"href":"https:\/\/kasskoer.ee\/en\/wp-json\/wp\/v2\/product\/17987","targetHints":{"allow":["GET"]}}],"collection":[{"href":"https:\/\/kasskoer.ee\/en\/wp-json\/wp\/v2\/product"}],"about":[{"href":"https:\/\/kasskoer.ee\/en\/wp-json\/wp\/v2\/types\/product"}],"wp:featuredmedia":[{"embeddable":true,"href":"https:\/\/kasskoer.ee\/en\/wp-json\/wp\/v2\/media\/17988"}],"wp:attachment":[{"href":"https:\/\/kasskoer.ee\/en\/wp-json\/wp\/v2\/media?parent=17987"}],"wp:term":[{"taxonomy":"product_cat","embeddable":true,"href":"https:\/\/kasskoer.ee\/en\/wp-json\/wp\/v2\/product_cat?post=17987"},{"taxonomy":"product_tag","embeddable":true,"href":"https:\/\/kasskoer.ee\/en\/wp-json\/wp\/v2\/product_tag?post=17987"}],"curies":[{"name":"wp","href":"https:\/\/api.w.org\/{rel}","templated":true}]}}