{"id":17999,"date":"2026-04-20T03:10:51","date_gmt":"2026-04-20T00:10:51","guid":{"rendered":"https:\/\/kasskoer.ee\/product\/cazo-mattress-outdoor-maxy-hall-madrats-koertele-80x60x6cm\/"},"modified":"2026-04-20T03:10:54","modified_gmt":"2026-04-20T00:10:54","slug":"cazo-mattress-outdoor-maxy-hall-madrats-koertele-80x60x6cm","status":"publish","type":"product","link":"https:\/\/kasskoer.ee\/en\/toode\/cazo-mattress-outdoor-maxy-hall-madrats-koertele-80x60x6cm\/","title":{"rendered":"Cazo Mattress Outdoor Maxy hall madrats koertele 80x60x6cm"},"content":{"rendered":"<p><b>Cazo Outdoor madratsi kollektsioon on v\u00e4lja t\u00f6\u00f6tatud vastu pidama ka v\u00e4liskeskkondades kasutamiseks.<\/b>&#13;<\/p>\n<li>Vahtmadrats on ilmastikukindel ja v\u00e4ga vastupidav.<\/li>\n<p>&#13;<\/p>\n<li>Madratsil on praktiline lihtsasti eemaldatav kate, mida v\u00f5ib pesumasinas pesta. Lihtne hooldus aitab hoida madratsi kogu aeg puhtana.<\/li>\n<p>&#13;<br \/>\n<br \/>&#13;<br \/>\nMadratsi suurus: 80x60x6cm.<\/p>\n","protected":false},"excerpt":{"rendered":"<p>Cazo Outdoor kollektsiooni halli v\u00e4rvi madrats koertele.<\/p>\n","protected":false},"featured_media":18000,"template":"","meta":[],"product_cat":[692,456],"product_tag":[],"class_list":{"0":"post-17999","1":"product","2":"type-product","3":"status-publish","4":"has-post-thumbnail","6":"product_cat-lemmikutele-lisaks","7":"product_cat-pesad-ja-asemed","8":"pa_brand-cazo","9":"pa_ean-3131","10":"pa_kaal-2-200","11":"pa_tootjariik-poola","13":"first","14":"outofstock","15":"taxable","16":"shipping-taxable","17":"purchasable","18":"product-type-simple"},"_links":{"self":[{"href":"https:\/\/kasskoer.ee\/en\/wp-json\/wp\/v2\/product\/17999","targetHints":{"allow":["GET"]}}],"collection":[{"href":"https:\/\/kasskoer.ee\/en\/wp-json\/wp\/v2\/product"}],"about":[{"href":"https:\/\/kasskoer.ee\/en\/wp-json\/wp\/v2\/types\/product"}],"wp:featuredmedia":[{"embeddable":true,"href":"https:\/\/kasskoer.ee\/en\/wp-json\/wp\/v2\/media\/18000"}],"wp:attachment":[{"href":"https:\/\/kasskoer.ee\/en\/wp-json\/wp\/v2\/media?parent=17999"}],"wp:term":[{"taxonomy":"product_cat","embeddable":true,"href":"https:\/\/kasskoer.ee\/en\/wp-json\/wp\/v2\/product_cat?post=17999"},{"taxonomy":"product_tag","embeddable":true,"href":"https:\/\/kasskoer.ee\/en\/wp-json\/wp\/v2\/product_tag?post=17999"}],"curies":[{"name":"wp","href":"https:\/\/api.w.org\/{rel}","templated":true}]}}