{"id":18007,"date":"2026-04-20T03:05:20","date_gmt":"2026-04-20T00:05:20","guid":{"rendered":"https:\/\/kasskoer.ee\/product\/cazo-oval-bed-reda-hall-pesa-koertele-75x100x15cm\/"},"modified":"2026-04-20T03:05:22","modified_gmt":"2026-04-20T00:05:22","slug":"cazo-oval-bed-reda-hall-pesa-koertele-75x100x15cm","status":"publish","type":"product","link":"https:\/\/kasskoer.ee\/en\/toode\/cazo-oval-bed-reda-hall-pesa-koertele-75x100x15cm\/","title":{"rendered":"Cazo Oval Bed Reda hall pesa koertele 75x100x15cm"},"content":{"rendered":"<li>Struktureeritud kangas annab pesale unikaalse v\u00e4limuse ning sobitub igasse interj\u00f6\u00f6ri.<\/li>\n<p>&#13;<\/p>\n<li>Valmistatud vett h\u00fclgavast materjalist, muutes puhtuse hoidmise lihtsamaks.<\/li>\n<p>&#13;<\/p>\n<li>Pesa kate on v\u00e4ga vastupidav ja lihtsasti eemaldatav, mida v\u00f5ib pesumasinas pesta. Lihtne hooldus aitab hoida pesa kogu aeg puhtana.<\/li>\n<p>&#13;<br \/>\n<br \/>&#13;<br \/>\nPesa suurus: 100x75x15cm.<\/p>\n","protected":false},"excerpt":{"rendered":"<p>Cazo Reda kollektsiooni kuuluv halli v\u00e4rvi pesa koertele.<\/p>\n","protected":false},"featured_media":18008,"template":"","meta":[],"product_cat":[692,456],"product_tag":[],"class_list":{"0":"post-18007","1":"product","2":"type-product","3":"status-publish","4":"has-post-thumbnail","6":"product_cat-lemmikutele-lisaks","7":"product_cat-pesad-ja-asemed","8":"pa_brand-cazo","9":"pa_ean-3135","10":"pa_kaal-2-500","11":"pa_tootjariik-poola","13":"first","14":"instock","15":"taxable","16":"shipping-taxable","17":"purchasable","18":"product-type-simple"},"_links":{"self":[{"href":"https:\/\/kasskoer.ee\/en\/wp-json\/wp\/v2\/product\/18007","targetHints":{"allow":["GET"]}}],"collection":[{"href":"https:\/\/kasskoer.ee\/en\/wp-json\/wp\/v2\/product"}],"about":[{"href":"https:\/\/kasskoer.ee\/en\/wp-json\/wp\/v2\/types\/product"}],"wp:featuredmedia":[{"embeddable":true,"href":"https:\/\/kasskoer.ee\/en\/wp-json\/wp\/v2\/media\/18008"}],"wp:attachment":[{"href":"https:\/\/kasskoer.ee\/en\/wp-json\/wp\/v2\/media?parent=18007"}],"wp:term":[{"taxonomy":"product_cat","embeddable":true,"href":"https:\/\/kasskoer.ee\/en\/wp-json\/wp\/v2\/product_cat?post=18007"},{"taxonomy":"product_tag","embeddable":true,"href":"https:\/\/kasskoer.ee\/en\/wp-json\/wp\/v2\/product_tag?post=18007"}],"curies":[{"name":"wp","href":"https:\/\/api.w.org\/{rel}","templated":true}]}}