{"id":18009,"date":"2026-04-20T03:05:48","date_gmt":"2026-04-20T00:05:48","guid":{"rendered":"https:\/\/kasskoer.ee\/product\/cazo-oval-bed-luna-punane-pesa-koertele-105x140x17cm\/"},"modified":"2026-04-20T03:05:51","modified_gmt":"2026-04-20T00:05:51","slug":"cazo-oval-bed-luna-punane-pesa-koertele-105x140x17cm","status":"publish","type":"product","link":"https:\/\/kasskoer.ee\/en\/toode\/cazo-oval-bed-luna-punane-pesa-koertele-105x140x17cm\/","title":{"rendered":"Cazo Oval Bed Luna punane pesa koertele 105x140x17cm"},"content":{"rendered":"<p>Cazo Luna kollektsiooni pesad on lisaks stiilsele v\u00e4limusele ka keskkonnas\u00f5bralikud. \u00dche pesa valmistamiseks kasutatakse 70 \u00fcmbert\u00f6\u00f6deldud plastikpudelit.&#13;<\/p>\n<li>Pesa katab v\u00e4ga vastupidav m\u00f6\u00f6blikangas, mis on valmistatud plastikpudelite taaskasutamisel valmistatud rPET materjalist.<\/li>\n<p>&#13;<\/p>\n<li>Pesa t\u00e4idisel on ortopeedilised omadused, mis teeb pesa lemmikloomale veelgi mugavamaks.<\/li>\n<p>&#13;<\/p>\n<li>Pesal on praktiline lihtsasti eemaldatav kate, mida v\u00f5ib pesumasinas pesta.<\/li>\n<p>&#13;<br \/>\n<br \/>&#13;<br \/>\n<b>Pesa m\u00f5\u00f5tmed<\/b><br \/>&#13;<br \/>\n140x105x17cm<\/p>\n","protected":false},"excerpt":{"rendered":"<p>Cazo Luna kollektsiooni kuuluv ovaalne punast v\u00e4rvi pesa koerale.<\/p>\n","protected":false},"featured_media":18010,"template":"","meta":[],"product_cat":[692,456],"product_tag":[],"class_list":{"0":"post-18009","1":"product","2":"type-product","3":"status-publish","4":"has-post-thumbnail","6":"product_cat-lemmikutele-lisaks","7":"product_cat-pesad-ja-asemed","8":"pa_brand-cazo","9":"pa_ean-3136","10":"pa_kaal-3-000","11":"pa_tootjariik-poola","13":"first","14":"instock","15":"taxable","16":"shipping-taxable","17":"purchasable","18":"product-type-simple"},"_links":{"self":[{"href":"https:\/\/kasskoer.ee\/en\/wp-json\/wp\/v2\/product\/18009","targetHints":{"allow":["GET"]}}],"collection":[{"href":"https:\/\/kasskoer.ee\/en\/wp-json\/wp\/v2\/product"}],"about":[{"href":"https:\/\/kasskoer.ee\/en\/wp-json\/wp\/v2\/types\/product"}],"wp:featuredmedia":[{"embeddable":true,"href":"https:\/\/kasskoer.ee\/en\/wp-json\/wp\/v2\/media\/18010"}],"wp:attachment":[{"href":"https:\/\/kasskoer.ee\/en\/wp-json\/wp\/v2\/media?parent=18009"}],"wp:term":[{"taxonomy":"product_cat","embeddable":true,"href":"https:\/\/kasskoer.ee\/en\/wp-json\/wp\/v2\/product_cat?post=18009"},{"taxonomy":"product_tag","embeddable":true,"href":"https:\/\/kasskoer.ee\/en\/wp-json\/wp\/v2\/product_tag?post=18009"}],"curies":[{"name":"wp","href":"https:\/\/api.w.org\/{rel}","templated":true}]}}