{"id":18033,"date":"2026-04-20T03:10:00","date_gmt":"2026-04-20T00:10:00","guid":{"rendered":"https:\/\/kasskoer.ee\/product\/cazo-foam-bed-one-original-blue-pesa-koertele-44x38cm\/"},"modified":"2026-04-20T03:10:01","modified_gmt":"2026-04-20T00:10:01","slug":"cazo-foam-bed-one-original-blue-pesa-koertele-44x38cm","status":"publish","type":"product","link":"https:\/\/kasskoer.ee\/en\/toode\/cazo-foam-bed-one-original-blue-pesa-koertele-44x38cm\/","title":{"rendered":"Cazo Foam Bed One Original Blue pesa koertele 44x38cm"},"content":{"rendered":"<p>Suurep\u00e4rase v\u00e4limusega pesa on valmistatud vastupidavast kangast. Pesa sisuks on pehme \u00fcmberp\u00f6\u00f6ratav padi, mis on eri k\u00fclgedelt eri tooni.<br \/>&#13;<br \/>\nPesa v\u00f5ib pesumasinas pesta. Lihtne hooldus aitab hoida pesa kogu aeg puhtana.<br \/>&#13;<br \/>\n<br \/>&#13;<br \/>\nPesa suurus: 44x38cm<\/p>\n","protected":false},"excerpt":{"rendered":"<p>Cazo One Original kollektsiooni pesa koertele.<\/p>\n","protected":false},"featured_media":18034,"template":"","meta":[],"product_cat":[692,456],"product_tag":[],"class_list":{"0":"post-18033","1":"product","2":"type-product","3":"status-publish","4":"has-post-thumbnail","6":"product_cat-lemmikutele-lisaks","7":"product_cat-pesad-ja-asemed","8":"pa_brand-cazo","9":"pa_ean-3141","10":"pa_kaal-2-000","11":"pa_tootjariik-poola","13":"first","14":"outofstock","15":"taxable","16":"shipping-taxable","17":"purchasable","18":"product-type-simple"},"_links":{"self":[{"href":"https:\/\/kasskoer.ee\/en\/wp-json\/wp\/v2\/product\/18033","targetHints":{"allow":["GET"]}}],"collection":[{"href":"https:\/\/kasskoer.ee\/en\/wp-json\/wp\/v2\/product"}],"about":[{"href":"https:\/\/kasskoer.ee\/en\/wp-json\/wp\/v2\/types\/product"}],"wp:featuredmedia":[{"embeddable":true,"href":"https:\/\/kasskoer.ee\/en\/wp-json\/wp\/v2\/media\/18034"}],"wp:attachment":[{"href":"https:\/\/kasskoer.ee\/en\/wp-json\/wp\/v2\/media?parent=18033"}],"wp:term":[{"taxonomy":"product_cat","embeddable":true,"href":"https:\/\/kasskoer.ee\/en\/wp-json\/wp\/v2\/product_cat?post=18033"},{"taxonomy":"product_tag","embeddable":true,"href":"https:\/\/kasskoer.ee\/en\/wp-json\/wp\/v2\/product_tag?post=18033"}],"curies":[{"name":"wp","href":"https:\/\/api.w.org\/{rel}","templated":true}]}}