{"id":18086,"date":"2026-04-20T03:05:29","date_gmt":"2026-04-20T00:05:29","guid":{"rendered":"https:\/\/kasskoer.ee\/product\/freedog-ultratrail-sinine-jooksuvoo-rihmaga-21mm-x-120cm\/"},"modified":"2026-04-20T03:05:31","modified_gmt":"2026-04-20T00:05:31","slug":"freedog-ultratrail-sinine-jooksuvoo-rihmaga-21mm-x-120cm","status":"publish","type":"product","link":"https:\/\/kasskoer.ee\/en\/toode\/freedog-ultratrail-sinine-jooksuvoo-rihmaga-21mm-x-120cm\/","title":{"rendered":"Freedog UltraTrail sinine jooksuv\u00f6\u00f6 rihmaga 21mm x 120cm"},"content":{"rendered":"<p><b>Freedog sinist v\u00e4rvi jalutus- ja jooksuv\u00f6\u00f6 koos elastse rihmaga koerale.<\/b>&#13;<\/p>\n<li>120cm pikk elastne helkurribaga rihm \u2013 topeltfunktsiooniga rihma saab kinnitada v\u00f6\u00f6 k\u00fclge v\u00f5i kasutada eraldi jalutusrihmana.<\/li>\n<p>&#13;<\/p>\n<li>V\u00f6\u00f6l on suur veekindel tasku, kuhu saab paigutada n\u00e4iteks mobiiltelefoni, v\u00f5tmed v\u00f5i maiused.<\/li>\n<p>&#13;<\/p>\n<li>V\u00f6\u00f6l on kuni 0,5L pudelile pudelihoidja.<\/li>\n<p>&#13;<\/p>\n<li>V\u00f6\u00f6 on reguleeritav ja sobib igas suuruses v\u00f6\u00f6kohtadele.<\/li>\n<p>&#13;<\/p>\n<li>Helkurdetailid tagavad maksimaalse ohutuse ja muudavad pimedas jalutusk\u00e4igud turvalisemaks.<\/li>\n","protected":false},"excerpt":{"rendered":"<p>Parimatest materjalidest v\u00f6\u00f6 v\u00f5imaldab mugavalt k\u00f5ndida v\u00f5i joosta koos oma lemmikuga.<\/p>\n","protected":false},"featured_media":18087,"template":"","meta":[],"product_cat":[1331],"product_tag":[],"class_list":{"0":"post-18086","1":"product","2":"type-product","3":"status-publish","4":"has-post-thumbnail","6":"product_cat-koerte-rihmad","7":"pa_brand-freedog","8":"pa_ean-3164","9":"pa_kaal-0-220","10":"pa_tootjariik-hiina","12":"first","13":"instock","14":"taxable","15":"shipping-taxable","16":"purchasable","17":"product-type-simple"},"_links":{"self":[{"href":"https:\/\/kasskoer.ee\/en\/wp-json\/wp\/v2\/product\/18086","targetHints":{"allow":["GET"]}}],"collection":[{"href":"https:\/\/kasskoer.ee\/en\/wp-json\/wp\/v2\/product"}],"about":[{"href":"https:\/\/kasskoer.ee\/en\/wp-json\/wp\/v2\/types\/product"}],"wp:featuredmedia":[{"embeddable":true,"href":"https:\/\/kasskoer.ee\/en\/wp-json\/wp\/v2\/media\/18087"}],"wp:attachment":[{"href":"https:\/\/kasskoer.ee\/en\/wp-json\/wp\/v2\/media?parent=18086"}],"wp:term":[{"taxonomy":"product_cat","embeddable":true,"href":"https:\/\/kasskoer.ee\/en\/wp-json\/wp\/v2\/product_cat?post=18086"},{"taxonomy":"product_tag","embeddable":true,"href":"https:\/\/kasskoer.ee\/en\/wp-json\/wp\/v2\/product_tag?post=18086"}],"curies":[{"name":"wp","href":"https:\/\/api.w.org\/{rel}","templated":true}]}}