{"id":18138,"date":"2026-04-20T03:05:25","date_gmt":"2026-04-20T00:05:25","guid":{"rendered":"https:\/\/kasskoer.ee\/product\/freedog-boreal-kaprisinine-kaelarihm-koerale-20mm-x-43-52cm\/"},"modified":"2026-04-20T03:05:28","modified_gmt":"2026-04-20T00:05:28","slug":"freedog-boreal-kaprisinine-kaelarihm-koerale-20mm-x-43-52cm","status":"publish","type":"product","link":"https:\/\/kasskoer.ee\/en\/toode\/freedog-boreal-kaprisinine-kaelarihm-koerale-20mm-x-43-52cm\/","title":{"rendered":"Freedog Boreal kaprisinine kaelarihm koerale 20mm x 43-52cm"},"content":{"rendered":"<p><b>Freedog Boreal metallist liuguriga reguleeritav kaelarihm koerale.<\/b>&#13;<\/p>\n<li>Kaelarihmal on turvalukuga plastikust sulgurklamber.<\/li>\n<p>&#13;<\/p>\n<li>Rihma sisemine polsterdus tagab teie lemmiklooma mugavuse.<\/li>\n<p>&#13;<\/p>\n<li>P\u00e4ikesevalguses muudab materjal v\u00e4rvi, luues futuristliku ja v\u00e4ga atraktiivse efekti.<\/li>\n<p>&#13;<\/p>\n<li>Rihmal olev helkur muudab pimedas jalutusk\u00e4igu turvalisemaks.<\/li>\n<p>&#13;<\/p>\n<li>Rihm on pesumasinas pestav.<\/li>\n","protected":false},"excerpt":{"rendered":"<p>Suurep\u00e4rase vastupidavusega nailonist ja kunstnahast valmistatud mugav kaelarihm.<\/p>\n","protected":false},"featured_media":18139,"template":"","meta":[],"product_cat":[1331],"product_tag":[],"class_list":{"0":"post-18138","1":"product","2":"type-product","3":"status-publish","4":"has-post-thumbnail","6":"product_cat-koerte-rihmad","7":"pa_brand-freedog","8":"pa_ean-3176","9":"pa_kaal-0-060","10":"pa_tootjariik-hiina","12":"first","13":"instock","14":"taxable","15":"shipping-taxable","16":"purchasable","17":"product-type-simple"},"_links":{"self":[{"href":"https:\/\/kasskoer.ee\/en\/wp-json\/wp\/v2\/product\/18138","targetHints":{"allow":["GET"]}}],"collection":[{"href":"https:\/\/kasskoer.ee\/en\/wp-json\/wp\/v2\/product"}],"about":[{"href":"https:\/\/kasskoer.ee\/en\/wp-json\/wp\/v2\/types\/product"}],"wp:featuredmedia":[{"embeddable":true,"href":"https:\/\/kasskoer.ee\/en\/wp-json\/wp\/v2\/media\/18139"}],"wp:attachment":[{"href":"https:\/\/kasskoer.ee\/en\/wp-json\/wp\/v2\/media?parent=18138"}],"wp:term":[{"taxonomy":"product_cat","embeddable":true,"href":"https:\/\/kasskoer.ee\/en\/wp-json\/wp\/v2\/product_cat?post=18138"},{"taxonomy":"product_tag","embeddable":true,"href":"https:\/\/kasskoer.ee\/en\/wp-json\/wp\/v2\/product_tag?post=18138"}],"curies":[{"name":"wp","href":"https:\/\/api.w.org\/{rel}","templated":true}]}}