{"id":18211,"date":"2026-04-20T03:05:22","date_gmt":"2026-04-20T00:05:22","guid":{"rendered":"https:\/\/kasskoer.ee\/product\/freedog-silmapuhastuslapid-40tk-28x18cm\/"},"modified":"2026-04-20T03:05:23","modified_gmt":"2026-04-20T00:05:23","slug":"freedog-silmapuhastuslapid-40tk-28x18cm","status":"publish","type":"product","link":"https:\/\/kasskoer.ee\/en\/toode\/freedog-silmapuhastuslapid-40tk-28x18cm\/","title":{"rendered":"Freedog silmapuhastuslapid 40tk 28x18cm"},"content":{"rendered":"<p><b>Freedog niisked lapid kasside ja koerte silma\u00fcmbruse puhastamiseks.<\/b>&#13;<\/p>\n<li>Puhastuslapid aitavad \u00f5rnalt puhastada silmade \u00fcmbrust, eemaldada mustust ning v\u00e4hendada pisaraplekke.<\/li>\n<p>&#13;<\/p>\n<li>Mugav ja kiire lahendus \u2013 ideaalne kasutamiseks igal ajal.<\/li>\n<p>&#13;<\/p>\n<li>Ei sisalda kahjulikke aineid \u2013 mittetoksiline ja ohutu lemmikloomadele.<\/li>\n<p>&#13;<\/p>\n<li>Pakendis 40 puhastuslappi suurusega 28x18cm.<\/li>\n","protected":false},"excerpt":{"rendered":"<p>Niisked puhastuslapid lemmikute silmade puhastamiseks.<\/p>\n","protected":false},"featured_media":18212,"template":"","meta":[],"product_cat":[688,365],"product_tag":[],"class_list":{"0":"post-18211","1":"product","2":"type-product","3":"status-publish","4":"has-post-thumbnail","6":"product_cat-koerad","7":"product_cat-koerte-tarvikud","8":"pa_brand-freedog","9":"pa_ean-3197","10":"pa_kaal-0-440","11":"pa_tootjariik-hiina","13":"first","14":"instock","15":"taxable","16":"shipping-taxable","17":"purchasable","18":"product-type-simple"},"_links":{"self":[{"href":"https:\/\/kasskoer.ee\/en\/wp-json\/wp\/v2\/product\/18211","targetHints":{"allow":["GET"]}}],"collection":[{"href":"https:\/\/kasskoer.ee\/en\/wp-json\/wp\/v2\/product"}],"about":[{"href":"https:\/\/kasskoer.ee\/en\/wp-json\/wp\/v2\/types\/product"}],"wp:featuredmedia":[{"embeddable":true,"href":"https:\/\/kasskoer.ee\/en\/wp-json\/wp\/v2\/media\/18212"}],"wp:attachment":[{"href":"https:\/\/kasskoer.ee\/en\/wp-json\/wp\/v2\/media?parent=18211"}],"wp:term":[{"taxonomy":"product_cat","embeddable":true,"href":"https:\/\/kasskoer.ee\/en\/wp-json\/wp\/v2\/product_cat?post=18211"},{"taxonomy":"product_tag","embeddable":true,"href":"https:\/\/kasskoer.ee\/en\/wp-json\/wp\/v2\/product_tag?post=18211"}],"curies":[{"name":"wp","href":"https:\/\/api.w.org\/{rel}","templated":true}]}}