{"id":18214,"date":"2026-04-20T03:05:22","date_gmt":"2026-04-20T00:05:22","guid":{"rendered":"https:\/\/kasskoer.ee\/product\/freedog-kuunetangid-pro-16-x-55cm\/"},"modified":"2026-04-20T03:05:24","modified_gmt":"2026-04-20T00:05:24","slug":"freedog-kuunetangid-pro-16-x-55cm","status":"publish","type":"product","link":"https:\/\/kasskoer.ee\/en\/toode\/freedog-kuunetangid-pro-16-x-55cm\/","title":{"rendered":"Freedog k\u00fc\u00fcnetangid PRO 16 x 5,5cm"},"content":{"rendered":"<p><b>Freedog ergonoomilise k\u00e4epidemega k\u00fc\u00fcnetangid koerte ja kasside k\u00fc\u00fcnte l\u00f5ikamiseks.<\/b>&#13;<\/p>\n<li>Tugevad ja vastupidavad terad \u2013 tagavad sujuva ja t\u00e4pse l\u00f5ikuse.<\/li>\n<p>&#13;<\/p>\n<li>V\u00e4ga vastupidav konstruktsioon \u2013 kvaliteetsed materjalid tagavad pika kasutusea.<\/li>\n<p>&#13;<\/p>\n<li>Ergonoomiline libisemiskindel k\u00e4epide \u2013 mugav ja kindel haare.<\/li>\n<p>&#13;<\/p>\n<li>Ohutuslukk \u2013 turvaliseks hoiustamiseks.<\/li>\n","protected":false},"excerpt":{"rendered":"<p>K\u00fc\u00fcnetangid koerte ja kasside k\u00fc\u00fcnte t\u00e4pseks ja turvaliseks l\u00f5ikamiseks.<\/p>\n","protected":false},"featured_media":18215,"template":"","meta":[],"product_cat":[688,365],"product_tag":[],"class_list":{"0":"post-18214","1":"product","2":"type-product","3":"status-publish","4":"has-post-thumbnail","6":"product_cat-koerad","7":"product_cat-koerte-tarvikud","8":"pa_brand-freedog","9":"pa_ean-3199","10":"pa_kaal-0-110","11":"pa_tootjariik-hiina","13":"first","14":"instock","15":"taxable","16":"shipping-taxable","17":"purchasable","18":"product-type-simple"},"_links":{"self":[{"href":"https:\/\/kasskoer.ee\/en\/wp-json\/wp\/v2\/product\/18214","targetHints":{"allow":["GET"]}}],"collection":[{"href":"https:\/\/kasskoer.ee\/en\/wp-json\/wp\/v2\/product"}],"about":[{"href":"https:\/\/kasskoer.ee\/en\/wp-json\/wp\/v2\/types\/product"}],"wp:featuredmedia":[{"embeddable":true,"href":"https:\/\/kasskoer.ee\/en\/wp-json\/wp\/v2\/media\/18215"}],"wp:attachment":[{"href":"https:\/\/kasskoer.ee\/en\/wp-json\/wp\/v2\/media?parent=18214"}],"wp:term":[{"taxonomy":"product_cat","embeddable":true,"href":"https:\/\/kasskoer.ee\/en\/wp-json\/wp\/v2\/product_cat?post=18214"},{"taxonomy":"product_tag","embeddable":true,"href":"https:\/\/kasskoer.ee\/en\/wp-json\/wp\/v2\/product_tag?post=18214"}],"curies":[{"name":"wp","href":"https:\/\/api.w.org\/{rel}","templated":true}]}}