{"id":18216,"date":"2026-04-20T03:05:22","date_gmt":"2026-04-20T00:05:22","guid":{"rendered":"https:\/\/kasskoer.ee\/product\/freedog-kuunekaarid-10-x-65cm\/"},"modified":"2026-04-20T03:05:24","modified_gmt":"2026-04-20T00:05:24","slug":"freedog-kuunekaarid-10-x-65cm","status":"publish","type":"product","link":"https:\/\/kasskoer.ee\/en\/toode\/freedog-kuunekaarid-10-x-65cm\/","title":{"rendered":"Freedog k\u00fc\u00fcnek\u00e4\u00e4rid 10 x 6,5cm"},"content":{"rendered":"<p><b>Freedog ergonoomilised k\u00fc\u00fcnek\u00e4\u00e4rid kasside ja v\u00e4ikeste koerte k\u00fc\u00fcnte l\u00f5ikamiseks.<\/b>&#13;<\/p>\n<li>Tugevad ja vastupidavad terad \u2013 tagavad sujuva ja t\u00e4pse l\u00f5ikuse.<\/li>\n<p>&#13;<\/p>\n<li>Ergonoomiline disain koos kahe avaga \u2013 tagab ohutu l\u00f5ikuse ja mugava haarde.<\/li>\n<p>&#13;<\/p>\n<li>Kompaktne suurus.<\/li>\n","protected":false},"excerpt":{"rendered":"<p>K\u00fc\u00fcnek\u00e4\u00e4rid lemmiku k\u00fc\u00fcnte t\u00e4pseks ja turvaliseks l\u00f5ikamiseks.<\/p>\n","protected":false},"featured_media":18217,"template":"","meta":[],"product_cat":[688,365],"product_tag":[],"class_list":{"0":"post-18216","1":"product","2":"type-product","3":"status-publish","4":"has-post-thumbnail","6":"product_cat-koerad","7":"product_cat-koerte-tarvikud","8":"pa_brand-freedog","9":"pa_ean-3200","10":"pa_kaal-0-040","11":"pa_tootjariik-hiina","13":"first","14":"outofstock","15":"taxable","16":"shipping-taxable","17":"purchasable","18":"product-type-simple"},"_links":{"self":[{"href":"https:\/\/kasskoer.ee\/en\/wp-json\/wp\/v2\/product\/18216","targetHints":{"allow":["GET"]}}],"collection":[{"href":"https:\/\/kasskoer.ee\/en\/wp-json\/wp\/v2\/product"}],"about":[{"href":"https:\/\/kasskoer.ee\/en\/wp-json\/wp\/v2\/types\/product"}],"wp:featuredmedia":[{"embeddable":true,"href":"https:\/\/kasskoer.ee\/en\/wp-json\/wp\/v2\/media\/18217"}],"wp:attachment":[{"href":"https:\/\/kasskoer.ee\/en\/wp-json\/wp\/v2\/media?parent=18216"}],"wp:term":[{"taxonomy":"product_cat","embeddable":true,"href":"https:\/\/kasskoer.ee\/en\/wp-json\/wp\/v2\/product_cat?post=18216"},{"taxonomy":"product_tag","embeddable":true,"href":"https:\/\/kasskoer.ee\/en\/wp-json\/wp\/v2\/product_tag?post=18216"}],"curies":[{"name":"wp","href":"https:\/\/api.w.org\/{rel}","templated":true}]}}