{"id":18219,"date":"2026-04-20T03:05:22","date_gmt":"2026-04-20T00:05:22","guid":{"rendered":"https:\/\/kasskoer.ee\/product\/freedog-pissilapid-kassidele-ja-koertele-60x90cm-10tk\/"},"modified":"2026-04-20T03:05:24","modified_gmt":"2026-04-20T00:05:24","slug":"freedog-pissilapid-kassidele-ja-koertele-60x90cm-10tk","status":"publish","type":"product","link":"https:\/\/kasskoer.ee\/en\/toode\/freedog-pissilapid-kassidele-ja-koertele-60x90cm-10tk\/","title":{"rendered":"Freedog pissilapid kassidele ja koertele 60x90cm 10tk"},"content":{"rendered":"<p><b>Freedog nurgakleepsudega superimavad pissilapid lemmikutele.<\/b>&#13;<\/p>\n<li>Lihtne kasutada \u2013 sobib nii treeninguks kui ka igap\u00e4evaseks kasutamiseks.<\/li>\n<p>&#13;<\/p>\n<li>Pehme ja mugav pind \u2013 hoiab looma k\u00e4pad kuivana.<\/li>\n<p>&#13;<\/p>\n<li>Tugeva imamisv\u00f5imega SAP5 pol\u00fcmeerid tagavad kiire vedeliku lukustamise, hoides p\u00f5randa kuivana ja ebameeldiva l\u00f5hna kontrolli all.<\/li>\n<p>&#13;<\/p>\n<li>Lateksivaba ja mittetoksiline \u2013 ohutu nii lemmikule kui ka keskkonnale.<\/li>\n","protected":false},"excerpt":{"rendered":"<p>Tugeva imamisv\u00f5imega pissilapid lemmikule.<\/p>\n","protected":false},"featured_media":18220,"template":"","meta":[],"product_cat":[688,365],"product_tag":[],"class_list":{"0":"post-18219","1":"product","2":"type-product","3":"status-publish","4":"has-post-thumbnail","6":"product_cat-koerad","7":"product_cat-koerte-tarvikud","8":"pa_brand-freedog","9":"pa_ean-3201","10":"pa_kaal-0-620","11":"pa_tootjariik-hiina","13":"first","14":"instock","15":"taxable","16":"shipping-taxable","17":"purchasable","18":"product-type-simple"},"_links":{"self":[{"href":"https:\/\/kasskoer.ee\/en\/wp-json\/wp\/v2\/product\/18219","targetHints":{"allow":["GET"]}}],"collection":[{"href":"https:\/\/kasskoer.ee\/en\/wp-json\/wp\/v2\/product"}],"about":[{"href":"https:\/\/kasskoer.ee\/en\/wp-json\/wp\/v2\/types\/product"}],"wp:featuredmedia":[{"embeddable":true,"href":"https:\/\/kasskoer.ee\/en\/wp-json\/wp\/v2\/media\/18220"}],"wp:attachment":[{"href":"https:\/\/kasskoer.ee\/en\/wp-json\/wp\/v2\/media?parent=18219"}],"wp:term":[{"taxonomy":"product_cat","embeddable":true,"href":"https:\/\/kasskoer.ee\/en\/wp-json\/wp\/v2\/product_cat?post=18219"},{"taxonomy":"product_tag","embeddable":true,"href":"https:\/\/kasskoer.ee\/en\/wp-json\/wp\/v2\/product_tag?post=18219"}],"curies":[{"name":"wp","href":"https:\/\/api.w.org\/{rel}","templated":true}]}}