{"id":18277,"date":"2026-04-20T03:05:25","date_gmt":"2026-04-20T00:05:25","guid":{"rendered":"https:\/\/kasskoer.ee\/product\/freedog-boreal-fuksiaroosa-jalutusrihm-koerale-15mm-x-120-180cm\/"},"modified":"2026-04-20T03:05:27","modified_gmt":"2026-04-20T00:05:27","slug":"freedog-boreal-fuksiaroosa-jalutusrihm-koerale-15mm-x-120-180cm","status":"publish","type":"product","link":"https:\/\/kasskoer.ee\/en\/toode\/freedog-boreal-fuksiaroosa-jalutusrihm-koerale-15mm-x-120-180cm\/","title":{"rendered":"Freedog Boreal fuksiaroosa jalutusrihm koerale 15mm x 120-180cm"},"content":{"rendered":"<p><b>Freedog Boreal metallist liuguriga reguleeritav jalutusrihm koerale.<\/b>&#13;<\/p>\n<li>Metallist liugur v\u00f5imaldab reguleerida soovitud pikkust vahemikus 120-180 cm.<\/li>\n<p>&#13;<\/p>\n<li>K\u00e4epide on eriti pehme ja polsterdatud, et tagada mugavam jalutusk\u00e4ik.<\/li>\n<p>&#13;<\/p>\n<li>P\u00e4ikesevalguses muudab materjal v\u00e4rvi, luues futuristliku ja v\u00e4ga atraktiivse efekti.<\/li>\n<p>&#13;<\/p>\n<li>Rihmal on v\u00e4ga kerge karabiin turvas\u00fcsteemiga ning kogu rihma ulatuses on helkurribad.<\/li>\n<p>&#13;<\/p>\n<li>Rihmal on lisar\u00f5ngas, kuhu saab kinnitada n\u00e4iteks kakakotikeste hoidja.<\/li>\n","protected":false},"excerpt":{"rendered":"<p>Suurep\u00e4rase vastupidavusega nailonist ja kunstnahast valmistatud jalutusrihm.<\/p>\n","protected":false},"featured_media":18278,"template":"","meta":[],"product_cat":[1331],"product_tag":[],"class_list":{"0":"post-18277","1":"product","2":"type-product","3":"status-publish","4":"has-post-thumbnail","6":"product_cat-koerte-rihmad","7":"pa_brand-freedog","8":"pa_ean-3222","9":"pa_kaal-0-100","10":"pa_tootjariik-hiina","12":"first","13":"instock","14":"taxable","15":"shipping-taxable","16":"purchasable","17":"product-type-simple"},"_links":{"self":[{"href":"https:\/\/kasskoer.ee\/en\/wp-json\/wp\/v2\/product\/18277","targetHints":{"allow":["GET"]}}],"collection":[{"href":"https:\/\/kasskoer.ee\/en\/wp-json\/wp\/v2\/product"}],"about":[{"href":"https:\/\/kasskoer.ee\/en\/wp-json\/wp\/v2\/types\/product"}],"wp:featuredmedia":[{"embeddable":true,"href":"https:\/\/kasskoer.ee\/en\/wp-json\/wp\/v2\/media\/18278"}],"wp:attachment":[{"href":"https:\/\/kasskoer.ee\/en\/wp-json\/wp\/v2\/media?parent=18277"}],"wp:term":[{"taxonomy":"product_cat","embeddable":true,"href":"https:\/\/kasskoer.ee\/en\/wp-json\/wp\/v2\/product_cat?post=18277"},{"taxonomy":"product_tag","embeddable":true,"href":"https:\/\/kasskoer.ee\/en\/wp-json\/wp\/v2\/product_tag?post=18277"}],"curies":[{"name":"wp","href":"https:\/\/api.w.org\/{rel}","templated":true}]}}