{"id":18291,"date":"2026-04-20T03:05:17","date_gmt":"2026-04-20T00:05:17","guid":{"rendered":"https:\/\/kasskoer.ee\/product\/carnilove-kulmkuivatatud-maius-turkey-koertele-60g\/"},"modified":"2026-04-20T03:05:19","modified_gmt":"2026-04-20T00:05:19","slug":"carnilove-kulmkuivatatud-maius-turkey-koertele-60g","status":"publish","type":"product","link":"https:\/\/kasskoer.ee\/en\/toode\/carnilove-kulmkuivatatud-maius-turkey-koertele-60g\/","title":{"rendered":"Carnilove k\u00fclmkuivatatud maius Turkey koertele 60g"},"content":{"rendered":"<p><b>Carnilove k\u00fclmkuivatatud kalkun &#8211; t\u00e4iends\u00f6\u00f6t koertele.<\/b>&#13;<\/p>\n<li>96% k\u00fclmkuivatatud v\u00e4rsket kalkuniliha ja -organeid.<\/li>\n<p>&#13;<\/p>\n<li>Maiused valmistatakse erimeetodil, kus toorained kuivatatakse k\u00fclmutamise teel. Selline tootmisviis tagab, et s\u00e4ilib v\u00e4rskele lihale omane maitse ja olulised toitained.<\/li>\n<p>&#13;<\/p>\n<li>Sisaldab ainult \u00fchte sorti valku.<\/li>\n<p>&#13;<\/p>\n<li>Sobib nii kutsikatele kui ka t\u00e4iskasvanud koertele.<\/li>\n<p>&#13;<\/p>\n<li>Teraviljavaba.<\/li>\n<p>&#13;<\/p>\n<li>Ei ole lisatud kartuleid.<\/li>\n<p>&#13;<br \/>\n<br \/>&#13;<br \/>\n<b>Koostis<\/b><br \/>&#13;<br \/>\nV\u00e4rske kalkuni l\u00f5iked (96%), lignotselluloos (2%), hernejahu.<br \/>&#13;<br \/>\n<br \/><b>Anal\u00fc\u00fctilised koostisosad<\/b><br \/>&#13;<br \/>\nToorvalk 42,0%, toorrasv 35,0%, niiskus 4,0%, toortuhk 10,0%, toorkiud 2,5%, kaltsium 3,0%, fosfor 2,0%, naatrium 1,0%. <br \/>&#13;<br \/>\n<br \/>&#13;<br \/>\n<b>S\u00f6\u00f6dalisandid<\/b><br \/>&#13;<br \/>\nSisaldab looduslikke antioks\u00fcdante: tokoferooli ekstraktid taime\u00f5lidest (1b306(i)), askorb\u00fc\u00fclpalmitaat (1b304) ja rosmariini ekstrakt. Sisaldab EL poolt heaks kiidetud s\u00e4ilitusaineid: sidrunhape (1a330).<br \/>&#13;<br \/>\n<br \/>&#13;<br \/>\n<b>Metaboliseeruv energia<\/b><br \/>&#13;<br \/>\n4880 kcal\/kg<br \/>&#13;<br \/>\n<br \/>&#13;<br \/>\n<b>S\u00f6\u00f6tmisjuhend<\/b><br \/>&#13;<br \/>\nAnda igap\u00e4evaselt koos toiduga toidu maitse ja omaduste parendamiseks v\u00f5i maiusena. K\u00fclmkuivatatud t\u00e4iends\u00f6\u00f6t on m\u00f5eldud kasutamiseks toidulisandina, mitte t\u00e4iss\u00f6\u00f6da ja tasakaalustatud toitumise alternatiivina. 100 g k\u00fclmkuivatatud toote toitev\u00e4\u00e4rtus vastab 300 g v\u00e4rske toore liha toitev\u00e4\u00e4rtusele. Tagage, et teie neljajalgsel s\u00f5bral on alati piisavalt v\u00e4rsket joogivett.<\/p>\n","protected":false},"excerpt":{"rendered":"<p>Eriti maitsekad v\u00e4rskest kalkunist k\u00fclmkuivatatud maiused.<\/p>\n","protected":false},"featured_media":18292,"template":"","meta":[],"product_cat":[1210,688],"product_tag":[],"class_list":{"0":"post-18291","1":"product","2":"type-product","3":"status-publish","4":"has-post-thumbnail","6":"product_cat-koerte-maiused","7":"product_cat-koerad","8":"pa_brand-carnilove","9":"pa_ean-3225","10":"pa_kaal-0-060","11":"pa_tootjariik-eesti","13":"first","14":"instock","15":"taxable","16":"shipping-taxable","17":"purchasable","18":"product-type-simple"},"_links":{"self":[{"href":"https:\/\/kasskoer.ee\/en\/wp-json\/wp\/v2\/product\/18291","targetHints":{"allow":["GET"]}}],"collection":[{"href":"https:\/\/kasskoer.ee\/en\/wp-json\/wp\/v2\/product"}],"about":[{"href":"https:\/\/kasskoer.ee\/en\/wp-json\/wp\/v2\/types\/product"}],"wp:featuredmedia":[{"embeddable":true,"href":"https:\/\/kasskoer.ee\/en\/wp-json\/wp\/v2\/media\/18292"}],"wp:attachment":[{"href":"https:\/\/kasskoer.ee\/en\/wp-json\/wp\/v2\/media?parent=18291"}],"wp:term":[{"taxonomy":"product_cat","embeddable":true,"href":"https:\/\/kasskoer.ee\/en\/wp-json\/wp\/v2\/product_cat?post=18291"},{"taxonomy":"product_tag","embeddable":true,"href":"https:\/\/kasskoer.ee\/en\/wp-json\/wp\/v2\/product_tag?post=18291"}],"curies":[{"name":"wp","href":"https:\/\/api.w.org\/{rel}","templated":true}]}}