{"id":18297,"date":"2026-04-20T03:05:17","date_gmt":"2026-04-20T00:05:17","guid":{"rendered":"https:\/\/kasskoer.ee\/product\/brit-premium-meat-plate-multipakk-margtoit-kassidele-4x100g\/"},"modified":"2026-04-20T03:05:19","modified_gmt":"2026-04-20T00:05:19","slug":"brit-premium-meat-plate-multipakk-margtoit-kassidele-4x100g","status":"publish","type":"product","link":"https:\/\/kasskoer.ee\/en\/toode\/brit-premium-meat-plate-multipakk-margtoit-kassidele-4x100g\/","title":{"rendered":"Brit Premium Meat Plate multipakk m\u00e4rgtoit kassidele 4x100g"},"content":{"rendered":"<p><b>Brit Premium t\u00e4iskasvanud kassidele m\u00f5eldud einekotikesed kastmes. Multipakk sisaldab kahte erinevat sorti: 2 tk kana ja kalkuniga, 2 tk loomalihahautise ja hernestega. Premium m\u00e4rg-t\u00e4iss\u00f6\u00f6t t\u00e4iskasvanud kassidele.<\/b><br \/>&#13;<\/p>\n<li>\u00d5rnad ja mahlased lihat\u00fckid pakuvad kassile toiduelamuse.<\/li>\n<p>&#13;<\/p>\n<li>Sisaldab vitamiine ja mineraalaineid.<\/li>\n<p>&#13;<\/p>\n<li>Ei sisalda toiduv\u00e4rve.<\/li>\n<p>&#13;<\/p>\n<li>Ei sisalda s\u00e4ilitusaineid.<\/li>\n<p>&#13;<br \/>\n<br \/>&#13;<br \/>\n<b>Koostis<\/b><br \/>&#13;<br \/>\n<b>Kana ja kalkuniga<\/b> &#8211; 85% liha ja loomset p\u00e4ritolu saadused t\u00fckkidena (40% kana, 12% kalkun), taimset p\u00e4ritolu saadused (0,4% inuliini), mineraalid.<br \/>&#13;<br \/>\n<b>Loomalihahautise ja hernestega<\/b> &#8211; 87% liha ja loomset p\u00e4ritolu saadused t\u00fckkidena (13% veiseliha), taimset p\u00e4ritolu saadused (0,4% inuliini), k\u00f6\u00f6giviljad (4% herned), mineraalid.<br \/>&#13;<br \/>\n<br \/>&#13;<br \/>\n<b>Anal\u00fc\u00fctilised koostisosad<\/b><br \/>&#13;<br \/>\nToorvalk 8,5%, toorrasv 4,5%, toortuhk 2,5%, toorkiud 0,4%, niiskus 82%.<br \/>&#13;<br \/>\n<br \/>&#13;<br \/>\n<b>S\u00f6\u00f6dalisandid<\/b><br \/>&#13;<br \/>\nVitamiin D3 (3a671) 160 R\u00dc, vitamiin E (3a700) 100 mg, tsink (3b605) 10 mg, mangaan (3b502) 2 mg, vask (3b405) 1,2 mg, jood (3b202) 0,2 mg, tauriin (3a370) 520 mg, biotiin 0,1 mg.<br \/>&#13;<br \/>\n<br \/>&#13;<br \/>\n<b>Toitmisteave<\/b><br \/>&#13;<br \/>\nServeerige toit toatemperatuuril. Avatuna hoida k\u00fclmkapis. Veenduge, et teie lemmikloomal on alati v\u00e4rske joogivesi.<\/p>\n","protected":false},"excerpt":{"rendered":"<p>Brit Premium lihaga einekotikeste multipakk t\u00e4iskasvanud kassidele.<\/p>\n","protected":false},"featured_media":18298,"template":"","meta":[],"product_cat":[689,33],"product_tag":[],"class_list":{"0":"post-18297","1":"product","2":"type-product","3":"status-publish","4":"has-post-thumbnail","6":"product_cat-kassid","7":"product_cat-konservid-kassidele","8":"pa_brand-brit-premium","9":"pa_ean-3228","10":"pa_kaal-0-400","11":"pa_tootjariik-euroopa-liit","13":"first","14":"instock","15":"taxable","16":"shipping-taxable","17":"purchasable","18":"product-type-simple"},"_links":{"self":[{"href":"https:\/\/kasskoer.ee\/en\/wp-json\/wp\/v2\/product\/18297","targetHints":{"allow":["GET"]}}],"collection":[{"href":"https:\/\/kasskoer.ee\/en\/wp-json\/wp\/v2\/product"}],"about":[{"href":"https:\/\/kasskoer.ee\/en\/wp-json\/wp\/v2\/types\/product"}],"wp:featuredmedia":[{"embeddable":true,"href":"https:\/\/kasskoer.ee\/en\/wp-json\/wp\/v2\/media\/18298"}],"wp:attachment":[{"href":"https:\/\/kasskoer.ee\/en\/wp-json\/wp\/v2\/media?parent=18297"}],"wp:term":[{"taxonomy":"product_cat","embeddable":true,"href":"https:\/\/kasskoer.ee\/en\/wp-json\/wp\/v2\/product_cat?post=18297"},{"taxonomy":"product_tag","embeddable":true,"href":"https:\/\/kasskoer.ee\/en\/wp-json\/wp\/v2\/product_tag?post=18297"}],"curies":[{"name":"wp","href":"https:\/\/api.w.org\/{rel}","templated":true}]}}