{"id":18331,"date":"2026-04-20T03:05:25","date_gmt":"2026-04-20T00:05:25","guid":{"rendered":"https:\/\/kasskoer.ee\/product\/freedog-boreal-kaprisinised-traksid-koerale-20mm-38-75cm\/"},"modified":"2026-04-20T03:05:26","modified_gmt":"2026-04-20T00:05:26","slug":"freedog-boreal-kaprisinised-traksid-koerale-20mm-38-75cm","status":"publish","type":"product","link":"https:\/\/kasskoer.ee\/en\/toode\/freedog-boreal-kaprisinised-traksid-koerale-20mm-38-75cm\/","title":{"rendered":"Freedog Boreal kaprisinised traksid koerale 20mm 38-75cm"},"content":{"rendered":"<p><b>Freedog Boreal metallist liuguritega reguleeritavad traksid koerale.<\/b>&#13;<\/p>\n<li>Reguleeritav disain &#8211; sobib ideaalselt erineva kehakujuga koertele.<\/li>\n<p>&#13;<\/p>\n<li>P\u00e4ikesevalguses muudab materjal v\u00e4rvi, luues futuristliku ja v\u00e4ga atraktiivse efekti.<\/li>\n<p>&#13;<\/p>\n<li>Kaks kinnitusr\u00f5ngast: seljal ja rinnal (t\u00f5mbamise vastane funktsioon).<\/li>\n<p>&#13;<\/p>\n<li>Helkurdetailid tagavad hea n\u00e4htavuse.<\/li>\n<p>&#13;<\/p>\n<li>Traksid on pesumasinas pestavad.<\/li>\n<p>&#13;<\/p>\n<li>Traksidel on 2 turvalukuga plastikust sulgurklambrit.<\/li>\n","protected":false},"excerpt":{"rendered":"<p>Boreal vastupidavad traksid igap\u00e4evaseks kasutamiseks.<\/p>\n","protected":false},"featured_media":18332,"template":"","meta":[],"product_cat":[1324],"product_tag":[],"class_list":{"0":"post-18331","1":"product","2":"type-product","3":"status-publish","4":"has-post-thumbnail","6":"product_cat-koerte-traksid","7":"pa_brand-freedog","8":"pa_ean-3235","9":"pa_kaal-0-240","10":"pa_tootjariik-hiina","12":"first","13":"instock","14":"taxable","15":"shipping-taxable","16":"purchasable","17":"product-type-simple"},"_links":{"self":[{"href":"https:\/\/kasskoer.ee\/en\/wp-json\/wp\/v2\/product\/18331","targetHints":{"allow":["GET"]}}],"collection":[{"href":"https:\/\/kasskoer.ee\/en\/wp-json\/wp\/v2\/product"}],"about":[{"href":"https:\/\/kasskoer.ee\/en\/wp-json\/wp\/v2\/types\/product"}],"wp:featuredmedia":[{"embeddable":true,"href":"https:\/\/kasskoer.ee\/en\/wp-json\/wp\/v2\/media\/18332"}],"wp:attachment":[{"href":"https:\/\/kasskoer.ee\/en\/wp-json\/wp\/v2\/media?parent=18331"}],"wp:term":[{"taxonomy":"product_cat","embeddable":true,"href":"https:\/\/kasskoer.ee\/en\/wp-json\/wp\/v2\/product_cat?post=18331"},{"taxonomy":"product_tag","embeddable":true,"href":"https:\/\/kasskoer.ee\/en\/wp-json\/wp\/v2\/product_tag?post=18331"}],"curies":[{"name":"wp","href":"https:\/\/api.w.org\/{rel}","templated":true}]}}