{"id":18440,"date":"2026-04-20T03:05:51","date_gmt":"2026-04-20T00:05:51","guid":{"rendered":"https:\/\/kasskoer.ee\/product\/churu-juicy-bites-shrimp-seafood-maius-kassile-3x113g-2\/"},"modified":"2026-04-20T03:05:53","modified_gmt":"2026-04-20T00:05:53","slug":"churu-juicy-bites-shrimp-seafood-maius-kassile-3x113g","status":"publish","type":"product","link":"https:\/\/kasskoer.ee\/en\/toode\/churu-juicy-bites-shrimp-seafood-maius-kassile-3x113g\/","title":{"rendered":"Churu Juicy Bites Shrimp Seafood maius kassile 3&#215;11,3g"},"content":{"rendered":"<p><b>Churu Juicy Bites teraviljavabad pehmed maiused kassidele krevettide ja mereandide maitsega. T\u00e4iends\u00f6\u00f6t kassidele.<\/b>&#13;<\/p>\n<li>Need maitsekad, niisked maiused sisaldavad 70% niiskust, mis on kassi hea tervise jaoks h\u00e4davajalik.<\/li>\n<p>&#13;<\/p>\n<li>15 kalorit paki kohta \u2013 see on peaaegu 50% v\u00e4hem kaloreid kui portsjon traditsioonilisi kuivmaiustusi, nii et saate neid s\u00f6\u00f6ta murevabalt oma kiisule.<\/li>\n<p>&#13;<\/p>\n<li>Teravilja- ja kunstlike s\u00e4ilitusainete vaba.<\/li>\n<p>&#13;<\/p>\n<li>Maius sisaldab E-vitamiini.<\/li>\n<p> &#13;<\/p>\n<li>Iga pakend sisaldab kolme \u00fcksikut pakki, et s\u00e4ilitada maksimaalne v\u00e4rskus.<\/li>\n<p>&#13;<br \/>\n<br \/>&#13;<br \/>\n<b>Koostis<\/b><br \/>&#13;<br \/>\nKreveti maitsega maiused: kana (98,4%), tuunikala, tapiokk (kuivatatud), krevetipasta (0,4%).<br \/>&#13;<br \/>\nMereandide maitsega maiused: kana (90,2%), tuunikala (8,5%), tapiokk (kuivatatud), tuunikala ekstrakt (0,4%), kammkarbi ekstrakt (0,2%), krabi ekstrakt (0,2%).<br \/>&#13;<br \/>\n<br \/>&#13;<br \/>\n<b>Anal\u00fc\u00fctilised koostisosad<\/b><br \/>&#13;<br \/>\nToorvalk 29,0%, toorrasv 3,5%, toortuhk 1,4%, toorkiud 0,1%, niiskus 66%.<br \/>&#13;<br \/>\n<br \/>&#13;<br \/>\n<b>S\u00f6\u00f6dalisandid<\/b><br \/>&#13;<br \/>\nTehnoloogilised lisandid: 2b looduslikud tooted &#8211; botaaniliselt m\u00e4\u00e4ratletud, Camellia thea Link 200 mg. V\u00e4rvained: 2b looduslikud tooted &#8211; botaaniliselt m\u00e4\u00e4ratletud, paprikaekstrakt 0,2g. Toiteainelised lisandid: E-vitamiin (3a700) 566 mg.<br \/>&#13;<br \/>\n<br \/>&#13;<br \/>\n<b>Metaboliseeruv energia<\/b><br \/>&#13;<br \/>\n1500 kcal\/kg<\/p>\n","protected":false},"excerpt":{"rendered":"<p>Churu kreveti ja mereandide maitselised pehmed kassimaiused.<\/p>\n","protected":false},"featured_media":18461,"template":"","meta":[],"product_cat":[1211],"product_tag":[],"class_list":{"0":"post-18440","1":"product","2":"type-product","3":"status-publish","4":"has-post-thumbnail","6":"product_cat-kasside-maiused","7":"pa_brand-churu","8":"pa_ean-2427","9":"pa_kaal-0-034","10":"pa_tootjariik-tai","12":"first","13":"instock","14":"taxable","15":"shipping-taxable","16":"purchasable","17":"product-type-simple"},"_links":{"self":[{"href":"https:\/\/kasskoer.ee\/en\/wp-json\/wp\/v2\/product\/18440","targetHints":{"allow":["GET"]}}],"collection":[{"href":"https:\/\/kasskoer.ee\/en\/wp-json\/wp\/v2\/product"}],"about":[{"href":"https:\/\/kasskoer.ee\/en\/wp-json\/wp\/v2\/types\/product"}],"wp:featuredmedia":[{"embeddable":true,"href":"https:\/\/kasskoer.ee\/en\/wp-json\/wp\/v2\/media\/18461"}],"wp:attachment":[{"href":"https:\/\/kasskoer.ee\/en\/wp-json\/wp\/v2\/media?parent=18440"}],"wp:term":[{"taxonomy":"product_cat","embeddable":true,"href":"https:\/\/kasskoer.ee\/en\/wp-json\/wp\/v2\/product_cat?post=18440"},{"taxonomy":"product_tag","embeddable":true,"href":"https:\/\/kasskoer.ee\/en\/wp-json\/wp\/v2\/product_tag?post=18440"}],"curies":[{"name":"wp","href":"https:\/\/api.w.org\/{rel}","templated":true}]}}