{"id":18442,"date":"2026-04-20T03:05:51","date_gmt":"2026-04-20T00:05:51","guid":{"rendered":"https:\/\/kasskoer.ee\/product\/churu-twin-chicken-with-vegetables-maius-koerale-2x40g-2\/"},"modified":"2026-04-20T03:05:53","modified_gmt":"2026-04-20T00:05:53","slug":"churu-twin-chicken-with-vegetables-maius-koerale-2x40g","status":"publish","type":"product","link":"https:\/\/kasskoer.ee\/en\/toode\/churu-twin-chicken-with-vegetables-maius-koerale-2x40g\/","title":{"rendered":"Churu Twin Chicken with Vegetables maius koerale 2x40g"},"content":{"rendered":"<p><b>Churu Twin kaks \u00fchekordselt kasutatavat portsjonit rebitud kana ja k\u00f6\u00f6givilju maitsvas puljongis. T\u00e4iends\u00f6\u00f6t koertele.<\/b>&#13;<br \/>\n<br \/> &#13;<br \/>\nKasutada saab neid mitmel viisil: paku lihtsalt suurep\u00e4rast vahepala oma lemmikule v\u00f5i kasuta v\u00e4ga maitsva kuivtoidulisandina.&#13;<\/p>\n<li>Teravilja-, s\u00e4ilitusainete ja kunstlike v\u00e4rvainete vaba.<\/li>\n<p> &#13;<\/p>\n<li>Maius sisaldab E-vitamiini immuunsuse toetamiseks. <\/li>\n<p> &#13;<\/p>\n<li>Iga pakk sisaldab k\u00f5igest 22 kalorit.<\/li>\n<p>&#13;<br \/>\n<br \/>&#13;<br \/>\n<b>Koostis<\/b><br \/>&#13;<br \/>\nKanapuljong, kana (44,9%), porgandilaastud (2,6%), rohelised oad (2,6%).<br \/>&#13;<br \/>\n<br \/>&#13;<br \/>\n<b>Anal\u00fc\u00fctilised koostisosad<\/b><br \/>&#13;<br \/>\nToorvalk 12,5%, toorrasv 1,5%, toortuhk 0,9%, toorkiud 0,1%, niiskus 85%.<br \/>&#13;<br \/>\n<br \/>&#13;<br \/>\n<b>S\u00f6\u00f6dalisandid<\/b><br \/>&#13;<br \/>\nTehnoloogilised lisandid: agar 4,0 g, guarkummi (E412) 4,0  g, ksantaankummi 1,0g, 2b looduslikud tooted &#8211; botaaniliselt m\u00e4\u00e4ratletud, Camellia thea Link 30 mg. Sensoorsed lisandid: l\u00f5hna- ja maitseained. Toiteainelised lisandid: E-vitamiin (3a700) 404 mg.<br \/>&#13;<br \/>\n<br \/>&#13;<br \/>\n<b>Metaboliseeruv energia<\/b><br \/>&#13;<br \/>\n570 kcal\/kg<\/p>\n","protected":false},"excerpt":{"rendered":"<p>Kana ja juurviljad maitsvas kanapuljongis koerale.<\/p>\n","protected":false},"featured_media":18463,"template":"","meta":[],"product_cat":[1210,688],"product_tag":[],"class_list":{"0":"post-18442","1":"product","2":"type-product","3":"status-publish","4":"has-post-thumbnail","6":"product_cat-koerte-maiused","7":"product_cat-koerad","8":"pa_brand-churu","9":"pa_ean-2560","10":"pa_kaal-0-080","11":"pa_tootjariik-tai","13":"first","14":"instock","15":"taxable","16":"shipping-taxable","17":"purchasable","18":"product-type-simple"},"_links":{"self":[{"href":"https:\/\/kasskoer.ee\/en\/wp-json\/wp\/v2\/product\/18442","targetHints":{"allow":["GET"]}}],"collection":[{"href":"https:\/\/kasskoer.ee\/en\/wp-json\/wp\/v2\/product"}],"about":[{"href":"https:\/\/kasskoer.ee\/en\/wp-json\/wp\/v2\/types\/product"}],"wp:featuredmedia":[{"embeddable":true,"href":"https:\/\/kasskoer.ee\/en\/wp-json\/wp\/v2\/media\/18463"}],"wp:attachment":[{"href":"https:\/\/kasskoer.ee\/en\/wp-json\/wp\/v2\/media?parent=18442"}],"wp:term":[{"taxonomy":"product_cat","embeddable":true,"href":"https:\/\/kasskoer.ee\/en\/wp-json\/wp\/v2\/product_cat?post=18442"},{"taxonomy":"product_tag","embeddable":true,"href":"https:\/\/kasskoer.ee\/en\/wp-json\/wp\/v2\/product_tag?post=18442"}],"curies":[{"name":"wp","href":"https:\/\/api.w.org\/{rel}","templated":true}]}}