{"id":18443,"date":"2026-04-20T03:05:51","date_gmt":"2026-04-20T00:05:51","guid":{"rendered":"https:\/\/kasskoer.ee\/product\/churu-kitten-kanaga-maius-kassipojale-4x14g-2\/"},"modified":"2026-04-20T03:05:54","modified_gmt":"2026-04-20T00:05:54","slug":"churu-kitten-kanaga-maius-kassipojale-4x14g","status":"publish","type":"product","link":"https:\/\/kasskoer.ee\/en\/toode\/churu-kitten-kanaga-maius-kassipojale-4x14g\/","title":{"rendered":"Churu Kitten kanaga maius kassipojale 4x14g"},"content":{"rendered":"<p><b>Churu Kitten p\u00fcree on valmistatud farmis kasvatatud kanast, mis on rikastatud tauriini ja kala\u00f5liga kassipoja arengu toetamiseks.<\/b>&#13;<br \/>\n<br \/> &#13;<br \/>\nKasutada saab neid mitmel viisil: tuubikesest pigistades lakkuda v\u00f5i kasutada v\u00e4ga maitsva kuivtoidulisandina.&#13;<\/p>\n<li>Tauriin on asendamatu aminohape, mis aitab kassipoegadel s\u00e4ilitada normaalset n\u00e4gemist, s\u00fcdame- ja n\u00e4rvifunktsiooni.<\/li>\n<p>&#13;<\/p>\n<li>Kala\u00f5list saadav DHA toetab aju ja n\u00e4gemise arengut ning EPA toetab \u00fcldist arengut ja immuunsust.<\/li>\n<p>&#13;<\/p>\n<li>Kaltsium on kassipoegade jaoks h\u00e4davajalik tugevate luude ja hammaste kasvuks.<\/li>\n<p>&#13;<\/p>\n<li>Maius sisaldab E-vitamiini, mis toimib antioks\u00fcdandina.<\/li>\n<p> &#13;<\/p>\n<li>Teravilja-, s\u00e4ilitusainete ja kunstlike v\u00e4rvainete vaba.<\/li>\n<p> &#13;<\/p>\n<li>Kreemjas tekstuur ja suurep\u00e4rane maitse.<\/li>\n<p>&#13;<\/p>\n<li>P\u00fcrees on palju niiskust, mis on kassipoja hea tervise jaoks h\u00e4davajalik.<\/li>\n<p> &#13;<\/p>\n<li>V\u00e4he kaloreid.<\/li>\n<p> &#13;<\/p>\n<li>Uuenduslik interaktiivne viis lemmikloomaga koos aja veetmiseks.<\/li>\n<p> &#13;<\/p>\n<li>Iga pakend sisaldab nelja \u00fcksikut pakki, et s\u00e4ilitada maksimaalne v\u00e4rskus.<\/li>\n<p>&#13;<br \/>\n<br \/>&#13;<br \/>\n<b>Koostis<\/b><br \/>&#13;<br \/>\nKana (30%), tapiokk (kuivatatud), kaltsiumkarbonaat (0,8%), kammkarbi ekstrakt (0,8%), kala\u00f5li (0,7%).<br \/>&#13;<br \/>\n<br \/>&#13;<br \/>\n<b>Anal\u00fc\u00fctilised koostisosad<\/b><br \/>&#13;<br \/>\nToorvalk 8,5%, toorrasv 0,9%, toortuhk 1,9%, toorkiud 0,1%, niiskus 86%.<br \/>&#13;<br \/>\n<br \/>&#13;<br \/>\n<b>S\u00f6\u00f6dalisandid<\/b><br \/>&#13;<br \/>\nVitamiin E 574 mg, tauriin 360 mg.<br \/>&#13;<br \/>\n<br \/>&#13;<br \/>\n<b>Metaboliseeruv energia<\/b><br \/>&#13;<br \/>\n460 kcal\/kg<\/p>\n","protected":false},"excerpt":{"rendered":"<p>Churu naturaalne lakutav kanaga maius kassipojale.<\/p>\n","protected":false},"featured_media":18464,"template":"","meta":[],"product_cat":[1211],"product_tag":[],"class_list":{"0":"post-18443","1":"product","2":"type-product","3":"status-publish","4":"has-post-thumbnail","6":"product_cat-kasside-maiused","7":"pa_brand-churu","8":"pa_ean-2425","9":"pa_kaal-0-056","10":"pa_tootjariik-tai","12":"first","13":"instock","14":"taxable","15":"shipping-taxable","16":"purchasable","17":"product-type-simple"},"_links":{"self":[{"href":"https:\/\/kasskoer.ee\/en\/wp-json\/wp\/v2\/product\/18443","targetHints":{"allow":["GET"]}}],"collection":[{"href":"https:\/\/kasskoer.ee\/en\/wp-json\/wp\/v2\/product"}],"about":[{"href":"https:\/\/kasskoer.ee\/en\/wp-json\/wp\/v2\/types\/product"}],"wp:featuredmedia":[{"embeddable":true,"href":"https:\/\/kasskoer.ee\/en\/wp-json\/wp\/v2\/media\/18464"}],"wp:attachment":[{"href":"https:\/\/kasskoer.ee\/en\/wp-json\/wp\/v2\/media?parent=18443"}],"wp:term":[{"taxonomy":"product_cat","embeddable":true,"href":"https:\/\/kasskoer.ee\/en\/wp-json\/wp\/v2\/product_cat?post=18443"},{"taxonomy":"product_tag","embeddable":true,"href":"https:\/\/kasskoer.ee\/en\/wp-json\/wp\/v2\/product_tag?post=18443"}],"curies":[{"name":"wp","href":"https:\/\/api.w.org\/{rel}","templated":true}]}}