{"id":18445,"date":"2026-04-20T03:05:51","date_gmt":"2026-04-20T00:05:51","guid":{"rendered":"https:\/\/kasskoer.ee\/product\/churu-tuna-varieties-maiused-kassile-50tk-700g-2\/"},"modified":"2026-04-20T03:05:54","modified_gmt":"2026-04-20T00:05:54","slug":"churu-tuna-varieties-maiused-kassile-50tk-700g","status":"publish","type":"product","link":"https:\/\/kasskoer.ee\/en\/toode\/churu-tuna-varieties-maiused-kassile-50tk-700g\/","title":{"rendered":"Churu Tuna Varieties maiused kassile 50tk 700g"},"content":{"rendered":"<p>Need lakutavad maiuspalad kassidele on valmistatud 100% loodusliku tuunikalaga.<br \/>&#13;<br \/>\nKasutada saab neid mitmel viisil: tuubikesest pigistades lakkuda v\u00f5i kasutada v\u00e4ga maitsva kuivtoidulisandina.&#13;<\/p>\n<li>Teravilja-, s\u00e4ilitusainete ja kunstlike v\u00e4rvainete vaba.<\/li>\n<p>&#13;<\/p>\n<li>Kreemjas tekstuur ja suurep\u00e4rane maitse.<\/li>\n<p>&#13;<\/p>\n<li>Maius sisaldab rohelise tee ekstrakti ja E-vitamiini.<\/li>\n<p>&#13;<\/p>\n<li>P\u00fcrees on palju niiskust, mis on kassi hea tervise jaoks h\u00e4davajalik.<\/li>\n<p>&#13;<\/p>\n<li>V\u00e4he kaloreid.<\/li>\n<p>&#13;<\/p>\n<li>Uuenduslik interaktiivne viis lemmikloomaga koos aja veetmiseks.<\/li>\n<p>&#13;<\/p>\n<li>Iga pakend sisaldab 50 tuubi.<\/li>\n<p>&#13;<br \/>\n<br \/>&#13;<br \/>\n<b>Koostis<\/b><br \/>&#13;<br \/>\nTuunikala retsept x20 tuubi: vesi, tuunikala (30%), tapiokit\u00e4rklis, looduslikud maitseained, guarkumm, looduslik tuunikala maitseaine, E-vitamiini toidulisand, tauriin, rohelise tee ekstrakt.&#13;<br \/>\n<br \/>&#13;<br \/>\nTuunikala kanaga retsept x10 tuubi: vesi, tuunikala (15%), kana (15%), tapiokit\u00e4rklis, looduslikud maitseained, guarkumm, naturaalne tuunikala maitseaine, E-vitamiini toidulisand, tauriin, rohelise tee ekstrakt.&#13;<br \/>\n<br \/>&#13;<br \/>\nTuunikala kammkarbiga retsept x10 tuubi: vesi, tuunikala (28,2%), tapiokit\u00e4rklis, kammkarp (1,8%), naturaalne kammkarbi maitseaine, looduslikud maitseained, guarkumm, E-vitamiini toidulisand, tauriin, rohelise tee ekstrakt.&#13;<br \/>\n<br \/>&#13;<br \/>\nTuunikala l\u00f5hega retsept x10 tuubi: vesi, tuunikala (28,2%), l\u00f5he (1,8%), tapiokit\u00e4rklis, looduslikud maitseained, looduslik tuunikala maitseaine, guarkumm, E-vitamiini toidulisand, tauriin, rohelise tee ekstrakt.<br \/>&#13;<br \/>\n<br \/>&#13;<br \/>\n<b>Anal\u00fc\u00fctilised koostisosad<\/b><br \/>&#13;<br \/>\nToorvalk (min) 7,00%, toorrasv (min) 0,20%, toorkiud (max) 0,30%, niiskus (max) 91,00%, E-vitamiin (min) 310 IU\/kg, tauriin (min) 0,025%.<br \/>&#13;<br \/>\n<br \/>&#13;<br \/>\n<b>S\u00f6\u00f6dalisandid<\/b><br \/>&#13;<br \/>\nToitainelised lisandid: E-vitamiin (3a700) 574 mg. Tehnoloogilised lisandid: guarkummi (E412) 9 g. Organoleptilised lisandid: l\u00f5hna- ja maitseained.<br \/>&#13;<br \/>\n<br \/>&#13;<br \/>\n<b>Metaboliseeruv energia<\/b><br \/>&#13;<br \/>\n430 kcal\/kg<\/p>\n","protected":false},"excerpt":{"rendered":"<p>Churu multipakk tuunikalaga maiuseid kassile.<\/p>\n","protected":false},"featured_media":18466,"template":"","meta":[],"product_cat":[1211],"product_tag":[],"class_list":{"0":"post-18445","1":"product","2":"type-product","3":"status-publish","4":"has-post-thumbnail","6":"product_cat-kasside-maiused","7":"pa_brand-churu","8":"pa_ean-2428","9":"pa_kaal-0-700","10":"pa_tootjariik-tai","12":"first","13":"instock","14":"taxable","15":"shipping-taxable","16":"purchasable","17":"product-type-simple"},"_links":{"self":[{"href":"https:\/\/kasskoer.ee\/en\/wp-json\/wp\/v2\/product\/18445","targetHints":{"allow":["GET"]}}],"collection":[{"href":"https:\/\/kasskoer.ee\/en\/wp-json\/wp\/v2\/product"}],"about":[{"href":"https:\/\/kasskoer.ee\/en\/wp-json\/wp\/v2\/types\/product"}],"wp:featuredmedia":[{"embeddable":true,"href":"https:\/\/kasskoer.ee\/en\/wp-json\/wp\/v2\/media\/18466"}],"wp:attachment":[{"href":"https:\/\/kasskoer.ee\/en\/wp-json\/wp\/v2\/media?parent=18445"}],"wp:term":[{"taxonomy":"product_cat","embeddable":true,"href":"https:\/\/kasskoer.ee\/en\/wp-json\/wp\/v2\/product_cat?post=18445"},{"taxonomy":"product_tag","embeddable":true,"href":"https:\/\/kasskoer.ee\/en\/wp-json\/wp\/v2\/product_tag?post=18445"}],"curies":[{"name":"wp","href":"https:\/\/api.w.org\/{rel}","templated":true}]}}