{"id":18448,"date":"2026-04-20T03:06:02","date_gmt":"2026-04-20T00:06:02","guid":{"rendered":"https:\/\/kasskoer.ee\/product\/ciao-broth-chicken-tuna-margtoit-kassidele-40g-2\/"},"modified":"2026-04-20T03:06:02","modified_gmt":"2026-04-20T00:06:02","slug":"ciao-broth-chicken-tuna-margtoit-kassidele-40g","status":"publish","type":"product","link":"https:\/\/kasskoer.ee\/en\/toode\/ciao-broth-chicken-tuna-margtoit-kassidele-40g\/","title":{"rendered":"Ciao Broth Chicken &#038; Tuna m\u00e4rgtoit kassidele 40g"},"content":{"rendered":"<p>Ciao kana ja tuunikala kastmes &#8211; t\u00e4iends\u00f6\u00f6t kassidele.&#13;<\/p>\n<li>Valmistatud 100% puhtast ja looduslikust kana rinnalihast ja tuunikalast.<\/li>\n<p>&#13;<\/p>\n<li>Ei sisalda teravilju, s\u00e4ilitusaineid ega kunstlikke v\u00e4rvaineid.<\/li>\n<p>&#13;<\/p>\n<li>Pakend sisaldab vedelikke, mis aitab kassi organismi h\u00fcdreerida.<\/li>\n<p>&#13;<\/p>\n<li>Madala kalorsusega.<\/li>\n<p>&#13;<br \/>\n<br \/>&#13;<br \/>\n<b>Koostis <\/b><br \/>&#13;<br \/>\nKanapuljong (68%), kana (15%), tuunikala (15%), tapiokk (kuivatatud).<br \/>&#13;<br \/>\n<br \/>&#13;<br \/>\n<b>Anal\u00fc\u00fctilised koostisosad<\/b><br \/>&#13;<br \/>\nToorvalk 9,4%, toorrasv 1,0%, toorkiud 0,1%, toortuhk 1,5%, niiskus 88,0%.<br \/>&#13;<br \/>\n<br \/>&#13;<br \/>\n<b>S\u00f6\u00f6dalisandid<\/b><br \/>&#13;<br \/>\nVitamiin E 560mg.<br \/>&#13;<br \/>\n<br \/>&#13;<br \/>\n<b>Metaboliseeruv energia<\/b><br \/>&#13;<br \/>\n400 kcal\/kg<\/p>\n","protected":false},"excerpt":{"rendered":"<p>Ciao rebitud kana ja tuunikala t\u00fckid kanakastmes.<\/p>\n","protected":false},"featured_media":18468,"template":"","meta":[],"product_cat":[689,33],"product_tag":[],"class_list":{"0":"post-18448","1":"product","2":"type-product","3":"status-publish","4":"has-post-thumbnail","6":"product_cat-kassid","7":"product_cat-konservid-kassidele","8":"pa_brand-ciao","9":"pa_ean-2102","10":"pa_kaal-0-040","11":"pa_tootjariik-tai","13":"first","14":"instock","15":"taxable","16":"shipping-taxable","17":"purchasable","18":"product-type-simple"},"_links":{"self":[{"href":"https:\/\/kasskoer.ee\/en\/wp-json\/wp\/v2\/product\/18448","targetHints":{"allow":["GET"]}}],"collection":[{"href":"https:\/\/kasskoer.ee\/en\/wp-json\/wp\/v2\/product"}],"about":[{"href":"https:\/\/kasskoer.ee\/en\/wp-json\/wp\/v2\/types\/product"}],"wp:featuredmedia":[{"embeddable":true,"href":"https:\/\/kasskoer.ee\/en\/wp-json\/wp\/v2\/media\/18468"}],"wp:attachment":[{"href":"https:\/\/kasskoer.ee\/en\/wp-json\/wp\/v2\/media?parent=18448"}],"wp:term":[{"taxonomy":"product_cat","embeddable":true,"href":"https:\/\/kasskoer.ee\/en\/wp-json\/wp\/v2\/product_cat?post=18448"},{"taxonomy":"product_tag","embeddable":true,"href":"https:\/\/kasskoer.ee\/en\/wp-json\/wp\/v2\/product_tag?post=18448"}],"curies":[{"name":"wp","href":"https:\/\/api.w.org\/{rel}","templated":true}]}}