{"id":18450,"date":"2026-04-20T03:10:24","date_gmt":"2026-04-20T00:10:24","guid":{"rendered":"https:\/\/kasskoer.ee\/product\/churu-pops-kassimaiused-tuunikalaga-4x15g-2\/"},"modified":"2026-04-20T03:10:25","modified_gmt":"2026-04-20T00:10:25","slug":"churu-pops-kassimaiused-tuunikalaga-4x15g","status":"publish","type":"product","link":"https:\/\/kasskoer.ee\/en\/toode\/churu-pops-kassimaiused-tuunikalaga-4x15g\/","title":{"rendered":"Churu Pops kassimaiused tuunikalaga 4x15g"},"content":{"rendered":"<p>Maius on valmistatud 100% looduslikust tuunikalast.&#13;<br \/>\nKasutada saab neid mitmel viisil: tuubikesest pigistades v\u00f5i kasutada v\u00e4ga maitsva kuivtoidulisandina.&#13;<\/p>\n<li>Teravilja-, s\u00e4ilitusainete ja kunstlike v\u00e4rvainete vaba.<\/li>\n<p>&#13;<\/p>\n<li>Mahlane tekstuur ja suurep\u00e4rane maitse.<\/li>\n<p>&#13;<\/p>\n<li>Maius sisaldab rohelise tee ekstrakti ja E-vitamiini.<\/li>\n<p>&#13;<\/p>\n<li>Pakendis on palju niiskust, mis on kassi hea tervise jaoks h\u00e4davajalik.<\/li>\n<p>&#13;<\/p>\n<li>V\u00e4he kaloreid.<\/li>\n<p>&#13;<\/p>\n<li>Uuenduslik interaktiivne viis lemmikloomaga koos aja veetmiseks.<\/li>\n<p>&#13;<\/p>\n<li>Iga pakend sisaldab nelja \u00fcksikut pakki, et s\u00e4ilitada maksimaalne v\u00e4rskus.<\/li>\n<p>&#13;<br \/>\n<br \/>&#13;<br \/>\n<b>Koostis<\/b><br \/>&#13;<br \/>\nTuunikala (33,3%), tuunikala ekstrakt, rohelise tee ekstrakt.<br \/>&#13;<br \/>\n<br \/>&#13;<br \/>\n<b>Anal\u00fc\u00fctilised koostisosad<\/b><br \/>&#13;<br \/>\nToorvalk 9%, toorrasv 0,6%, toortuhk 1,3%, toorkiud 0,1%, niiskus 88%.<br \/>&#13;<br \/>\n<br \/>&#13;<br \/>\n<b>Tehnoloogilised lisaained<\/b><br \/>&#13;<br \/>\nKarrageen 6,7g, ksantaankummi 7g, guarkummi (E412) 6,7g.<br \/>&#13;<br \/>\n<br \/>&#13;<br \/>\n<b>Metaboliseeruv energia<\/b><br \/>&#13;<br \/>\n460 kcal\/kg<\/p>\n","protected":false},"excerpt":{"rendered":"<p>Churu naturaalne tuunikalaga maius kassile.<\/p>\n","protected":false},"featured_media":18470,"template":"","meta":[],"product_cat":[1211],"product_tag":[],"class_list":{"0":"post-18450","1":"product","2":"type-product","3":"status-publish","4":"has-post-thumbnail","6":"product_cat-kasside-maiused","7":"pa_brand-churu","8":"pa_ean-1393","9":"pa_kaal-0-060","10":"pa_tootjariik-tai","12":"first","13":"instock","14":"taxable","15":"shipping-taxable","16":"purchasable","17":"product-type-simple"},"_links":{"self":[{"href":"https:\/\/kasskoer.ee\/en\/wp-json\/wp\/v2\/product\/18450","targetHints":{"allow":["GET"]}}],"collection":[{"href":"https:\/\/kasskoer.ee\/en\/wp-json\/wp\/v2\/product"}],"about":[{"href":"https:\/\/kasskoer.ee\/en\/wp-json\/wp\/v2\/types\/product"}],"wp:featuredmedia":[{"embeddable":true,"href":"https:\/\/kasskoer.ee\/en\/wp-json\/wp\/v2\/media\/18470"}],"wp:attachment":[{"href":"https:\/\/kasskoer.ee\/en\/wp-json\/wp\/v2\/media?parent=18450"}],"wp:term":[{"taxonomy":"product_cat","embeddable":true,"href":"https:\/\/kasskoer.ee\/en\/wp-json\/wp\/v2\/product_cat?post=18450"},{"taxonomy":"product_tag","embeddable":true,"href":"https:\/\/kasskoer.ee\/en\/wp-json\/wp\/v2\/product_tag?post=18450"}],"curies":[{"name":"wp","href":"https:\/\/api.w.org\/{rel}","templated":true}]}}