{"id":18451,"date":"2026-04-20T03:10:35","date_gmt":"2026-04-20T00:10:35","guid":{"rendered":"https:\/\/kasskoer.ee\/product\/churu-rolls-kassimaius-kana-tuunikala-ja-kammkarbiga-4x10g-2\/"},"modified":"2026-04-20T03:10:36","modified_gmt":"2026-04-20T00:10:36","slug":"churu-rolls-kassimaius-kana-tuunikala-ja-kammkarbiga-4x10g","status":"publish","type":"product","link":"https:\/\/kasskoer.ee\/en\/toode\/churu-rolls-kassimaius-kana-tuunikala-ja-kammkarbiga-4x10g\/","title":{"rendered":"Churu Rolls kassimaius kana, tuunikala ja kammkarbiga 4x10g"},"content":{"rendered":"<p>Churu Rolls &#8211; pehme pulgakujuline kana, tuunikala ja kammkarbiga maius rohelise tee ekstrakti ja E-vitamiiniga.&#13;<\/p>\n<li>Valmistatud 100% talus kasvatatud kanast ja looduslikust tuunikalast.<\/li>\n<p>&#13;<\/p>\n<li>Sees kreemjas Churu\u00ae t\u00e4idis, v\u00e4ljast pehme k\u00fcpsetatud kanapasta.<\/li>\n<p> &#13;<\/p>\n<li>Ei sisalda teravilju, s\u00e4ilitusaineid ega kunstlikke v\u00e4rvaineid.<\/li>\n<p> &#13;<\/p>\n<li>Iga pakend sisaldab nelja \u00fcksikut pakki, et s\u00e4ilitada maksimaalne v\u00e4rskus.<\/li>\n<p> &#13;<\/p>\n<li>2 erinevat tekstuuri \u00fche hammustusega.<\/li>\n<p>&#13;<br \/>\n<br \/>&#13;<br \/>\n<b>Koostis<\/b><br \/>&#13;<br \/>\nKana (41,6%), tuunikala (32,9%), tapiokk (kuivatatud), munavalgepulber, naatriumkaseinaat, kammkarbid (0,9%), kammkarbi ekstrakt, kana ekstrakt, p\u00e4rm ja selle osad, rohelise tee ekstrakt.<br \/>&#13;<br \/>\n<br \/>&#13;<br \/>\n<b>Anal\u00fc\u00fctilised koostisosad<\/b><br \/>&#13;<br \/>\nToorvalk 28%, toorrasv 5%, toortuhk 1,8%, toorkiud 0,3%, niiskus 63%.<br \/>&#13;<br \/>\n<br \/>&#13;<br \/>\n<b>Tehnoloogilised lisaained<\/b><br \/>&#13;<br \/>\nGuarkummi (E412) 6,3g.<br \/>&#13;<br \/>\n<br \/>&#13;<br \/>\n<b>Metaboliseeruv energia<\/b><br \/>&#13;<br \/>\n1500 kcal\/kg<\/p>\n","protected":false},"excerpt":{"rendered":"<p>Churu Rolls naturaalsed kana, tuunikala ja kammkarbiga maiused kassile.<\/p>\n","protected":false},"featured_media":18471,"template":"","meta":[],"product_cat":[1211],"product_tag":[],"class_list":{"0":"post-18451","1":"product","2":"type-product","3":"status-publish","4":"has-post-thumbnail","6":"product_cat-kasside-maiused","7":"pa_brand-churu","8":"pa_ean-2112","9":"pa_kaal-0-040","10":"pa_tootjariik-tai","12":"first","13":"instock","14":"taxable","15":"shipping-taxable","16":"purchasable","17":"product-type-simple"},"_links":{"self":[{"href":"https:\/\/kasskoer.ee\/en\/wp-json\/wp\/v2\/product\/18451","targetHints":{"allow":["GET"]}}],"collection":[{"href":"https:\/\/kasskoer.ee\/en\/wp-json\/wp\/v2\/product"}],"about":[{"href":"https:\/\/kasskoer.ee\/en\/wp-json\/wp\/v2\/types\/product"}],"wp:featuredmedia":[{"embeddable":true,"href":"https:\/\/kasskoer.ee\/en\/wp-json\/wp\/v2\/media\/18471"}],"wp:attachment":[{"href":"https:\/\/kasskoer.ee\/en\/wp-json\/wp\/v2\/media?parent=18451"}],"wp:term":[{"taxonomy":"product_cat","embeddable":true,"href":"https:\/\/kasskoer.ee\/en\/wp-json\/wp\/v2\/product_cat?post=18451"},{"taxonomy":"product_tag","embeddable":true,"href":"https:\/\/kasskoer.ee\/en\/wp-json\/wp\/v2\/product_tag?post=18451"}],"curies":[{"name":"wp","href":"https:\/\/api.w.org\/{rel}","templated":true}]}}