{"id":18453,"date":"2026-04-20T03:10:39","date_gmt":"2026-04-20T00:10:39","guid":{"rendered":"https:\/\/kasskoer.ee\/product\/churu-koeramaius-kana-ja-juustuga-8x20g-2\/"},"modified":"2026-04-20T03:10:39","modified_gmt":"2026-04-20T00:10:39","slug":"churu-koeramaius-kana-ja-juustuga-8x20g","status":"publish","type":"product","link":"https:\/\/kasskoer.ee\/en\/toode\/churu-koeramaius-kana-ja-juustuga-8x20g\/","title":{"rendered":"Churu koeramaius kana ja juustuga 8x20g"},"content":{"rendered":"<p>Need maiuspalad koertele on valmistatud 100% talus kasvatatud kanast ja juustust.<br \/> Kasutada saab neid mitmel viisil: tuubikesest pigistades lakkuda v\u00f5i kasutada v\u00e4ga maitsva kuivtoidulisandina. <\/p>\n<ul>\n<li>Teravilja-, s\u00e4ilitusainete ja kunstlike v\u00e4rvainete vaba.<\/li>\n<li>Kreemjas tekstuur ja suurep\u00e4rane&nbsp;maitse.<\/li>\n<li>Maius sisaldab rohelise tee ekstrakti ja E-vitamiini.<\/li>\n<li>V\u00e4he kaloreid.<\/li>\n<li>Uuenduslik interaktiivne viis lemmikloomaga koos aja veetmiseks.<\/li>\n<li>Iga pakend sisaldab kaheksat \u00fcksikut pakki, et s\u00e4ilitada maksimaalne v\u00e4rskus.<\/li>\n<\/ul>\n<p style=\"margin-left: 0px;\"><strong>Koostis<\/strong><\/p>\n<p style=\"margin-left: 0px;\">Kanaliha (29,8%), tapiokk, juust (2,2%), kanaekstrakt, p\u00e4rm ja selle osad,&nbsp;kollageen, rohelise tee ekstrakt.<\/p>\n<p style=\"margin-left: 0px;\"><strong>Anal\u00fc\u00fctilised koostisosad<\/strong><\/p>\n<p style=\"margin-left: 0px;\">Toorvalk 8,5%, toorrasv&nbsp;0,5%, toortuhk 1,5%, toorkiud 0,1%,&nbsp;niiskus 88%.<\/p>\n<p> <strong>Tehnoloogilised lisaained<\/strong><br \/> Guarkummi (E412) 9,6g.<\/p>\n<p style=\"margin-left: 0px;\"><strong>Metaboliseeruv energia<\/strong><\/p>\n<p style=\"margin-left: 0px;\">430 kcal\/kg<\/p>\n","protected":false},"excerpt":{"rendered":"<p>Churu naturaalne kreemjas kana ja juustuga maius koerale.<\/p>\n","protected":false},"featured_media":18473,"template":"","meta":[],"product_cat":[1210,688],"product_tag":[],"class_list":{"0":"post-18453","1":"product","2":"type-product","3":"status-publish","4":"has-post-thumbnail","6":"product_cat-koerte-maiused","7":"product_cat-koerad","8":"pa_brand-churu","9":"pa_ean-1059","10":"pa_kaal-0-160","11":"pa_tootjariik-tai","13":"first","14":"instock","15":"taxable","16":"shipping-taxable","17":"purchasable","18":"product-type-simple"},"_links":{"self":[{"href":"https:\/\/kasskoer.ee\/en\/wp-json\/wp\/v2\/product\/18453","targetHints":{"allow":["GET"]}}],"collection":[{"href":"https:\/\/kasskoer.ee\/en\/wp-json\/wp\/v2\/product"}],"about":[{"href":"https:\/\/kasskoer.ee\/en\/wp-json\/wp\/v2\/types\/product"}],"wp:featuredmedia":[{"embeddable":true,"href":"https:\/\/kasskoer.ee\/en\/wp-json\/wp\/v2\/media\/18473"}],"wp:attachment":[{"href":"https:\/\/kasskoer.ee\/en\/wp-json\/wp\/v2\/media?parent=18453"}],"wp:term":[{"taxonomy":"product_cat","embeddable":true,"href":"https:\/\/kasskoer.ee\/en\/wp-json\/wp\/v2\/product_cat?post=18453"},{"taxonomy":"product_tag","embeddable":true,"href":"https:\/\/kasskoer.ee\/en\/wp-json\/wp\/v2\/product_tag?post=18453"}],"curies":[{"name":"wp","href":"https:\/\/api.w.org\/{rel}","templated":true}]}}