{"id":18455,"date":"2026-04-20T03:10:42","date_gmt":"2026-04-20T00:10:42","guid":{"rendered":"https:\/\/kasskoer.ee\/product\/churu-rolls-koeramaius-kana-ja-juustuga-8x12g-2\/"},"modified":"2026-04-20T03:10:44","modified_gmt":"2026-04-20T00:10:44","slug":"churu-rolls-koeramaius-kana-ja-juustuga-8x12g","status":"publish","type":"product","link":"https:\/\/kasskoer.ee\/en\/toode\/churu-rolls-koeramaius-kana-ja-juustuga-8x12g\/","title":{"rendered":"Churu Rolls koeramaius kana ja juustuga 8x12g"},"content":{"rendered":"<p>Churu Rolls &#8211; pehme pulgakujuline naturaalne kanalihast ja juustust maius koerale rohelise tee ekstrakti ja E-vitamiiniga. <\/p>\n<ul>\n<li>Valmistatud 100% talus&nbsp;kasvatatud kanast&nbsp;ja looduslikust tuunikalast.<\/li>\n<li>Sees kreemjas Churu\u00ae t\u00e4idis, v\u00e4ljast pehme k\u00fcpsetatud kanapasta.<\/li>\n<li>Ei sisalda teravilju, s\u00e4ilitusaineid ega kunstlikke v\u00e4rvaineid.<\/li>\n<li>Iga pakend sisaldab kaheksat \u00fcksikut pakki, et s\u00e4ilitada maksimaalne v\u00e4rskus.<\/li>\n<li>2 erinevat tekstuuri \u00fche hammustusega.<\/li>\n<\/ul>\n<p style=\"margin-left: 0px;\"><strong>Koostis<\/strong><\/p>\n<p style=\"margin-left: 0px;\">Kana (58,2%), tuunikala (16,3%), tapiokk (kuivatatud), munavalge, naatriumkaseinaat, juust (0,9%), kana ekstrakt, p\u00e4rm ja selle osad, rohelise tee ekstrakt.<\/p>\n<p style=\"margin-left: 0px;\"><strong>Anal\u00fc\u00fctilised koostisosad<\/strong><\/p>\n<p style=\"margin-left: 0px;\">Toorvalk 25,5%, toorrasv 4,5%, toortuhk 1,5%, toorkiud 0,2%,&nbsp;niiskus 66,5%.<\/p>\n<p> <strong>Tehnoloogilised lisaained<\/strong><br \/> Guarkummi (E412) 6,3g.<\/p>\n<p style=\"margin-left: 0px;\"><strong>Metaboliseeruv energia<\/strong><\/p>\n<p style=\"margin-left: 0px;\">1350 kcal\/kg<\/p>\n","protected":false},"excerpt":{"rendered":"<p>Churu Rolls naturaalsed kana ja juustuga maiused koerale.<\/p>\n","protected":false},"featured_media":18475,"template":"","meta":[],"product_cat":[1210,688],"product_tag":[],"class_list":{"0":"post-18455","1":"product","2":"type-product","3":"status-publish","4":"has-post-thumbnail","6":"product_cat-koerte-maiused","7":"product_cat-koerad","8":"pa_brand-churu","9":"pa_ean-894","10":"pa_kaal-0-096","11":"pa_tootjariik-tai","13":"first","14":"instock","15":"taxable","16":"shipping-taxable","17":"purchasable","18":"product-type-simple"},"_links":{"self":[{"href":"https:\/\/kasskoer.ee\/en\/wp-json\/wp\/v2\/product\/18455","targetHints":{"allow":["GET"]}}],"collection":[{"href":"https:\/\/kasskoer.ee\/en\/wp-json\/wp\/v2\/product"}],"about":[{"href":"https:\/\/kasskoer.ee\/en\/wp-json\/wp\/v2\/types\/product"}],"wp:featuredmedia":[{"embeddable":true,"href":"https:\/\/kasskoer.ee\/en\/wp-json\/wp\/v2\/media\/18475"}],"wp:attachment":[{"href":"https:\/\/kasskoer.ee\/en\/wp-json\/wp\/v2\/media?parent=18455"}],"wp:term":[{"taxonomy":"product_cat","embeddable":true,"href":"https:\/\/kasskoer.ee\/en\/wp-json\/wp\/v2\/product_cat?post=18455"},{"taxonomy":"product_tag","embeddable":true,"href":"https:\/\/kasskoer.ee\/en\/wp-json\/wp\/v2\/product_tag?post=18455"}],"curies":[{"name":"wp","href":"https:\/\/api.w.org\/{rel}","templated":true}]}}