{"id":18456,"date":"2026-04-20T03:10:42","date_gmt":"2026-04-20T00:10:42","guid":{"rendered":"https:\/\/kasskoer.ee\/product\/churu-bites-koeramaius-kana-ja-tuunikalaga-8x12g-2\/"},"modified":"2026-04-20T03:10:44","modified_gmt":"2026-04-20T00:10:44","slug":"churu-bites-koeramaius-kana-ja-tuunikalaga-8x12g","status":"publish","type":"product","link":"https:\/\/kasskoer.ee\/en\/toode\/churu-bites-koeramaius-kana-ja-tuunikalaga-8x12g\/","title":{"rendered":"Churu Bites koeramaius kana ja tuunikalaga 8x12g"},"content":{"rendered":"<p>Churu Bites &#8211; pehme padjakujuline naturaalne kanalihast ja tuunikalast maius koerale rohelise tee ekstrakti ja E-vitamiiniga.&#13;<\/p>\n<li>Valmistatud 100% talus kasvatatud kanast ja looduslikust tuunikalast.<\/li>\n<p>&#13;<\/p>\n<li>Sees kreemjas Churu\u00ae t\u00e4idis, v\u00e4ljast pehme k\u00fcpsetatud kanapasta.<\/li>\n<p>&#13;<\/p>\n<li>Ei sisalda teravilju, s\u00e4ilitusaineid ega kunstlikke v\u00e4rvaineid.<\/li>\n<p>&#13;<\/p>\n<li>Iga pakend sisaldab kaheksat \u00fcksikut pakki, et s\u00e4ilitada maksimaalne v\u00e4rskus.<\/li>\n<p>&#13;<\/p>\n<li>2 erinevat tekstuuri \u00fche hammustusega.<\/li>\n<p>&#13;<br \/>\n<br \/>&#13;<br \/>\n<b>Koostis<\/b><br \/>&#13;<br \/>\nKana (58,2%), tuunikala (17,1%), tapiokk (kuivatatud), munavalge, naatriumkaseinaat, kana ekstrakt, p\u00e4rm ja selle osad, rohelise tee ekstrakt.<br \/>&#13;<br \/>\n<br \/>&#13;<br \/>\n<b>Anal\u00fc\u00fctilised koostisosad<\/b><br \/>&#13;<br \/>\nToorvalk 28,5%, toorrasv 5%, toortuhk 1,7%, toorkiud 0,2%, niiskus 63,5%.<br \/>&#13;<br \/>\n<br \/>&#13;<br \/>\n<b>Tehnoloogilised lisaained<\/b><br \/>&#13;<br \/>\nGuarkumm (E412) 6,3g.<br \/>&#13;<br \/>\n<br \/>&#13;<br \/>\n<b>Metaboliseeruv energia<\/b><br \/>&#13;<br \/>\n1480 kcal\/kg<\/p>\n","protected":false},"excerpt":{"rendered":"<p>Churu Bites naturaalsed kana ja tuunikalaga maiused koerale.<\/p>\n","protected":false},"featured_media":18476,"template":"","meta":[],"product_cat":[1210,688],"product_tag":[],"class_list":{"0":"post-18456","1":"product","2":"type-product","3":"status-publish","4":"has-post-thumbnail","6":"product_cat-koerte-maiused","7":"product_cat-koerad","8":"pa_brand-churu","9":"pa_ean-893","10":"pa_kaal-0-096","11":"pa_tootjariik-tai","13":"first","14":"instock","15":"taxable","16":"shipping-taxable","17":"purchasable","18":"product-type-simple"},"_links":{"self":[{"href":"https:\/\/kasskoer.ee\/en\/wp-json\/wp\/v2\/product\/18456","targetHints":{"allow":["GET"]}}],"collection":[{"href":"https:\/\/kasskoer.ee\/en\/wp-json\/wp\/v2\/product"}],"about":[{"href":"https:\/\/kasskoer.ee\/en\/wp-json\/wp\/v2\/types\/product"}],"wp:featuredmedia":[{"embeddable":true,"href":"https:\/\/kasskoer.ee\/en\/wp-json\/wp\/v2\/media\/18476"}],"wp:attachment":[{"href":"https:\/\/kasskoer.ee\/en\/wp-json\/wp\/v2\/media?parent=18456"}],"wp:term":[{"taxonomy":"product_cat","embeddable":true,"href":"https:\/\/kasskoer.ee\/en\/wp-json\/wp\/v2\/product_cat?post=18456"},{"taxonomy":"product_tag","embeddable":true,"href":"https:\/\/kasskoer.ee\/en\/wp-json\/wp\/v2\/product_tag?post=18456"}],"curies":[{"name":"wp","href":"https:\/\/api.w.org\/{rel}","templated":true}]}}