{"id":18458,"date":"2026-04-20T03:10:42","date_gmt":"2026-04-20T00:10:42","guid":{"rendered":"https:\/\/kasskoer.ee\/product\/churu-bites-kassimaius-kana-ja-tuunikalaga-3x10g-2\/"},"modified":"2026-04-20T03:10:44","modified_gmt":"2026-04-20T00:10:44","slug":"churu-bites-kassimaius-kana-ja-tuunikalaga-3x10g","status":"publish","type":"product","link":"https:\/\/kasskoer.ee\/en\/toode\/churu-bites-kassimaius-kana-ja-tuunikalaga-3x10g\/","title":{"rendered":"Churu Bites kassimaius kana ja tuunikalaga 3x10g"},"content":{"rendered":"<p>Churu Bites &#8211; pehme padjakujuline naturaalne kanalihast ja tuunikalast&nbsp;maius kassile rohelise tee ekstrakti ja E-vitamiiniga. <\/p>\n<ul>\n<li>Valmistatud 100% talus kasvatatud kanast ja looduslikust tuunikalast.<\/li>\n<li>Sees kreemjas Churu\u00ae t\u00e4idis, v\u00e4ljast pehme k\u00fcpsetatud kanapasta.<\/li>\n<li>Ei sisalda teravilju, s\u00e4ilitusaineid ega kunstlikke v\u00e4rvaineid.<\/li>\n<li>Iga pakend sisaldab kolme \u00fcksikut pakki, et s\u00e4ilitada maksimaalne v\u00e4rskus.<\/li>\n<li>2 erinevat tekstuuri \u00fche hammustusega.<\/li>\n<\/ul>\n<p style=\"margin-left: 0px;\"><strong>Koostis<\/strong><\/p>\n<p style=\"margin-left: 0px;\">Kana (41,6%), tuunikala (33,8%),&nbsp;tapiokk (kuivatatud), munavalgepulber, naatriumkaseinaat,&nbsp;kana ekstrakt,&nbsp;p\u00e4rm ja selle osad, tuunikala ekstrakt, rohelise tee ekstrakt.<\/p>\n<p style=\"margin-left: 0px;\"><strong>Anal\u00fc\u00fctilised koostisosad<\/strong><\/p>\n<p style=\"margin-left: 0px;\">Toorvalk 28%, toorrasv&nbsp;5%, toortuhk 1,8%, toorkiud 0,3%,&nbsp;niiskus 63%.<\/p>\n<p> <strong>Tehnoloogilised lisaained<\/strong><br \/> Guarkummi (E412) 6,3g.<\/p>\n<p style=\"margin-left: 0px;\"><strong>Metaboliseeruv energia<\/strong><\/p>\n<p style=\"margin-left: 0px;\">1500 kcal\/kg<\/p>\n","protected":false},"excerpt":{"rendered":"<p>Churu Bites naturaalsed kana ja tuunikalaga maiused kassile.<\/p>\n","protected":false},"featured_media":18478,"template":"","meta":[],"product_cat":[1211],"product_tag":[],"class_list":{"0":"post-18458","1":"product","2":"type-product","3":"status-publish","4":"has-post-thumbnail","6":"product_cat-kasside-maiused","7":"pa_brand-churu","8":"pa_ean-1034","9":"pa_kaal-0-030","10":"pa_tootjariik-tai","12":"first","13":"instock","14":"taxable","15":"shipping-taxable","16":"purchasable","17":"product-type-simple"},"_links":{"self":[{"href":"https:\/\/kasskoer.ee\/en\/wp-json\/wp\/v2\/product\/18458","targetHints":{"allow":["GET"]}}],"collection":[{"href":"https:\/\/kasskoer.ee\/en\/wp-json\/wp\/v2\/product"}],"about":[{"href":"https:\/\/kasskoer.ee\/en\/wp-json\/wp\/v2\/types\/product"}],"wp:featuredmedia":[{"embeddable":true,"href":"https:\/\/kasskoer.ee\/en\/wp-json\/wp\/v2\/media\/18478"}],"wp:attachment":[{"href":"https:\/\/kasskoer.ee\/en\/wp-json\/wp\/v2\/media?parent=18458"}],"wp:term":[{"taxonomy":"product_cat","embeddable":true,"href":"https:\/\/kasskoer.ee\/en\/wp-json\/wp\/v2\/product_cat?post=18458"},{"taxonomy":"product_tag","embeddable":true,"href":"https:\/\/kasskoer.ee\/en\/wp-json\/wp\/v2\/product_tag?post=18458"}],"curies":[{"name":"wp","href":"https:\/\/api.w.org\/{rel}","templated":true}]}}