{"id":18484,"date":"2026-04-20T03:05:22","date_gmt":"2026-04-20T00:05:22","guid":{"rendered":"https:\/\/kasskoer.ee\/product\/freedog-donut-sinine-pesa-80cm\/"},"modified":"2026-04-20T03:05:25","modified_gmt":"2026-04-20T00:05:25","slug":"freedog-donut-sinine-pesa-80cm","status":"publish","type":"product","link":"https:\/\/kasskoer.ee\/en\/toode\/freedog-donut-sinine-pesa-80cm\/","title":{"rendered":"Freedog Donut sinine pesa 80cm"},"content":{"rendered":"<p><b>Freedog Donut sinist v\u00e4rvi pesa lemmikule.<\/b>&#13;<\/p>\n<li>\u00dclim pehmus ja turvatunne &#8211; aitab v\u00e4hendada stressi ja \u00e4revust.<\/li>\n<p>&#13;<\/p>\n<li>Valmistatud 100% kvaliteetsest pol\u00fcestrist &#8211; hoiab h\u00e4sti soojust ja on m\u00f5nusalt pehme.<\/li>\n<p>&#13;<\/p>\n<li>V\u00e4ga kohev ja polsterdatud &#8211; toetab keha igast k\u00fcljest, mist\u00f5ttu on sobilik igas vanuses lemmikule.<\/li>\n<p>&#13;<\/p>\n<li>Tugevad \u00f5mblused &#8211; vastupidav ka aktiivse lemmiku kasutuses.<\/li>\n<p>&#13;<\/p>\n<li>Libisemisvastane p\u00f5hi &#8211; p\u00fcsib kindlalt paigal ka siledal p\u00f5randal.<\/li>\n<p>&#13;<\/p>\n<li>Lihtne hooldus &#8211; pestav nii masinas kui k\u00e4sitsi.<\/li>\n","protected":false},"excerpt":{"rendered":"<p>Rahustav ase lemmikule.<\/p>\n","protected":false},"featured_media":18485,"template":"","meta":[],"product_cat":[692,456],"product_tag":[],"class_list":{"0":"post-18484","1":"product","2":"type-product","3":"status-publish","4":"has-post-thumbnail","6":"product_cat-lemmikutele-lisaks","7":"product_cat-pesad-ja-asemed","8":"pa_brand-freedog","9":"pa_ean-3255","10":"pa_kaal-2-000","11":"pa_tootjariik-hiina","13":"first","14":"outofstock","15":"taxable","16":"shipping-taxable","17":"purchasable","18":"product-type-simple"},"_links":{"self":[{"href":"https:\/\/kasskoer.ee\/en\/wp-json\/wp\/v2\/product\/18484","targetHints":{"allow":["GET"]}}],"collection":[{"href":"https:\/\/kasskoer.ee\/en\/wp-json\/wp\/v2\/product"}],"about":[{"href":"https:\/\/kasskoer.ee\/en\/wp-json\/wp\/v2\/types\/product"}],"wp:featuredmedia":[{"embeddable":true,"href":"https:\/\/kasskoer.ee\/en\/wp-json\/wp\/v2\/media\/18485"}],"wp:attachment":[{"href":"https:\/\/kasskoer.ee\/en\/wp-json\/wp\/v2\/media?parent=18484"}],"wp:term":[{"taxonomy":"product_cat","embeddable":true,"href":"https:\/\/kasskoer.ee\/en\/wp-json\/wp\/v2\/product_cat?post=18484"},{"taxonomy":"product_tag","embeddable":true,"href":"https:\/\/kasskoer.ee\/en\/wp-json\/wp\/v2\/product_tag?post=18484"}],"curies":[{"name":"wp","href":"https:\/\/api.w.org\/{rel}","templated":true}]}}