{"id":18511,"date":"2026-04-20T03:05:22","date_gmt":"2026-04-20T00:05:22","guid":{"rendered":"https:\/\/kasskoer.ee\/product\/freedog-rhombus-roosa-kampsun-koerale-15cm\/"},"modified":"2026-04-20T03:05:25","modified_gmt":"2026-04-20T00:05:25","slug":"freedog-rhombus-roosa-kampsun-koerale-15cm","status":"publish","type":"product","link":"https:\/\/kasskoer.ee\/en\/toode\/freedog-rhombus-roosa-kampsun-koerale-15cm\/","title":{"rendered":"Freedog Rhombus roosa kampsun koerale 15cm"},"content":{"rendered":"<p><b>Freedog Rhombus mustriga kampsun koerale.<\/b>&#13;<\/p>\n<li>Valmistatud kvaliteetsest ja pehmest akr\u00fc\u00fclmaterjalist \u2013 mugav ja soe.<\/li>\n<p>&#13;<\/p>\n<li>Hingav materjal tagab maksimaalse kandmismugavuse.<\/li>\n<p>&#13;<\/p>\n<li>T\u00e4nu nutikale l\u00f5ikele saab koer vabalt liikuda ning end muretult kergendada, ilma et kampsun m\u00e4\u00e4rduks.<\/li>\n<p>&#13;<\/p>\n<li>Mugav disain, mida on lihtne selga panna ja \u00e4ra v\u00f5tta.<\/li>\n<p>&#13;<\/p>\n<li>Masinpestav &#8211; lihtne hooldada.<\/li>\n<p>&#13;<\/p>\n<li>Elegantne v\u00e4limus sobib nii igap\u00e4evaseks kandmiseks kui ka erilisteks hetkedeks.<\/li>\n","protected":false},"excerpt":{"rendered":"<p>Rhombus mugav ja elegantne kampsun lemmikule.<\/p>\n","protected":false},"featured_media":18512,"template":"","meta":[],"product_cat":[2240],"product_tag":[],"class_list":{"0":"post-18511","1":"product","2":"type-product","3":"status-publish","4":"has-post-thumbnail","6":"product_cat-koerte-riided","7":"pa_brand-freedog","8":"pa_ean-3263","9":"pa_kaal-0-050","10":"pa_tootjariik-hiina","12":"first","13":"instock","14":"taxable","15":"shipping-taxable","16":"purchasable","17":"product-type-simple"},"_links":{"self":[{"href":"https:\/\/kasskoer.ee\/en\/wp-json\/wp\/v2\/product\/18511","targetHints":{"allow":["GET"]}}],"collection":[{"href":"https:\/\/kasskoer.ee\/en\/wp-json\/wp\/v2\/product"}],"about":[{"href":"https:\/\/kasskoer.ee\/en\/wp-json\/wp\/v2\/types\/product"}],"wp:featuredmedia":[{"embeddable":true,"href":"https:\/\/kasskoer.ee\/en\/wp-json\/wp\/v2\/media\/18512"}],"wp:attachment":[{"href":"https:\/\/kasskoer.ee\/en\/wp-json\/wp\/v2\/media?parent=18511"}],"wp:term":[{"taxonomy":"product_cat","embeddable":true,"href":"https:\/\/kasskoer.ee\/en\/wp-json\/wp\/v2\/product_cat?post=18511"},{"taxonomy":"product_tag","embeddable":true,"href":"https:\/\/kasskoer.ee\/en\/wp-json\/wp\/v2\/product_tag?post=18511"}],"curies":[{"name":"wp","href":"https:\/\/api.w.org\/{rel}","templated":true}]}}