{"id":18518,"date":"2026-04-20T03:05:17","date_gmt":"2026-04-20T00:05:17","guid":{"rendered":"https:\/\/kasskoer.ee\/product\/canvit-chondro-toidulisand-koertele-230g\/"},"modified":"2026-04-20T03:05:17","modified_gmt":"2026-04-20T00:05:17","slug":"canvit-chondro-toidulisand-koertele-230g","status":"publish","type":"product","link":"https:\/\/kasskoer.ee\/en\/toode\/canvit-chondro-toidulisand-koertele-230g\/","title":{"rendered":"Canvit Chondro toidulisand koertele 230g"},"content":{"rendered":"<p>Canvit Chondro toidulisand on suurep\u00e4rane allikas k\u00f5hrede ja sidemete taastamiseks ja kaitsmiseks ning liigeste liikuvuse parandamiseks.&#13;<\/p>\n<li>T\u00e4isv\u00e4\u00e4rtuslik toidulisand vastupandamatu maitsega. <\/li>\n<p>&#13;<\/p>\n<li>Ideaalne toidulisand liikumisraskuste ennetamiseks. <\/li>\n<p>&#13;<\/p>\n<li>Sisaldab gl\u00fckoosamiini ja kondroitiini, mis on vajalikud k\u00f5hrede kasvu jaoks. <\/li>\n<p>&#13;<\/p>\n<li>Sisaldab C-vitamiini ja kollageeni, mis on vajalikud tugevate k\u00f5\u00f5luste ja sidemete jaoks.<\/li>\n<p>&#13;<br \/>\n<br \/>&#13;<br \/>\n<b>Soovitatav p\u00e4evane annus<\/b><br \/>&#13;<br \/>\n1\u20132 tabletti iga 5 kg kehakaalu kohta.&#13;<br \/>\n<br \/>&#13;<br \/>\n<br \/><b>Juhised<\/b><br \/>&#13;<br \/>\nS\u00f6\u00f6da tablette otse k\u00e4est v\u00f5i purustatud toidu sisse 2-3 kuu jooksul. Kuuri v\u00f5ib korrata uuesti kolme kuu m\u00f6\u00f6dudes.&#13;<br \/>\n<br \/>&#13;<br \/>\n<br \/><b>Koostis<\/b><br \/>&#13;<br \/>\nLaktoos, p\u00e4rm, kollageen (10%), tselluloos, gl\u00fckoosamiin (70 000 mg\/kg), h\u00fcdrol\u00fc\u00fcsitud maks, kondroitiinsulfaat (42 000 mg\/kg), kaltsiumdifosfaat, magneesiumoksiid.<br \/>&#13;<br \/>\n<br \/><b>Anal\u00fc\u00fctilised koostisosad<\/b><br \/>&#13;<br \/>\nToorvalk 20,5%, toor\u00f5lid ja -rasvad 2%, toorkiud 7%, toortuhk 15%, magneesium 0,35%.<br \/>&#13;<br \/>\n<br \/>&#13;<br \/>\n<b>Toitainelised lisandid 1 kg kohta<\/b><br \/>&#13;<br \/>\nVitamiin E (\u03b1-tokoferoolatsetaat) (3a700) 3500 mg, vitamiin C (E300) 7000 mg, biotiin 100 mg, nikotiinamiid (3a315) 1500 mg, mangaan (E5, aminohappeh\u00fcdraat mangaan-helaati) 260 mg, seleen (3b8.11 Saccharomyces cerevisiae saadud orgaaniline seleen NCYC R397) 2 mg. Sisaldab antioks\u00fcdante.<\/p>\n","protected":false},"excerpt":{"rendered":"<p>Canvit toidulisandid koertele liikumisraskuste ennetamiseks. Sobilik alla 25kg kaaluvatele koertele.<\/p>\n","protected":false},"featured_media":18519,"template":"","meta":[],"product_cat":[1318,688],"product_tag":[],"class_list":{"0":"post-18518","1":"product","2":"type-product","3":"status-publish","4":"has-post-thumbnail","6":"product_cat-koerte-toidulisandid","7":"product_cat-koerad","8":"pa_brand-canvit","9":"pa_ean-3265","10":"pa_kaal-0-230","11":"pa_tootjariik-tsehhi","13":"first","14":"instock","15":"taxable","16":"shipping-taxable","17":"purchasable","18":"product-type-simple"},"_links":{"self":[{"href":"https:\/\/kasskoer.ee\/en\/wp-json\/wp\/v2\/product\/18518","targetHints":{"allow":["GET"]}}],"collection":[{"href":"https:\/\/kasskoer.ee\/en\/wp-json\/wp\/v2\/product"}],"about":[{"href":"https:\/\/kasskoer.ee\/en\/wp-json\/wp\/v2\/types\/product"}],"wp:featuredmedia":[{"embeddable":true,"href":"https:\/\/kasskoer.ee\/en\/wp-json\/wp\/v2\/media\/18519"}],"wp:attachment":[{"href":"https:\/\/kasskoer.ee\/en\/wp-json\/wp\/v2\/media?parent=18518"}],"wp:term":[{"taxonomy":"product_cat","embeddable":true,"href":"https:\/\/kasskoer.ee\/en\/wp-json\/wp\/v2\/product_cat?post=18518"},{"taxonomy":"product_tag","embeddable":true,"href":"https:\/\/kasskoer.ee\/en\/wp-json\/wp\/v2\/product_tag?post=18518"}],"curies":[{"name":"wp","href":"https:\/\/api.w.org\/{rel}","templated":true}]}}