{"id":18520,"date":"2026-04-20T03:05:17","date_gmt":"2026-04-20T00:05:17","guid":{"rendered":"https:\/\/kasskoer.ee\/product\/kimo-tuna-with-goat-milk-kassimaius-4x15g\/"},"modified":"2026-04-20T03:05:17","modified_gmt":"2026-04-20T00:05:17","slug":"kimo-tuna-with-goat-milk-kassimaius-4x15g","status":"publish","type":"product","link":"https:\/\/kasskoer.ee\/en\/toode\/kimo-tuna-with-goat-milk-kassimaius-4x15g\/","title":{"rendered":"Kimo Tuna with Goat Milk kassimaius 4x15g"},"content":{"rendered":"<p><b>Kimo kreemja tekstuuriga tuunikala ja kitsepiimaga maius kassile<\/b>&#13;<\/p>\n<li>Pehme ja kreemja tekstuuriga pasta, mida kassid armastavad.<\/li>\n<p>&#13;<\/p>\n<li>Suurep\u00e4rane viis tugevdada sidet oma kassiga.<\/li>\n<p>&#13;<\/p>\n<li>Suur niiskusesisaldus \u2013 aitab suurendada kassi veetarbimist, mis on oluline neerufunktsioonide s\u00e4ilitamiseks ja deh\u00fcdratsiooni v\u00e4ltimiseks.<\/li>\n<p>&#13;<\/p>\n<li>Ilma lisatud suhkru ja kunstlike l\u00f5hnaaineteta.<\/li>\n<p>&#13;<\/p>\n<li>Sobib lisandiks igap\u00e4evasele toidule v\u00f5i preemiaks.<\/li>\n<p>&#13;<br \/>\n<br \/>&#13;<br \/>\n<b>Koostis<\/b><br \/>&#13;<br \/>\nTuunikala (20,8%), modifitseeritud tapiokit\u00e4rklis, kitsepiim (1,11%).<br \/>&#13;<br \/>\n<br \/>&#13;<br \/>\n<b>Anal\u00fc\u00fctilised koostisosad<\/b><br \/>&#13;<br \/>\nToorvalk 5%, toortuhk 1%, toorkiud 1%, toorrasv 0,1%, niiskus 89%.<br \/>&#13;<br \/>\n<br \/>&#13;<br \/>\n<b>S\u00f6\u00f6dalisandid (kg kohta)<\/b><br \/>&#13;<br \/>\nTehnoloogilised lisandid: ksantaankummi (E415) 17,52 mg, kassiakummi (1f499) 2,56 mg, karrageen (E407) 2,56 mg, guarkummi (E412) 2,56 mg.<br \/>&#13;<br \/>\n<br \/>&#13;<br \/>\n<b>Metaboliseeruv energia<\/b><br \/>&#13;<br \/>\n31 kcal\/100g<br \/>&#13;<br \/>\n<br \/>&#13;<br \/>\n<b>S\u00f6\u00f6tmisjuhend<\/b><br \/>&#13;<br \/>\nPaku kassile maiusena, see ei ole t\u00e4isv\u00e4\u00e4rtuslik ega tasakaalustatud toit. Tagage alati v\u00e4rske joogivesi.<\/p>\n","protected":false},"excerpt":{"rendered":"<p>Kimo naturaalne tuunikala ja kitsepiimaga maius kassile.<\/p>\n","protected":false},"featured_media":18521,"template":"","meta":[],"product_cat":[1211],"product_tag":[],"class_list":{"0":"post-18520","1":"product","2":"type-product","3":"status-publish","4":"has-post-thumbnail","6":"product_cat-kasside-maiused","7":"pa_brand-kimo","8":"pa_ean-3266","9":"pa_kaal-0-060","10":"pa_tootjariik-tai","12":"first","13":"instock","14":"taxable","15":"shipping-taxable","16":"purchasable","17":"product-type-simple"},"_links":{"self":[{"href":"https:\/\/kasskoer.ee\/en\/wp-json\/wp\/v2\/product\/18520","targetHints":{"allow":["GET"]}}],"collection":[{"href":"https:\/\/kasskoer.ee\/en\/wp-json\/wp\/v2\/product"}],"about":[{"href":"https:\/\/kasskoer.ee\/en\/wp-json\/wp\/v2\/types\/product"}],"wp:featuredmedia":[{"embeddable":true,"href":"https:\/\/kasskoer.ee\/en\/wp-json\/wp\/v2\/media\/18521"}],"wp:attachment":[{"href":"https:\/\/kasskoer.ee\/en\/wp-json\/wp\/v2\/media?parent=18520"}],"wp:term":[{"taxonomy":"product_cat","embeddable":true,"href":"https:\/\/kasskoer.ee\/en\/wp-json\/wp\/v2\/product_cat?post=18520"},{"taxonomy":"product_tag","embeddable":true,"href":"https:\/\/kasskoer.ee\/en\/wp-json\/wp\/v2\/product_tag?post=18520"}],"curies":[{"name":"wp","href":"https:\/\/api.w.org\/{rel}","templated":true}]}}