{"id":18528,"date":"2026-04-20T03:05:17","date_gmt":"2026-04-20T00:05:17","guid":{"rendered":"https:\/\/kasskoer.ee\/product\/profine-adult-salmon-potatoes-koeratoit-12-kg\/"},"modified":"2026-04-20T03:05:18","modified_gmt":"2026-04-20T00:05:18","slug":"profine-adult-salmon-potatoes-koeratoit-12-kg","status":"publish","type":"product","link":"https:\/\/kasskoer.ee\/en\/toode\/profine-adult-salmon-potatoes-koeratoit-12-kg\/","title":{"rendered":"Profine Adult Salmon &#038; Potatoes koeratoit 12 kg"},"content":{"rendered":"<p><b>Profine Adult Salmon superpremium koeratoit t\u00e4iskasvanud koertele l\u00f5he ja kartuliga.<\/b>&#13;<\/p>\n<li>Sisaldab rohkelt l\u00f5he &#8211; k\u00f5rge l\u00f5he sisaldus tagab suurep\u00e4rase seeduvuse.<\/li>\n<p>&#13;<\/p>\n<li>Merevetikas ja prebiootikumid &#8211; tasakaalustavad positiivset mikrofloorat soolestikus ja aitavad t\u00f5sta immuunsust.<\/li>\n<p>&#13;<\/p>\n<li>\u00dcrdisegu &#8211; apteegitill, basiilik, salvei ja t\u00e4\u00e4kliilia toetavad tervislikku seedimist ja parandavad ainevahetusprotsesse.<\/li>\n<p>&#13;<br \/>\n<br \/>&#13;<br \/>\n<b>Koostis<\/b><br \/>&#13;<br \/>\nL\u00f5he 37% (kuivatatud l\u00f5he 22%, l\u00f5heproteiin 15%), mais, kartul (20%), kanarasv (s\u00e4ilitatud tokoferoolide seguga, E-vitamiini allikas), kuivatatud \u00f5unad, \u00f5llep\u00e4rm, l\u00f5he\u00f5li (3%), h\u00fcdrol\u00fc\u00fcsitud kanamaks , krevetijahu (1,5%), kuivatatud merevetikad (0,5%), gl\u00fckoosamiin (0,02%), sigurijuur (mannan-oligosahhariidide allikas 0,018%), kuivatatud taimesegu (apteegitill, basiilik, salvei 0,018%), frukto-oligosahhariidid (0,012%), t\u00e4\u00e4kliilia (0,01%), kondroitiinsulfaat (0,012%).<br \/>&#13;<br \/>\n<br \/>&#13;<br \/>\n<b>Anal\u00fc\u00fctiline koostis<\/b><br \/>&#13;<br \/>\nToorvalk 24%, toorrasv 14%, toorkiud 2%, niiskus 10%, toortuhk 5,2%, kaltsium 1%, fosfor 0,8%, oomega-3 0,55%, oomega-6 1,7%.<\/p>\n<p>&#13;<br \/>\n<b>Toitainelised lisandid<\/b><br \/>&#13;<br \/>\nA-vitamiin (3a672a) 18 000 R\u00dc, D3-vitamiin (3a671) 1 600 R\u00dc, E-vitamiin (3a700) 500 mg, koliinkloriid (3a890) 700 mg, biotiin (3a880) 0,7 mg, niatsiinamiid (3a314) 15 mg, kaltsium-D-pantotenaat (3a841) 12 mg, B12-vitamiin (3a835) 0,05 mg, B2-vitamiin (3a825i) 4 mg, B1-vitamiin (3a820) 1,0 mg, B6-vitamiin (3a831) 1,5 mg, foolhape (3a316) 0,6 mg, raud (3b107) 90 mg, tsink (3b312) 100 mg, vask (3b407) 18 mg, kaaliumjodiid (3b201) 0,7 mg, mangaan (3b505) 45 mg, seleen (3b810) 0,2 mg, L-metioniin (3c305) 15 mg, L-l\u00fcsiin (3c322) 3 mg.<br \/>&#13;<br \/>\n<br \/>&#13;<br \/>\n<b>Metaboliseeruv energia<\/b><br \/>&#13;<br \/>\n3800 kcal\/kg<br \/>&#13;<br \/>\n<br \/>&#13;<br \/>\n<b>Soovituslik p\u00e4evane kogus<\/b> <\/p>\n<table>\n<tbody>\n<tr class=\"subhead\">\n<td>Koera kaal<\/td>\n<td>5 kg<\/td>\n<td>10 kg<\/td>\n<td>15 kg<\/td>\n<td>20 kg<\/td>\n<td>25 kg<\/td>\n<td>30 kg<\/td>\n<td>40 kg<\/td>\n<td>50 kg<\/td>\n<td>60 kg<\/td>\n<td>70 kg<\/td>\n<td>80 kg<\/td>\n<td>90 kg<\/td>\n<\/tr>\n<tr>\n<td>P\u00e4evane kogus<\/td>\n<td>70 g<\/td>\n<td>120 g<\/td>\n<td>160 g<\/td>\n<td>200 g<\/td>\n<td>240 g<\/td>\n<td>270 g<\/td>\n<td>340 g<\/td>\n<td>400 g<\/td>\n<td>470 g<\/td>\n<td>520 g<\/td>\n<td>580 g<\/td>\n<td>640 g<\/td>\n<\/tr>\n<\/tbody>\n<\/table>\n","protected":false},"excerpt":{"rendered":"<p>Profine t\u00e4iss\u00f6\u00f6t t\u00e4iskasvanud koertele l\u00f5he ja kartuliga.<\/p>\n","protected":false},"featured_media":18529,"template":"","meta":[],"product_cat":[688,64],"product_tag":[],"class_list":{"0":"post-18528","1":"product","2":"type-product","3":"status-publish","4":"has-post-thumbnail","6":"product_cat-koerad","7":"product_cat-koeratoit","8":"pa_brand-profine","9":"pa_ean-3270","10":"pa_kaal-12-000","11":"pa_tootjariik-tsehhi","13":"first","14":"instock","15":"taxable","16":"shipping-taxable","17":"purchasable","18":"product-type-simple"},"_links":{"self":[{"href":"https:\/\/kasskoer.ee\/en\/wp-json\/wp\/v2\/product\/18528","targetHints":{"allow":["GET"]}}],"collection":[{"href":"https:\/\/kasskoer.ee\/en\/wp-json\/wp\/v2\/product"}],"about":[{"href":"https:\/\/kasskoer.ee\/en\/wp-json\/wp\/v2\/types\/product"}],"wp:featuredmedia":[{"embeddable":true,"href":"https:\/\/kasskoer.ee\/en\/wp-json\/wp\/v2\/media\/18529"}],"wp:attachment":[{"href":"https:\/\/kasskoer.ee\/en\/wp-json\/wp\/v2\/media?parent=18528"}],"wp:term":[{"taxonomy":"product_cat","embeddable":true,"href":"https:\/\/kasskoer.ee\/en\/wp-json\/wp\/v2\/product_cat?post=18528"},{"taxonomy":"product_tag","embeddable":true,"href":"https:\/\/kasskoer.ee\/en\/wp-json\/wp\/v2\/product_tag?post=18528"}],"curies":[{"name":"wp","href":"https:\/\/api.w.org\/{rel}","templated":true}]}}