{"id":18530,"date":"2026-04-20T03:05:17","date_gmt":"2026-04-20T00:05:17","guid":{"rendered":"https:\/\/kasskoer.ee\/product\/brit-care-fillets-in-gravy-hearty-duck-margtoit-steriliseeritud-kassidele-85g\/"},"modified":"2026-04-20T03:05:18","modified_gmt":"2026-04-20T00:05:18","slug":"brit-care-fillets-in-gravy-hearty-duck-margtoit-steriliseeritud-kassidele-85g","status":"publish","type":"product","link":"https:\/\/kasskoer.ee\/en\/toode\/brit-care-fillets-in-gravy-hearty-duck-margtoit-steriliseeritud-kassidele-85g\/","title":{"rendered":"Brit Care Fillets in Gravy Hearty Duck m\u00e4rgtoit steriliseeritud kassidele 85g"},"content":{"rendered":"<p>Teraviljavaba superpremium-t\u00e4iss\u00f6\u00f6t t\u00e4iskasvanud steriliseeritud kassidele.<br \/>&#13;<br \/>\nKassi men\u00fc\u00fc peab olema vaheldusrikas, maitsev ja tervislik. Brit Care\u2019i maitsvat einekotikeses toodet v\u00f5ib kasutada t\u00e4iss\u00f6\u00f6da v\u00f5i lisandina kuivs\u00f6\u00f6da vaheldusrikkamaks ja maitsvamaks muutmiseks. Sobib eelk\u00f5ige v\u00e4ga valivatele v\u00f5i toitumisprobleemidega kassidele. Aitab t\u00e4nu lisatud astelpajule ja kressile ennetada kuseteede haigusi.&#13;<\/p>\n<li>Teraviljavaba koostis.<\/li>\n<p>&#13;<\/p>\n<li>85% lihast fileedena.<\/li>\n<p>&#13;<\/p>\n<li>V\u00e4ga maitsev.<\/li>\n<p>&#13;<\/p>\n<li>Sisaldab looduslikku antioks\u00fcdanti: rosmariiniekstrakti.<\/li>\n<p>&#13;<\/p>\n<li>Ei ole lisatud suhkrut \u2013 Ei sisalda soja ega GMOsid.<\/li>\n<p>&#13;<br \/>\n<br \/>&#13;<br \/>\n<b>Koostis<\/b><br \/>&#13;<br \/>\nLiha fileedena (kana 62%, maks 15%, part 8%) 85%, lignotselluloos, kuivatatud astelpaju 1%, kuivatatud kress 0,5%, kaltsiumkarbonaat, hernejahu.<br \/>&#13;<br \/>\n<br \/>&#13;<br \/>\n<b>Anal\u00fc\u00fctilised koostisosad<\/b><br \/>&#13;<br \/>\nToorvalk 7,0%, toorrasv 3,2%, toorkiud 0,5%, toortuhk 2,2%, niiskus 82,0%, kaltsium 0,2%, fosfor 0,2%, naatrium 0,25%.<br \/>&#13;<br \/>\n<br \/>&#13;<br \/>\n<b>S\u00f6\u00f6dalisandid (kg kohta)<\/b><br \/>&#13;<br \/>\nToitainelised lisandid: vitamiin A (3a672a) 400 R\u00dc, vitamiin D3 (3a671) 100 R\u00dc, vitamiin E (3a700) 50 mg, koliinkloriid (3a890) 60 mg, vitamiin B1 (3a821) 0,3 mg, biotiin (3a880) 0,1 mg, tsink (3b606) 3,5 mg, mangaan (3b502) 0,8 mg, raud (3b103) 2,8 mg, jood (3b201) 0,2 mg, tauriin (3a370) 500 mg, L-metioniin (3c305) 1750 mg. Tehnoloogilised lisandid: taime\u00f5lide tokoferooli ekstraktid (1b306(i)), askorb\u00fc\u00fclpalmitaat (1b304) ja rosmariini ekstrakt.<br \/>&#13;<br \/>\n<br \/>&#13;<br \/>\n<b>Metaboliseeruv energia<\/b><br \/>&#13;<br \/>\n760 kcal\/kg<br \/>&#13;<br \/>\n<br \/>&#13;<br \/>\n<b>Toitmisjuhend<\/b>&#13;<\/p>\n<figure class=\"table\">\n<table>\n<thead>\n<tr>\n<th rowspan=\"1\">Kassi kaal (kg)<\/th>\n<th>3<\/th>\n<th>4-6<\/th>\n<th>6-8<\/th>\n<\/tr>\n<\/thead>\n<tbody>\n<tr>\n<th rowspan=\"1\">Einekotikesi p\u00e4evas<\/th>\n<td>2<\/td>\n<td>3-4<\/td>\n<td>4-6<\/td>\n<\/tr>\n<\/tbody>\n<\/table>\n<\/figure>\n","protected":false},"excerpt":{"rendered":"<p>Brit Care m\u00e4rgtoit pardifileega kastmes t\u00e4iskasvanud steriliseeritud kassidele.<\/p>\n","protected":false},"featured_media":18531,"template":"","meta":[],"product_cat":[689,33],"product_tag":[],"class_list":{"0":"post-18530","1":"product","2":"type-product","3":"status-publish","4":"has-post-thumbnail","6":"product_cat-kassid","7":"product_cat-konservid-kassidele","8":"pa_brand-brit-care","9":"pa_ean-3271","10":"pa_kaal-0-085","11":"pa_tootjariik-tsehhi","13":"first","14":"instock","15":"taxable","16":"shipping-taxable","17":"purchasable","18":"product-type-simple"},"_links":{"self":[{"href":"https:\/\/kasskoer.ee\/en\/wp-json\/wp\/v2\/product\/18530","targetHints":{"allow":["GET"]}}],"collection":[{"href":"https:\/\/kasskoer.ee\/en\/wp-json\/wp\/v2\/product"}],"about":[{"href":"https:\/\/kasskoer.ee\/en\/wp-json\/wp\/v2\/types\/product"}],"wp:featuredmedia":[{"embeddable":true,"href":"https:\/\/kasskoer.ee\/en\/wp-json\/wp\/v2\/media\/18531"}],"wp:attachment":[{"href":"https:\/\/kasskoer.ee\/en\/wp-json\/wp\/v2\/media?parent=18530"}],"wp:term":[{"taxonomy":"product_cat","embeddable":true,"href":"https:\/\/kasskoer.ee\/en\/wp-json\/wp\/v2\/product_cat?post=18530"},{"taxonomy":"product_tag","embeddable":true,"href":"https:\/\/kasskoer.ee\/en\/wp-json\/wp\/v2\/product_tag?post=18530"}],"curies":[{"name":"wp","href":"https:\/\/api.w.org\/{rel}","templated":true}]}}