{"id":18532,"date":"2026-04-20T03:05:17","date_gmt":"2026-04-20T00:05:17","guid":{"rendered":"https:\/\/kasskoer.ee\/product\/ciao-broth-chicken-with-scallop-margtoit-kassidele-40g\/"},"modified":"2026-04-20T03:05:19","modified_gmt":"2026-04-20T00:05:19","slug":"ciao-broth-chicken-with-scallop-margtoit-kassidele-40g","status":"publish","type":"product","link":"https:\/\/kasskoer.ee\/en\/toode\/ciao-broth-chicken-with-scallop-margtoit-kassidele-40g\/","title":{"rendered":"Ciao Broth Chicken with Scallop m\u00e4rgtoit kassidele 40g"},"content":{"rendered":"<p>Ciao kana ja kammkarp kastmes &#8211; t\u00e4iends\u00f6\u00f6t kassidele.&#13;<\/p>\n<li>Valmistatud 100% puhtast ja looduslikust kana rinnalihast ja kammkarbist.<\/li>\n<p>&#13;<\/p>\n<li>Ei sisalda teravilju, s\u00e4ilitusaineid ega kunstlikke v\u00e4rvaineid.<\/li>\n<p>&#13;<\/p>\n<li>Pakend sisaldab vedelikke, mis aitab kassi organismi h\u00fcdreerida.<\/li>\n<p>&#13;<\/p>\n<li>Madala kalorsusega.<\/li>\n<p>&#13;<br \/>\n<br \/>&#13;<br \/>\n<b>Koostis <\/b><br \/>&#13;<br \/>\nKanapuljong (68%), kana (28%), kammkarp (2%), tapiokk (kuivatatud).<br \/>&#13;<br \/>\n<br \/>&#13;<br \/>\n<b>Anal\u00fc\u00fctilised koostisosad<\/b><br \/>&#13;<br \/>\nToorvalk 9,4%, toorrasv 1,0%, toorkiud 0,1%, toortuhk 1,5%, niiskus 88,0%.<br \/>&#13;<br \/>\n<br \/>&#13;<br \/>\n<b>S\u00f6\u00f6dalisandid<\/b><br \/>&#13;<br \/>\nToitainelised lisandid: vitamiin E 560mg. Tehnoloogilised lisandid: guarkummi, ksantaankummi. L\u00f5hna- ja maitseained: maitseained, Camellia thea Link.<br \/>&#13;<br \/>\n<br \/>&#13;<br \/>\n<b>Metaboliseeruv energia<\/b><br \/>&#13;<br \/>\n400 kcal\/kg<\/p>\n","protected":false},"excerpt":{"rendered":"<p>Ciao rebitud kana ja kammkarbi t\u00fckid kanakastmes.<\/p>\n","protected":false},"featured_media":18533,"template":"","meta":[],"product_cat":[689,33],"product_tag":[],"class_list":{"0":"post-18532","1":"product","2":"type-product","3":"status-publish","4":"has-post-thumbnail","6":"product_cat-kassid","7":"product_cat-konservid-kassidele","8":"pa_brand-ciao","9":"pa_ean-3272","10":"pa_kaal-0-040","11":"pa_tootjariik-tai","13":"first","14":"instock","15":"taxable","16":"shipping-taxable","17":"purchasable","18":"product-type-simple"},"_links":{"self":[{"href":"https:\/\/kasskoer.ee\/en\/wp-json\/wp\/v2\/product\/18532","targetHints":{"allow":["GET"]}}],"collection":[{"href":"https:\/\/kasskoer.ee\/en\/wp-json\/wp\/v2\/product"}],"about":[{"href":"https:\/\/kasskoer.ee\/en\/wp-json\/wp\/v2\/types\/product"}],"wp:featuredmedia":[{"embeddable":true,"href":"https:\/\/kasskoer.ee\/en\/wp-json\/wp\/v2\/media\/18533"}],"wp:attachment":[{"href":"https:\/\/kasskoer.ee\/en\/wp-json\/wp\/v2\/media?parent=18532"}],"wp:term":[{"taxonomy":"product_cat","embeddable":true,"href":"https:\/\/kasskoer.ee\/en\/wp-json\/wp\/v2\/product_cat?post=18532"},{"taxonomy":"product_tag","embeddable":true,"href":"https:\/\/kasskoer.ee\/en\/wp-json\/wp\/v2\/product_tag?post=18532"}],"curies":[{"name":"wp","href":"https:\/\/api.w.org\/{rel}","templated":true}]}}