{"id":18564,"date":"2026-04-20T03:05:17","date_gmt":"2026-04-20T00:05:17","guid":{"rendered":"https:\/\/kasskoer.ee\/product\/wildfull-chicken-sterilised-light-kassitoit-400g\/"},"modified":"2026-04-20T03:05:17","modified_gmt":"2026-04-20T00:05:17","slug":"wildfull-chicken-sterilised-light-kassitoit-400g","status":"publish","type":"product","link":"https:\/\/kasskoer.ee\/en\/toode\/wildfull-chicken-sterilised-light-kassitoit-400g\/","title":{"rendered":"Wildfull Chicken Sterilised Light kassitoit 400g"},"content":{"rendered":"<p><b>Wildfull Chicken Sterilised Light t\u00e4iss\u00f6\u00f6t steriliseeritud t\u00e4iskasvanud kassidele.<\/b>&#13;<\/p>\n<li>Tuhandeaastane toitaineline tasakaal \u2013 inspireeritud metsikute loomade looduslikust toitumisest.<\/li>\n<p>&#13;<\/p>\n<li>K\u00f5rge lihasisaldus &#8211; tagab loomuomase ja toitva koostise.<\/li>\n<p>&#13;<\/p>\n<li>Prebiootilised k\u00f6\u00f6giviljad ja \u00fcrdid \u2013 toetavad seedimist ja tugevdavad immuunsust.<\/li>\n<p>&#13;<\/p>\n<li>Ei sisalda GMO-sid, gluteeni, kunstlikke v\u00e4rv- ega s\u00e4ilitusaineid.<\/li>\n<p>&#13;<br \/>\n<br \/>&#13;<br \/>\n<b>Koostis<\/b><br \/>&#13;<br \/>\nDeh\u00fcdreeritud kanaliha (38%), bataat, kuivatatud kartul, kanarasv (11%), kanamaks (5%), kuivatatud k\u00f5rvits, kuivatatud kanamaks (2%), kuivatatud porgand (1,2%), linaseemned, siguriekstrakt, ps\u00fcllium (0,3%), beetagl\u00fckaanid, tauriin, vitamiinide ja mineraalide segu.<br \/>&#13;<br \/>\n<br \/>&#13;<br \/>\n<b>Anal\u00fc\u00fctilised koostisosad<\/b><br \/>&#13;<br \/>\nToorvalk 34%, toorrasv 12%, toorkiud 3,2%, toortuhk 8,5%, niiskus (maksimum) 10%, kaltsium 1,1%, fosfor 0,85%, naatrium 0,15%.<br \/>&#13;<br \/>\n<br \/>&#13;<br \/>\n<b>S\u00f6\u00f6dalisandid (kg kohta)<\/b><br \/>&#13;<br \/>\nToitainelised lisandid: A-vitamiin (3a672a) 20000 R\u00dc, D3-vitamiin (3a671) 2000 R\u00dc, E-vitamiin (3a700) 200 mg, B1-vitamiin (3a821) 6 mg, B2-vitamiin (3a825i) 10 mg, B6-vitamiin (3a831) 8 mg, B12-vitamiin (3a835) 0,08 mg, niatsiin (3a314) 50 mg, kaltsium-D-pantotenaat (3a841) 20 mg, foolhape (3a316) 0,8 mg, biotiin (3a880) 0,5 mg, C-vitamiin (3a300) 200 mg, jood (3b203) 5 mg, seleen (3b802) 0,44 mg, raud (3b103) 120 mg, vask (3b405) 15 mg, tsink (3b603) 150 mg, mangaan (3b502) 15 mg, tauriin 5000 mg, koliini kloriid (3a890) 2160 mg. Tehnoloogilised lisandid: taime\u00f5list saadud tokoferooli ekstraktid (1b306).<br \/>&#13;<br \/>\n<br \/>&#13;<br \/>\n<b>Metaboliseeruv energia<\/b><br \/>&#13;<br \/>\n3610 kcal\/kg<br \/>&#13;<br \/>\n<br \/>&#13;<br \/>\n<b>S\u00f6\u00f6tmisjuhend<\/b><br \/>&#13;<br \/>\nTagage lemmikule alati v\u00e4rske joogivee olemasolu. S\u00e4ilitada kuivas ja jahedas kohas kaitstuna otsese p\u00e4ikesevalguse eest.<\/p>\n","protected":false},"excerpt":{"rendered":"<p>Teraviljavaba t\u00e4isv\u00e4\u00e4rtuslik kuivtoit kanaga steriliseeritud kassidele.<\/p>\n","protected":false},"featured_media":18565,"template":"","meta":[],"product_cat":[689,75],"product_tag":[],"class_list":{"0":"post-18564","1":"product","2":"type-product","3":"status-publish","4":"has-post-thumbnail","6":"product_cat-kassid","7":"product_cat-kassitoit","8":"pa_brand-wildfull","9":"pa_ean-3289","10":"pa_kaal-0-400","11":"pa_tootjariik-serbia","13":"first","14":"instock","15":"sale","16":"taxable","17":"shipping-taxable","18":"purchasable","19":"product-type-simple"},"_links":{"self":[{"href":"https:\/\/kasskoer.ee\/en\/wp-json\/wp\/v2\/product\/18564","targetHints":{"allow":["GET"]}}],"collection":[{"href":"https:\/\/kasskoer.ee\/en\/wp-json\/wp\/v2\/product"}],"about":[{"href":"https:\/\/kasskoer.ee\/en\/wp-json\/wp\/v2\/types\/product"}],"wp:featuredmedia":[{"embeddable":true,"href":"https:\/\/kasskoer.ee\/en\/wp-json\/wp\/v2\/media\/18565"}],"wp:attachment":[{"href":"https:\/\/kasskoer.ee\/en\/wp-json\/wp\/v2\/media?parent=18564"}],"wp:term":[{"taxonomy":"product_cat","embeddable":true,"href":"https:\/\/kasskoer.ee\/en\/wp-json\/wp\/v2\/product_cat?post=18564"},{"taxonomy":"product_tag","embeddable":true,"href":"https:\/\/kasskoer.ee\/en\/wp-json\/wp\/v2\/product_tag?post=18564"}],"curies":[{"name":"wp","href":"https:\/\/api.w.org\/{rel}","templated":true}]}}