{"id":18570,"date":"2026-04-20T03:05:17","date_gmt":"2026-04-20T00:05:17","guid":{"rendered":"https:\/\/kasskoer.ee\/product\/wildfull-lamb-koeratoit-2kg\/"},"modified":"2026-04-20T03:05:17","modified_gmt":"2026-04-20T00:05:17","slug":"wildfull-lamb-koeratoit-2kg","status":"publish","type":"product","link":"https:\/\/kasskoer.ee\/en\/toode\/wildfull-lamb-koeratoit-2kg\/","title":{"rendered":"Wildfull Lamb koeratoit 2kg"},"content":{"rendered":"<p><b>Wildfull Lamb t\u00e4iss\u00f6\u00f6t igat t\u00f5ugu t\u00e4iskasvanud koertele.<\/b>&#13;<\/p>\n<li>Tuhandeaastane toitaineline tasakaal \u2013 inspireeritud metsikute loomade looduslikust toitumisest.<\/li>\n<p>&#13;<\/p>\n<li>K\u00f5rge lihasisaldus &#8211; tagab loomuomase ja toitva koostise.<\/li>\n<p>&#13;<\/p>\n<li>Allergias\u00f5bralik &#8211; sobib suurp\u00e4raselt tundliku seedimise ja toidutalumatuse korral.<\/li>\n<p>&#13;<\/p>\n<li>Prebiootilised k\u00f6\u00f6giviljad ja \u00fcrdid \u2013 toetavad seedimist ja tugevdavad immuunsust.<\/li>\n<p>&#13;<\/p>\n<li>Ei sisalda GMO-sid, gluteeni, kunstlikke v\u00e4rv- ega s\u00e4ilitusaineid.<\/li>\n<p>&#13;<br \/>\n<br \/>&#13;<br \/>\n<b>Koostis<\/b><br \/>&#13;<br \/>\nDeh\u00fcdreeritud lambaliha (31%), bataat, kuivatatud kartul, veiserasv (14%), lambamaks (5%), kuivatatud k\u00f5rvits (2%), deh\u00fcdreeritud lambamaks (2%), kuivatatud porgand (1,2%), linaseemned, siguriekstrakt, t\u00e4\u00e4kliilia, beetagl\u00fckaanid, gl\u00fckoosamiin, kondroitiinsulfaat, vitamiinide ja mineraalide segu.<br \/>&#13;<br \/>\n<br \/>&#13;<br \/>\n<b>Anal\u00fc\u00fctilised koostisosad<\/b><br \/>&#13;<br \/>\nToorvalk 25%, toorrasv 14%, toorkiud 3,2%, toortuhk 6,9%, niiskus (maksimum) 10%, kaltsium 1,1%, fosfor 0,85%, naatrium 0,15%.<br \/>&#13;<br \/>\n<br \/>&#13;<br \/>\n<b>S\u00f6\u00f6dalisandid (kg kohta)<\/b><br \/>&#13;<br \/>\nToitainelised lisandid: A-vitamiin (3a672a) 16300 R\u00dc, D3-vitamiin (3a671) 1620 R\u00dc, E-vitamiin (3a700) 160 mg, B1-vitamiin (3a821) 4,8 mg, B2 (3a825i) 8 mg, B6 (3a831) 6,4 mg, B12 (3a835) 0,07 mg, C-vitamiin (3a300) 160 mg, niatsiin (3a314) 40 mg, kaltsium-D-pantotenaat (3a841) 16 mg, foolhape (3a316) 0,64 mg, biotiin (3a880) 0,4 mg, jood (3b203) 4 mg, seleen (3b802) 0,35 mg, raud (3b103) 96 mg, vask (3b405) 12 mg, tsink (3b603) 120 mg, mangaan (3b502) 12 mg, koliini kloriid (3a890) 1728 mg, gl\u00fckoosamiin 400 mg\/kg, kondroitiinsulfaat 350 mg\/kg. Tehnoloogilised lisandid: taime\u00f5list saadud tokoferooli ekstraktid (1b306).<br \/>&#13;<br \/>\n<br \/>&#13;<br \/>\n<b>Metaboliseeruv energia<\/b><br \/>&#13;<br \/>\n3790 kcal\/kg<br \/>&#13;<br \/>\n<br \/>&#13;<br \/>\n<b>S\u00f6\u00f6tmisjuhend<\/b><br \/>&#13;<br \/>\nTagage lemmikule alati v\u00e4rske joogivee olemasolu. S\u00e4ilitada kuivas ja jahedas kohas kaitstuna otsese p\u00e4ikesevalguse eest.<\/p>\n","protected":false},"excerpt":{"rendered":"<p>Teraviljavaba t\u00e4isv\u00e4\u00e4rtuslik kuivtoit lambalihaga igat t\u00f5ugu koertele.<\/p>\n","protected":false},"featured_media":18571,"template":"","meta":[],"product_cat":[688,64],"product_tag":[],"class_list":{"0":"post-18570","1":"product","2":"type-product","3":"status-publish","4":"has-post-thumbnail","6":"product_cat-koerad","7":"product_cat-koeratoit","8":"pa_brand-wildfull","9":"pa_ean-3292","10":"pa_kaal-2-000","11":"pa_tootjariik-serbia","13":"first","14":"instock","15":"sale","16":"taxable","17":"shipping-taxable","18":"purchasable","19":"product-type-simple"},"_links":{"self":[{"href":"https:\/\/kasskoer.ee\/en\/wp-json\/wp\/v2\/product\/18570","targetHints":{"allow":["GET"]}}],"collection":[{"href":"https:\/\/kasskoer.ee\/en\/wp-json\/wp\/v2\/product"}],"about":[{"href":"https:\/\/kasskoer.ee\/en\/wp-json\/wp\/v2\/types\/product"}],"wp:featuredmedia":[{"embeddable":true,"href":"https:\/\/kasskoer.ee\/en\/wp-json\/wp\/v2\/media\/18571"}],"wp:attachment":[{"href":"https:\/\/kasskoer.ee\/en\/wp-json\/wp\/v2\/media?parent=18570"}],"wp:term":[{"taxonomy":"product_cat","embeddable":true,"href":"https:\/\/kasskoer.ee\/en\/wp-json\/wp\/v2\/product_cat?post=18570"},{"taxonomy":"product_tag","embeddable":true,"href":"https:\/\/kasskoer.ee\/en\/wp-json\/wp\/v2\/product_tag?post=18570"}],"curies":[{"name":"wp","href":"https:\/\/api.w.org\/{rel}","templated":true}]}}