{"id":18574,"date":"2026-04-20T03:05:17","date_gmt":"2026-04-20T00:05:17","guid":{"rendered":"https:\/\/kasskoer.ee\/product\/kudo-turkey-duck-mini-kulmpressitud-koeratoit-3kg\/"},"modified":"2026-04-20T03:05:18","modified_gmt":"2026-04-20T00:05:18","slug":"kudo-turkey-duck-mini-kulmpressitud-koeratoit-3kg","status":"publish","type":"product","link":"https:\/\/kasskoer.ee\/en\/toode\/kudo-turkey-duck-mini-kulmpressitud-koeratoit-3kg\/","title":{"rendered":"Kudo Turkey &#038; Duck Mini k\u00fclmpressitud koeratoit 3kg"},"content":{"rendered":"<p><b>Kudo Turkey &#038; Duck k\u00fclmpressitud t\u00e4iss\u00f6\u00f6t v\u00e4ikest t\u00f5ugu t\u00e4iskasvanud koertele.<\/b>&#13;<\/p>\n<li>Looduslikule toitumisele k\u00f5ige l\u00e4hedasem kuivtoit.<\/li>\n<p>&#13;<\/p>\n<li>K\u00f5rge kiudainesisaldus tagab parema seedimise, samas kui k\u00fclmpressimise tehnoloogia s\u00e4ilitab k\u00f5ik toitained ning toob esile maitsed, mida koerad armastavad.<\/li>\n<p>&#13;<\/p>\n<li>K\u00fclmpressitud graanulid ei paisu vaid lahustuvad k\u00f5hus kiiresti.<\/li>\n<p>&#13;<\/p>\n<li>Kergem seedimine = parem imendumine = tugevam immuunsus = tervem lemmik.<\/li>\n<p>&#13;<\/p>\n<li>Valgu ja rasva tasakaal aitab s\u00e4ilitada optimaalset kehakaalu.<\/li>\n<p>&#13;<\/p>\n<li>Looduslik antioks\u00fcdantide allikas puuviljadest, k\u00f6\u00f6giviljadest ja \u00fcrtidest.<\/li>\n<p>&#13;<\/p>\n<li>Ei sisalda v\u00e4rvaineid ja GMO-sid.<\/li>\n<p>&#13;<br \/>\n<br \/>&#13;<br \/>\n<b>Koostis<\/b><br \/>&#13;<br \/>\nDeh\u00fcdreeritud kalkun ja part (32%), kuivatatud bataat, kuivatatud kartul, kalkunirasv (14%), kaerahelbed (8%), kanamaks (5%), kuivatatud k\u00f5rvits (2%), deh\u00fcdreeritud kanamaks (2%), maisihelbed, kuivatatud porgand (1,2%), linaseemned, siguriekstrakt, kuivatatud \u00fcrdid, beetagl\u00fckaanid, vitamiinide ja mineraalide segu.<br \/>&#13;<br \/>\n<br \/>&#13;<br \/>\n<b>Anal\u00fc\u00fctilised koostisosad<\/b><br \/>&#13;<br \/>\nToorvalk 25%, toorrasv 14%, toorkiud 3,4%, toortuhk 5,4%, niiskus (maksimum) 10%, kaltsium 1,1%, fosfor 0,85%, naatrium 0,15%.<br \/>&#13;<br \/>\n<br \/>&#13;<br \/>\n<b>S\u00f6\u00f6dalisandid (kg kohta)<\/b><br \/>&#13;<br \/>\nToitainelised lisandid: vitamiin A (3a672a) 16988 R\u00dc, D3 (3a671) 1698 R\u00dc, E (3a700) 170 mg, B1 (3a821) 4,98 mg, B2 (3a825i) 8,83 mg, B6 (3a831) 6,78 mg, B12 (3a835) 0,07 mg, C (3a300) 118 mg, niatsiin (3a314) 42,25 mg, kaltsium-d-pantotenaat (3a841) 17,47 mg, foolhape (3a316) 0,68 mg, biotiin (3a880) 0,42 mg, jood (3b203) 4,07 mg, seleen (3b802) 0,37 mg, raud (3b103) 99 mg, vask (3b405) 11,88 mg, tsink (3b603) 125,7 mg, mangaan (3b502) 11,88 mg, koliini kloriid (3a890) 1835 mg. Tehnoloogilised lisandid: taime\u00f5list saadud tokoferooli ekstraktid (1b306).<br \/>&#13;<br \/>\n<br \/>&#13;<br \/>\n<b>Metaboliseeruv energia<\/b><br \/>&#13;<br \/>\n3840 kcal\/kg<\/p>\n","protected":false},"excerpt":{"rendered":"<p>K\u00fclmpressitud t\u00e4isv\u00e4\u00e4rtuslik kuivtoit v\u00e4ikest t\u00f5ugu t\u00e4iskasvanud koertele.<\/p>\n","protected":false},"featured_media":18575,"template":"","meta":[],"product_cat":[688,64],"product_tag":[],"class_list":{"0":"post-18574","1":"product","2":"type-product","3":"status-publish","4":"has-post-thumbnail","6":"product_cat-koerad","7":"product_cat-koeratoit","8":"pa_brand-kudo","9":"pa_ean-3294","10":"pa_kaal-3-000","11":"pa_tootjariik-serbia","13":"first","14":"instock","15":"taxable","16":"shipping-taxable","17":"purchasable","18":"product-type-simple"},"_links":{"self":[{"href":"https:\/\/kasskoer.ee\/en\/wp-json\/wp\/v2\/product\/18574","targetHints":{"allow":["GET"]}}],"collection":[{"href":"https:\/\/kasskoer.ee\/en\/wp-json\/wp\/v2\/product"}],"about":[{"href":"https:\/\/kasskoer.ee\/en\/wp-json\/wp\/v2\/types\/product"}],"wp:featuredmedia":[{"embeddable":true,"href":"https:\/\/kasskoer.ee\/en\/wp-json\/wp\/v2\/media\/18575"}],"wp:attachment":[{"href":"https:\/\/kasskoer.ee\/en\/wp-json\/wp\/v2\/media?parent=18574"}],"wp:term":[{"taxonomy":"product_cat","embeddable":true,"href":"https:\/\/kasskoer.ee\/en\/wp-json\/wp\/v2\/product_cat?post=18574"},{"taxonomy":"product_tag","embeddable":true,"href":"https:\/\/kasskoer.ee\/en\/wp-json\/wp\/v2\/product_tag?post=18574"}],"curies":[{"name":"wp","href":"https:\/\/api.w.org\/{rel}","templated":true}]}}