{"id":18595,"date":"2026-04-20T03:05:14","date_gmt":"2026-04-20T00:05:14","guid":{"rendered":"https:\/\/kasskoer.ee\/product\/canvit-multi-vitamiinid-kassidele-100g\/"},"modified":"2026-04-20T03:05:17","modified_gmt":"2026-04-20T00:05:17","slug":"canvit-multi-vitamiinid-kassidele-100g","status":"publish","type":"product","link":"https:\/\/kasskoer.ee\/en\/toode\/canvit-multi-vitamiinid-kassidele-100g\/","title":{"rendered":"Canvit Multi vitamiinid kassidele 100g"},"content":{"rendered":"<p><b>Canvit Multi on 13 vitamiini ja tauriini kompleks kassidele, mis toetab aktiivselt tervist, ainevahetust, immuunsust ja stressitaluvust.<\/b>&#13;<\/p>\n<li>Vitamiinid m\u00e4ngivad olulist rolli k\u00f5igis keha ainevahetusprotsessides.<\/li>\n<p>&#13;<\/p>\n<li>Tauriin on oluline s\u00fcdame, veresoonkonna ja silmade normaalseks arenguks ja toimimiseks.<\/li>\n<p>&#13;<\/p>\n<li>Toetab kassipoegade ja noorte kasside normaalset kasvu.<\/li>\n<p>&#13;<\/p>\n<li>Toetab tiineid ja imetavaid kasse.<\/li>\n<p>&#13;<\/p>\n<li>Tugevdab immuunsust haiguse ja taastumise ajal.<\/li>\n<p>&#13;<\/p>\n<li>Aitab suurendada stressitaluvust ja tulla toime pingeliste olukordadega.<\/li>\n<p>&#13;<br \/>\n<br \/>&#13;<br \/>\n<b>Koostis<\/b><br \/>&#13;<br \/>\nKaltsiumkarbonaat, laktoos, h\u00fcdrol\u00fc\u00fcsitud maks, tselluloos, p\u00e4rmid.<br \/>&#13;<br \/>\n<br \/>&#13;<br \/>\n<b>Anal\u00fc\u00fctilised koostisosad<\/b><br \/>&#13;<br \/>\nToorvalk 4,0%, toorrasv 2,6%, toorkiud 0,5%, toortuhk 33,0%, niiskus 8,0%, kaltsium 13,0%, fosfor 0,02%, naatrium 0,02%.<br \/>&#13;<br \/>\n<br \/>&#13;<br \/>\n<b>S\u00f6\u00f6dalisandid (kg kohta)<\/b><br \/>&#13;<br \/>\nToitainelised lisandid: E-vitamiin (3a700) 6000 mg, biotiin (3a880) 250 mg, tauriin (3a370) 10 000 mg, B12-vitamiin 5 mg, K3-vitamiin (3a711) 100 mg, C-vitamiin (3a312) 3000 mg, niatsiinamiid (3a315) 1000 mg, kaltsium-D-pantotenaat (3a841) 1000 mg, A-vitamiin (3a672a) 1 000 000 R\u00dc, D3-vitamiin (3a671) 10 000 R\u00dc, B2-vitamiin (3a825i) 300 mg, B6-vitamiin (3a831) 200 mg, B1-vitamiin (3a821) 300 mg, foolhape (3a316) 25 mg. Tehnoloogilised lisandid: kaltsiumstearaat 25g.<br \/>&#13;<br \/>\n<br \/>&#13;<br \/>\n<b>Kasutusjuhend<\/b><br \/>&#13;<br \/>\n1 tablett iga 2 kg kassi kehakaalu kohta. Anna tablette otse k\u00e4est v\u00f5i purustatult toidu sees.<\/p>\n","protected":false},"excerpt":{"rendered":"<p>Tervist toetav kompleks kassidele.<\/p>\n","protected":false},"featured_media":18596,"template":"","meta":[],"product_cat":[1330],"product_tag":[],"class_list":{"0":"post-18595","1":"product","2":"type-product","3":"status-publish","4":"has-post-thumbnail","6":"product_cat-kasside-toidulisandid","7":"pa_brand-canvit","8":"pa_ean-3305","9":"pa_kaal-0-100","10":"pa_tootjariik-tsehhi","12":"first","13":"outofstock","14":"taxable","15":"shipping-taxable","16":"purchasable","17":"product-type-simple"},"_links":{"self":[{"href":"https:\/\/kasskoer.ee\/en\/wp-json\/wp\/v2\/product\/18595","targetHints":{"allow":["GET"]}}],"collection":[{"href":"https:\/\/kasskoer.ee\/en\/wp-json\/wp\/v2\/product"}],"about":[{"href":"https:\/\/kasskoer.ee\/en\/wp-json\/wp\/v2\/types\/product"}],"wp:featuredmedia":[{"embeddable":true,"href":"https:\/\/kasskoer.ee\/en\/wp-json\/wp\/v2\/media\/18596"}],"wp:attachment":[{"href":"https:\/\/kasskoer.ee\/en\/wp-json\/wp\/v2\/media?parent=18595"}],"wp:term":[{"taxonomy":"product_cat","embeddable":true,"href":"https:\/\/kasskoer.ee\/en\/wp-json\/wp\/v2\/product_cat?post=18595"},{"taxonomy":"product_tag","embeddable":true,"href":"https:\/\/kasskoer.ee\/en\/wp-json\/wp\/v2\/product_tag?post=18595"}],"curies":[{"name":"wp","href":"https:\/\/api.w.org\/{rel}","templated":true}]}}